{"id":20899,"date":"2023-07-03T23:09:50","date_gmt":"2023-07-03T21:09:50","guid":{"rendered":"https:\/\/www.parexstudy.it\/?page_id=20899"},"modified":"2023-11-09T16:48:08","modified_gmt":"2023-11-09T15:48:08","slug":"%d0%bf%d0%be%d0%bb%d0%b8%d1%82%d0%b8%d0%ba%d0%b0-%d0%ba%d0%be%d0%bd%d1%84%d0%b8%d0%b4%d0%b5%d0%bd%d1%86%d0%b8%d0%b0%d0%bb%d1%8c%d0%bd%d0%be%d1%81%d1%82%d0%b8","status":"publish","type":"page","link":"https:\/\/www.parexstudy.it\/ru\/%d0%bf%d0%be%d0%bb%d0%b8%d1%82%d0%b8%d0%ba%d0%b0-%d0%ba%d0%be%d0%bd%d1%84%d0%b8%d0%b4%d0%b5%d0%bd%d1%86%d0%b8%d0%b0%d0%bb%d1%8c%d0%bd%d0%be%d1%81%d1%82%d0%b8\/","title":{"rendered":"\u041f\u043e\u043b\u0438\u0442\u0438\u043a\u0430 \u043a\u043e\u043d\u0444\u0438\u0434\u0435\u043d\u0446\u0438\u0430\u043b\u044c\u043d\u043e\u0441\u0442\u0438"},"content":{"rendered":"<p>[et_pb_section fb_built=&#8221;1&#8243; admin_label=&#8221;Features&#8221; _builder_version=&#8221;4.20.0&#8243; _module_preset=&#8221;default&#8221; background_color=&#8221;#FFFFFF&#8221; custom_margin=&#8221;50px||50px||false|false&#8221; locked=&#8221;off&#8221; collapsed=&#8221;on&#8221; global_colors_info=&#8221;{}&#8221;][et_pb_row _builder_version=&#8221;4.18.0&#8243; _module_preset=&#8221;default&#8221; global_colors_info=&#8221;{}&#8221;][et_pb_column type=&#8221;4_4&#8243; _builder_version=&#8221;4.18.0&#8243; _module_preset=&#8221;default&#8221; custom_padding_tablet=&#8221;||30px||false|false&#8221; custom_padding_phone=&#8221;||30px||false|false&#8221; custom_padding_last_edited=&#8221;on|tablet&#8221; global_colors_info=&#8221;{}&#8221;][et_pb_text _builder_version=&#8221;4.23.1&#8243; _module_preset=&#8221;e6504a1b-67eb-4b3d-b023-bcab277610b6&#8243; header_4_font=&#8221;Nunito Sans|900||on|||||&#8221; header_4_text_color=&#8221;gcid-6d7bd22a-fb70-4813-a84e-455e41a87331&#8243; header_4_font_size=&#8221;14px&#8221; header_4_letter_spacing=&#8221;0.1em&#8221; header_4_line_height=&#8221;1.2em&#8221; custom_margin=&#8221;||0px||false|false&#8221; hover_enabled=&#8221;0&#8243; global_colors_info=&#8221;{%22gcid-6d7bd22a-fb70-4813-a84e-455e41a87331%22:%91%22header_4_text_color%22%93}&#8221; sticky_enabled=&#8221;0&#8243;]<\/p>\n<h4>Parexstudy<\/h4>\n<p>[\/et_pb_text][et_pb_text _builder_version=&#8221;4.21.0&#8243; _module_preset=&#8221;b327cbe4-b1d5-4b66-ad37-40c8f2f061ba&#8221; header_2_font=&#8221;Nunito Sans|900|||||||&#8221; header_2_font_size=&#8221;48px&#8221; header_2_line_height=&#8221;1.2em&#8221; header_2_font_size_tablet=&#8221;32px&#8221; header_2_font_size_phone=&#8221;20px&#8221; header_2_font_size_last_edited=&#8221;on|desktop&#8221; global_colors_info=&#8221;{}&#8221;]<\/p>\n<h2>\u041f\u043e\u043b\u0438\u0442\u0438\u043a\u0430 \u043a\u043e\u043d\u0444\u0438\u0434\u0435\u043d\u0446\u0438\u0430\u043b\u044c\u043d\u043e\u0441\u0442\u0438<\/h2>\n<p>[\/et_pb_text][et_pb_divider divider_weight=&#8221;4px&#8221; _builder_version=&#8221;4.20.0&#8243; _module_preset=&#8221;default&#8221; width=&#8221;100px&#8221; locked=&#8221;off&#8221; global_colors_info=&#8221;{}&#8221;][\/et_pb_divider][et_pb_text _builder_version=&#8221;4.23.1&#8243; _module_preset=&#8221;1f09816e-184e-4ce5-a4cf-b39c52c423ca&#8221; text_font=&#8221;PT Sans||||||||&#8221; text_font_size=&#8221;16px&#8221; text_line_height=&#8221;1.4em&#8221; header_3_font=&#8221;Nunito Sans|900|||||||&#8221; header_3_text_color=&#8221;#62baea&#8221; custom_margin=&#8221;|||60px|false|false&#8221; custom_margin_tablet=&#8221;|||0px|false|false&#8221; custom_margin_phone=&#8221;|||0px|false|false&#8221; custom_margin_last_edited=&#8221;on|tablet&#8221; hover_enabled=&#8221;0&#8243; text_font_size_tablet=&#8221;15px&#8221; text_font_size_phone=&#8221;14px&#8221; text_font_size_last_edited=&#8221;on|phone&#8221; header_font_size_tablet=&#8221;55px&#8221; header_font_size_last_edited=&#8221;off|desktop&#8221; global_colors_info=&#8221;{}&#8221; sticky_enabled=&#8221;0&#8243;]<\/p>\n<p><strong style=\"font-size: 16px;\">La presente informativa \u00e8 resa, nel rispetto degli artt. 13 e 14 del Regolamento UE 679\/2016<\/strong><span style=\"font-size: 16px;\">\u00a0<\/span><span style=\"font-size: 16px;\">(di seguito \"Regolamento\"), agli utilizzatori (di seguito: \"Utenti\" oppure \"Utente\") del sito in versione desktop e mobile e applicazioni<\/span><span style=\"font-size: 16px;\"> <a href=\"http:\/\/www.parexstudy.it\/ru\/\">www.parexstudy.it<\/a> <\/span><span style=\"font-size: 16px;\">, (\u0434\u0430\u043b\u0435\u0435: \"Sito e App\"), \u043f\u0440\u0438\u043d\u0430\u0434\u043b\u0435\u0436\u0430\u0449\u0435\u0433\u043e \u043a\u043e\u043c\u043f\u0430\u043d\u0438\u0438 Parex s.r.l., Titolare del Trattamento dei dati personali (\u0434\u0430\u043b\u0435\u0435: \"Titolare\") ed ha lo scopo di descrivere le modalit\u00e0 di gestione di Sito e App con riferimento al trattamento dei dati personali, nonch\u00e9 di consentire agli Utenti di Sito e App di conoscere le finalit\u00e0 e le modalit\u00e0 di trattamento dei dati personali da parte del Titolare in caso di loro conferimento.<\/span><\/p>\n<p>\u0412 \u0441\u043e\u043e\u0442\u0432\u0435\u0442\u0441\u0442\u0432\u0438\u0438 \u0441 \u043a\u043e\u043d\u043a\u0440\u0435\u0442\u043d\u044b\u043c\u0438 \u043e\u0431\u0449\u0438\u043c\u0438 \u0443\u0441\u043b\u043e\u0432\u0438\u044f\u043c\u0438 \u0434\u043e\u0433\u043e\u0432\u043e\u0440\u0430 \u0443\u0441\u043b\u0443\u0433\u0438, \u043f\u0440\u0435\u0434\u043b\u0430\u0433\u0430\u0435\u043c\u044b\u0435 \u0422\u0438\u0442\u043e\u043b\u0430\u0440\u0435, \u043c\u043e\u0433\u0443\u0442 \u0431\u044b\u0442\u044c \u043e\u043a\u0430\u0437\u0430\u043d\u044b \u043b\u0438\u0446\u0430\u043c \u0441\u0442\u0430\u0440\u0448\u0435 18 \u043b\u0435\u0442. \u0415\u0441\u043b\u0438 \u0422\u0438\u0442\u043e\u043b\u0435\u0440 \u0431\u0443\u0434\u0435\u0442 \u0438\u043c\u0435\u0442\u044c \u043f\u0440\u0430\u0432\u043e \u043d\u0430 \u043f\u0435\u0440\u0435\u0434\u0430\u0447\u0443 \u0434\u0430\u043d\u043d\u044b\u0445 \u043d\u0435\u0441\u043e\u0432\u0435\u0440\u0448\u0435\u043d\u043d\u043e\u043b\u0435\u0442\u043d\u0438\u0445 18-\u043b\u0435\u0442\u043d\u0435\u0433\u043e \u0432\u043e\u0437\u0440\u0430\u0441\u0442\u0430 \u0431\u0435\u0437 \u0434\u0435\u0439\u0441\u0442\u0432\u0438\u0442\u0435\u043b\u044c\u043d\u043e\u0433\u043e \u0441\u043e\u0433\u043b\u0430\u0441\u0438\u044f \u0438\u0445 \u0440\u043e\u0434\u0438\u0442\u0435\u043b\u0435\u0439 \u0438\u043b\u0438 \u0437\u0430\u043a\u043e\u043d\u043d\u043e\u0433\u043e \u043e\u043f\u0435\u043a\u0443\u043d\u0430, \u043e\u043d \u0438\u043c\u0435\u0435\u0442 \u043f\u0440\u0430\u0432\u043e \u0432 \u043e\u0434\u043d\u043e\u0441\u0442\u043e\u0440\u043e\u043d\u043d\u0435\u043c \u043f\u043e\u0440\u044f\u0434\u043a\u0435 \u043f\u0440\u0435\u0440\u0432\u0430\u0442\u044c \u0432\u044b\u043f\u043e\u043b\u043d\u0435\u043d\u0438\u0435 \u043f\u0440\u0435\u0434\u043b\u0430\u0433\u0430\u0435\u043c\u044b\u0445 \u0443\u0441\u043b\u0443\u0433, \u0430 \u0442\u0430\u043a\u0436\u0435 \u0430\u043d\u043d\u0443\u043b\u0438\u0440\u043e\u0432\u0430\u0442\u044c \u043f\u0440\u0438\u043e\u0431\u0440\u0435\u0442\u0435\u043d\u043d\u044b\u0435 \u0434\u0430\u043d\u043d\u044b\u0435.<\/p>\n<div>\n<article id=\"m_-133345591103999340node-77\">\u0422\u0435\u0440\u043c\u0438\u043d\u044b, \u043a\u043e\u0442\u043e\u0440\u044b\u0435 \u043d\u0435 \u0431\u044b\u043b\u0438 \u043e\u043f\u0440\u0435\u0434\u0435\u043b\u0435\u043d\u044b \u0432 \u043d\u0430\u0441\u0442\u043e\u044f\u0449\u0435\u0439 \u0418\u043d\u0444\u043e\u0440\u043c\u0430\u0446\u0438\u0438 \u043e \u0437\u0430\u0449\u0438\u0442\u0435 \u043f\u0435\u0440\u0441\u043e\u043d\u0430\u043b\u044c\u043d\u044b\u0445 \u0434\u0430\u043d\u043d\u044b\u0445, \u0438\u043c\u0435\u044e\u0442 \u0442\u043e \u0436\u0435 \u0437\u043d\u0430\u0447\u0435\u043d\u0438\u0435, \u0447\u0442\u043e \u0438 \u0442\u0435, \u0447\u0442\u043e \u043e\u043f\u0438\u0441\u0430\u043d\u044b \u0432 \u0440\u0430\u0437\u0434\u0435\u043b\u0435<span> \u043e\u0431\u0449\u0438\u0435 \u0443\u0441\u043b\u043e\u0432\u0438\u044f \u0437\u0430\u043a\u043b\u044e\u0447\u0435\u043d\u0438\u044f \u0434\u043e\u0433\u043e\u0432\u043e\u0440\u0430.<\/span><\/p>\n<p>&nbsp;<\/p>\n<p>&nbsp;<\/p>\n<p>&nbsp;<\/p>\n<p>&nbsp;<\/p>\n<p>&nbsp;<\/p>\n<p>\u041c\u043e\u0438 \u0434\u0430\u043d\u043d\u044b\u0435 \u043e\u0431\u0440\u0430\u0431\u0430\u0442\u044b\u0432\u0430\u044e\u0442\u0441\u044f \u0441 \u043f\u043e\u043c\u043e\u0449\u044c\u044e \u0438\u043d\u0444\u043e\u0440\u043c\u0430\u0446\u0438\u043e\u043d\u043d\u044b\u0445 \u0441\u0440\u0435\u0434\u0441\u0442\u0432 \u0432 \u0446\u0435\u043b\u044f\u0445, \u0443\u043a\u0430\u0437\u0430\u043d\u043d\u044b\u0445 \u043d\u0438\u0436\u0435, \u0438 \u0432 \u043a\u043e\u043d\u0435\u0447\u043d\u043e\u043c \u0438\u0442\u043e\u0433\u0435 \u043c\u043e\u0433\u0443\u0442 \u0431\u044b\u0442\u044c \u043e\u0431\u0440\u0430\u0431\u043e\u0442\u0430\u043d\u044b \u0434\u043b\u044f \u043f\u043e\u043b\u0443\u0447\u0435\u043d\u0438\u044f \u0441\u043e\u0433\u043b\u0430\u0441\u0438\u044f \u043d\u0430 \u043f\u0440\u0435\u0434\u043e\u0441\u0442\u0430\u0432\u043b\u0435\u043d\u0438\u0435 \u043e\u0442\u0437\u044b\u0432\u043e\u0432 \u043e \u043a\u0430\u0447\u0435\u0441\u0442\u0432\u0435 \u043f\u0440\u0435\u0434\u043b\u0430\u0433\u0430\u0435\u043c\u044b\u0445 \u0443\u0441\u043b\u0443\u0433 \u0438\u043b\u0438 \u043e \u0441\u0432\u043e\u0435\u0439 \u043d\u0430\u0432\u0438\u0433\u0430\u0446\u0438\u0438 \u043f\u043e \u0441\u0430\u0439\u0442\u0443. \u0414\u0430\u043d\u043d\u044b\u0435, \u0443\u043a\u0430\u0437\u0430\u043d\u043d\u044b\u0435 \u0432 \u0444\u043e\u0440\u043c\u0435, \u044f\u0432\u043b\u044f\u044e\u0442\u0441\u044f \u043d\u0435\u043e\u0431\u0445\u043e\u0434\u0438\u043c\u044b\u043c\u0438. \u041f\u0440\u0438 \u0437\u0430\u043f\u043e\u043b\u043d\u0435\u043d\u0438\u0438 \u0444\u043e\u0440\u043c\u044b \u0440\u0435\u0433\u0438\u0441\u0442\u0440\u0430\u0446\u0438\u0438 \u043d\u0435\u043e\u0431\u0445\u043e\u0434\u0438\u043c\u043e \u043f\u0440\u0435\u0434\u043e\u0441\u0442\u0430\u0432\u0438\u0442\u044c \u0434\u0432\u0430 \u0441\u043e\u0433\u043b\u0430\u0441\u0438\u044f (ai sensi degli<span>\u00a0<\/span><strong>artt. 13 e 14 del Regolamento UE 679\/2016<\/strong>), \u044d\u0442\u0438 \u0441\u043e\u0433\u043b\u0430\u0441\u0438\u044f \u043c\u043e\u0436\u043d\u043e \u0441\u0447\u0438\u0442\u0430\u0442\u044c \u0444\u0430\u043a\u0442\u0438\u0447\u0435\u0441\u043a\u0438\u043c\u0438, \u043d\u043e \u043e\u043d\u0438 \u044f\u0432\u043b\u044f\u044e\u0442\u0441\u044f \u0441\u0443\u0449\u0435\u0441\u0442\u0432\u0435\u043d\u043d\u044b\u043c \u0443\u0441\u043b\u043e\u0432\u0438\u0435\u043c, \u043f\u0440\u0438 \u043a\u043e\u0442\u043e\u0440\u043e\u043c Parex srl. \u0438\u043b\u0438 \u0432\u043e\u0437\u043c\u043e\u0436\u043d\u044b\u0435 \u043e\u0431\u0449\u0435\u0441\u0442\u0432\u0430-\u043f\u0430\u0440\u0442\u043d\u0435\u0440\u044b \u043c\u043e\u0433\u0443\u0442 \u043f\u0440\u0435\u0434\u043e\u0441\u0442\u0430\u0432\u043b\u044f\u0442\u044c, \u0432 \u0442\u043e\u043c \u0447\u0438\u0441\u043b\u0435 \u043f\u043e\u0441\u0440\u0435\u0434\u0441\u0442\u0432\u043e\u043c \u044d\u043b\u0435\u043a\u0442\u0440\u043e\u043d\u043d\u043e\u0439 \u043f\u043e\u0447\u0442\u044b, \u043a\u043e\u043c\u043c\u0435\u0440\u0447\u0435\u0441\u043a\u0438\u0435 \u0440\u0430\u0441\u0441\u044b\u043b\u043a\u0438 \u0438\/\u0438\u043b\u0438 \u043a\u043e\u043c\u043c\u0435\u0440\u0447\u0435\u0441\u043a\u0438\u0435 \u043f\u0440\u0435\u0434\u043b\u043e\u0436\u0435\u043d\u0438\u044f. \u041f\u0440\u0438 \u043f\u043e\u043b\u0443\u0447\u0435\u043d\u0438\u0438 \u0440\u0438\u0441\u043e\u0432\u043a\u0438 \u0441\u0432\u043e\u0431\u043e\u0434\u043d\u043e \u043f\u0440\u043e\u043b\u0438\u0441\u0442\u0430\u0439\u0442\u0435 \u0435\u0435; \u043f\u0440\u0438 \u044d\u0442\u043e\u043c \u043d\u0435\u043e\u0431\u0445\u043e\u0434\u0438\u043c\u043e \u043f\u0440\u0438\u0441\u0443\u0442\u0441\u0442\u0432\u043e\u0432\u0430\u0442\u044c \u043f\u0440\u0438 \u0442\u043e\u043c, \u0447\u0442\u043e \u0432 \u043b\u044e\u0431\u043e\u0439 \u043c\u043e\u043c\u0435\u043d\u0442 \u0432\u044b \u043c\u043e\u0436\u0435\u0442\u0435 \u043f\u0440\u0435\u0440\u0432\u0430\u0442\u044c \u0440\u0438\u0441\u043e\u0432\u043a\u0443, \u043d\u0430\u0436\u0430\u0432 \u043d\u0430 \u043f\u0440\u0438\u043b\u043e\u0436\u0435\u043d\u0438\u0435, \u0443\u043a\u0430\u0437\u044b\u0432\u0430\u044e\u0449\u0435\u0435 \u043d\u0430 \u0432\u043e\u0437\u043c\u043e\u0436\u043d\u043e\u0441\u0442\u044c \u043f\u043e\u043b\u0443\u0447\u0435\u043d\u0438\u044f \u0440\u0438\u0441\u043e\u0432\u043a\u0438 \u043f\u0440\u0438 \u043a\u0430\u0436\u0434\u043e\u043c \u043e\u0431\u0440\u0430\u0449\u0435\u043d\u0438\u0438.<\/p>\n<p>\u0410 \u0442\u0430\u043a\u0436\u0435 \u0432 \u0441\u043b\u0443\u0447\u0430\u0435, \u0435\u0441\u043b\u0438 \u0432\u044b \u043d\u0435 \u0441\u043e\u0433\u043b\u0430\u0441\u043d\u044b \u0441 \u0441\u0443\u043e \u044d\u0441\u043f\u0440\u0435\u0441\u0441\u043e, \u0432 \u0441\u043c\u044b\u0441\u043b\u0435 \u0441 \u0430\u0440\u0442\u0438\u043a\u0443\u043b\u043e\u043c<span>\u00a0<\/span><strong>art. 13 e 14 del Regolamento UE 679\/2016<\/strong><span>\u00a0<\/span>i suoi Dati saranno comunicati all'Agenzia per fornirle un pronto riscontro. \u041a\u0440\u043e\u043c\u0435 \u0442\u043e\u0433\u043e, \u043a\u0430\u043a \u0443\u0436\u0435 \u0431\u044b\u043b\u043e \u0441\u043a\u0430\u0437\u0430\u043d\u043e \u0432\u044b\u0448\u0435, i suoi Dati \u043f\u0435\u0440\u0435\u0434\u0430\u044e\u0442\u0441\u044f \u043f\u0430\u0440\u0442\u043d\u0435\u0440\u0430\u043c \u0422\u0438\u0442\u043e\u043b\u0430\u0440\u0430 \u043f\u0440\u0438 \u0443\u0441\u043b\u043e\u0432\u0438\u0438, \u0447\u0442\u043e \u043e\u043d\u0438 \u0441\u043e\u0433\u043b\u0430\u0441\u0438\u043b\u0438\u0441\u044c \u043d\u0430 \u0442\u0430\u043a\u0443\u044e \u043f\u0435\u0440\u0435\u0434\u0430\u0447\u0443 \u0434\u0430\u043d\u043d\u044b\u0445. \u041d\u0438 \u0432 \u043a\u043e\u0435\u043c \u0441\u043b\u0443\u0447\u0430\u0435 \u043d\u0435 \u0440\u0430\u0441\u043f\u0440\u043e\u0441\u0442\u0440\u0430\u043d\u044f\u0439\u0442\u0435 \u0441\u0432\u043e\u0438 \u0434\u0430\u043d\u043d\u044b\u0435. In relazione al trattamento dei predetti Dati ai sensi dell'<span>\u00a0<\/span><strong>art. 13 e 14 del Regolamento UE 679\/2016<\/strong>, Lei \u0438\u043c\u0435\u0435\u0442 \u043f\u0440\u0430\u0432\u043e \u043e\u0442\u0431\u0438\u0440\u0430\u0442\u044c, senza ritardo a cura del titolare del trattamento o del Responsabile:<\/p>\n<p>1. \u043f\u043e\u0434\u0442\u0432\u0435\u0440\u0436\u0434\u0435\u043d\u0438\u0435 \u0441\u0443\u0449\u0435\u0441\u0442\u0432\u043e\u0432\u0430\u043d\u0438\u044f \u043f\u0435\u0440\u0441\u043e\u043d\u0430\u043b\u044c\u043d\u044b\u0445 \u0434\u0430\u043d\u043d\u044b\u0445, \u043a\u043e\u0442\u043e\u0440\u044b\u0435 \u043e\u0442\u043d\u043e\u0441\u044f\u0442\u0441\u044f \u043a \u0434\u0435\u043b\u0443, \u0438 \u0441\u043e\u043e\u0431\u0449\u0435\u043d\u0438\u0435 \u0432 \u043f\u043e\u043d\u044f\u0442\u043d\u043e\u0439 \u0444\u043e\u0440\u043c\u0435 \u043e \u0441\u0440\u0435\u0434\u043d\u0438\u0445 \u0434\u0430\u043d\u043d\u044b\u0445 \u0438 \u0438\u0445 \u043f\u0440\u043e\u0438\u0441\u0445\u043e\u0436\u0434\u0435\u043d\u0438\u0438, \u0430 \u0442\u0430\u043a\u0436\u0435 \u043e \u043b\u043e\u0433\u0438\u043a\u0435, \u043d\u0430 \u043a\u043e\u0442\u043e\u0440\u043e\u0439 \u043e\u0441\u043d\u043e\u0432\u044b\u0432\u0430\u0435\u0442\u0441\u044f \u0442\u0440\u0430\u0442\u0442\u0430\u043c\u0435\u043d\u0442;<br \/>2. \u043e\u0442\u043c\u0435\u043d\u0430, \u043f\u0435\u0440\u0435\u0434\u0430\u0447\u0430 \u0432 \u0444\u043e\u0440\u043c\u0435 \u0430\u043d\u043e\u043d\u0438\u043c\u0430 \u0438\u043b\u0438 \u0431\u043b\u043e\u043a\u0447\u0435\u0439\u043d \u0434\u0430\u043d\u043d\u044b\u0445, \u043f\u0435\u0440\u0435\u0434\u0430\u043d\u043d\u044b\u0445 \u0432 \u043d\u0430\u0440\u0443\u0448\u0435\u043d\u0438\u0435 \u0437\u0430\u043a\u043e\u043d\u0430, \u0432\u043a\u043b\u044e\u0447\u0430\u044f \u0442\u0435, \u0434\u043b\u044f \u043a\u043e\u0442\u043e\u0440\u044b\u0445 \u043d\u0435 \u0442\u0440\u0435\u0431\u0443\u0435\u0442\u0441\u044f \u0441\u043e\u0445\u0440\u0430\u043d\u0435\u043d\u0438\u0435 \u0432 \u0441\u0432\u044f\u0437\u0438 \u0441 \u0446\u0435\u043b\u044f\u043c\u0438, \u0434\u043b\u044f \u043a\u043e\u0442\u043e\u0440\u044b\u0445 \u0434\u0430\u043d\u043d\u044b\u0435 \u0431\u044b\u043b\u0438 \u0441\u043e\u0431\u0440\u0430\u043d\u044b \u0438\u043b\u0438 \u043f\u0435\u0440\u0435\u0434\u0430\u043d\u044b \u0432\u043f\u043e\u0441\u043b\u0435\u0434\u0441\u0442\u0432\u0438\u0438;<br \/>3. \u043e\u0431\u043d\u043e\u0432\u043b\u0435\u043d\u0438\u0435, \u0440\u0435\u0442\u0438\u0444\u0438\u043a\u0430\u0446\u0438\u044f, \u0430 \u0442\u0430\u043a\u0436\u0435, \u043f\u0440\u0438 \u043d\u0430\u043b\u0438\u0447\u0438\u0438 \u0438\u043d\u0442\u0435\u0440\u0435\u0441\u0430 \u0441\u043e \u0441\u0442\u043e\u0440\u043e\u043d\u044b Vi, \u0438\u043d\u0442\u0435\u0433\u0440\u0430\u0446\u0438\u044f \u0434\u0430\u043d\u043d\u044b\u0445.<\/p>\n<p>\u0417\u0430\u0438\u043d\u0442\u0435\u0440\u0435\u0441\u043e\u0432\u0430\u043d\u043d\u043e\u0435 \u043b\u0438\u0446\u043e \u0438\u043c\u0435\u0435\u0442 \u043f\u0440\u0430\u0432\u043e \u043d\u0430 \u043e\u043f\u043f\u043e\u0440\u0442\u044b, \u043f\u043e\u043b\u043d\u043e\u0441\u0442\u044c\u044e \u0438\u043b\u0438 \u0447\u0430\u0441\u0442\u0438\u0447\u043d\u043e, \u043f\u043e \u0437\u0430\u043a\u043e\u043d\u043d\u044b\u043c \u043c\u043e\u0442\u0438\u0432\u0430\u043c \u0432 \u043e\u0442\u043d\u043e\u0448\u0435\u043d\u0438\u0438 \u043e\u0431\u0440\u0430\u0431\u043e\u0442\u043a\u0438 \u043f\u0435\u0440\u0441\u043e\u043d\u0430\u043b\u044c\u043d\u044b\u0445 \u0434\u0430\u043d\u043d\u044b\u0445, \u043a\u043e\u0442\u043e\u0440\u044b\u0435 \u0438\u043c\u0435\u044e\u0442 \u043e\u0442\u043d\u043e\u0448\u0435\u043d\u0438\u0435 \u043a \u0434\u0435\u043b\u0443, \u0430 \u0442\u0430\u043a\u0436\u0435 \u0432 \u043e\u0442\u043d\u043e\u0448\u0435\u043d\u0438\u0438 \u0432\u0441\u0435\u0433\u043e \u043e\u0431\u044a\u0435\u043c\u0430, \u0443\u043a\u0430\u0437\u0430\u043d\u043d\u043e\u0433\u043e \u0432 \u0440\u0430\u0437\u0434\u0435\u043b\u0435 \"\u041e\u0431\u0440\u0430\u0431\u043e\u0442\u043a\u0430\". \u0422\u0438\u0442\u043e\u043b\u0430\u0440\u0435 \u0434\u0435\u043b\u044c \u0442\u0440\u0430\u0442\u0442\u0430\u043c\u0435\u043d\u0442\u043e \u0434\u0435\u0438 \u0434\u0430\u0442\u0438 \u043f\u0435\u0440\u0441\u043e\u043d\u0430\u043b\u044c\u043d\u0438 \u0440\u0430\u043a\u043a\u043e\u043b\u044c\u0442\u0438 \u00e8 Parex S.r.l., \u0432 \u043b\u0438\u0446\u0435 \u044e\u0440\u0438\u0434\u0438\u0447\u0435\u0441\u043a\u043e\u0433\u043e \u043f\u0440\u0435\u0434\u0441\u0442\u0430\u0432\u0438\u0442\u0435\u043b\u044f \u043f\u043e \u0432\u0440\u0435\u043c\u0435\u043d\u0438, \u0441 \u043c\u0435\u0441\u0442\u043e\u043d\u0430\u0445\u043e\u0436\u0434\u0435\u043d\u0438\u0435\u043c \u0432 \u041c\u0438\u043b\u0430\u043d\u0435, Via Aosta 4A. \u041e\u0442\u0432\u0435\u0442\u0441\u0442\u0432\u0435\u043d\u043d\u044b\u0439 \u0437\u0430 \u0442\u0440\u0430\u0442\u0442\u0430\u043c\u0435\u043d\u0442\u044b \u00e8 \u041e\u0442\u0432\u0435\u0442\u0441\u0442\u0432\u0435\u043d\u043d\u044b\u0439 \u0437\u0430 \u0438\u043d\u0444\u043e\u0440\u043c\u0430\u0446\u0438\u043e\u043d\u043d\u044b\u0435 \u0441\u0438\u0441\u0442\u0435\u043c\u044b pro tempore, domiciliato per la carica presso la sede della societ\u00e0.<\/p>\n<\/article>\n<\/div>\n<p>[\/et_pb_text][\/et_pb_column][\/et_pb_row][\/et_pb_section]<\/p>","protected":false},"excerpt":{"rendered":"<p>ParexstudyPrivacy PolicyLa presente informativa \u00e8 resa, nel rispetto degli artt. 13 e 14 del Regolamento UE 679\/2016\u00a0(di seguito \u201cRegolamento\u201d), agli utilizzatori (di seguito: \u201cUtenti\u201d oppure \u201cUtente\u201d) del sito in versione desktop e mobile e applicazioni www.parexstudy.it , (di seguito: \u201cSito e App\u201d) di propriet\u00e0 di Parex s.r.l., Titolare del Trattamento dei dati personali (di seguito: [&hellip;]<\/p>","protected":false},"author":1,"featured_media":0,"parent":0,"menu_order":0,"comment_status":"closed","ping_status":"closed","template":"","meta":{"_et_pb_use_builder":"on","_et_pb_old_content":"","_et_gb_content_width":"","footnotes":""},"class_list":["post-20899","page","type-page","status-publish","hentry"],"yoast_head":"<!-- This site is optimized with the Yoast SEO plugin v25.9 - https:\/\/yoast.com\/wordpress\/plugins\/seo\/ -->\n<title>Privacy Policy - Parexstudy<\/title>\n<meta name=\"robots\" content=\"index, follow, max-snippet:-1, max-image-preview:large, max-video-preview:-1\" \/>\n<link rel=\"canonical\" href=\"https:\/\/www.parexstudy.it\/ru\/\u043f\u043e\u043b\u0438\u0442\u0438\u043a\u0430-\u043a\u043e\u043d\u0444\u0438\u0434\u0435\u043d\u0446\u0438\u0430\u043b\u044c\u043d\u043e\u0441\u0442\u0438\/\" \/>\n<meta property=\"og:locale\" content=\"ru_RU\" \/>\n<meta property=\"og:type\" content=\"article\" \/>\n<meta property=\"og:title\" content=\"Privacy Policy - Parexstudy\" \/>\n<meta property=\"og:description\" content=\"ParexstudyPrivacy PolicyLa presente informativa \u00e8 resa, nel rispetto degli artt. 13 e 14 del Regolamento UE 679\/2016\u00a0(di seguito \u201cRegolamento\u201d), agli utilizzatori (di seguito: \u201cUtenti\u201d oppure \u201cUtente\u201d) del sito in versione desktop e mobile e applicazioni www.parexstudy.it , (di seguito: \u201cSito e App\u201d) di propriet\u00e0 di Parex s.r.l., Titolare del Trattamento dei dati personali (di seguito: [&hellip;]\" \/>\n<meta property=\"og:url\" content=\"https:\/\/www.parexstudy.it\/ru\/\u043f\u043e\u043b\u0438\u0442\u0438\u043a\u0430-\u043a\u043e\u043d\u0444\u0438\u0434\u0435\u043d\u0446\u0438\u0430\u043b\u044c\u043d\u043e\u0441\u0442\u0438\/\" \/>\n<meta property=\"og:site_name\" content=\"Parexstudy\" \/>\n<meta property=\"article:modified_time\" content=\"2023-11-09T15:48:08+00:00\" \/>\n<meta name=\"twitter:card\" content=\"summary_large_image\" \/>\n<meta name=\"twitter:label1\" content=\"\u041f\u0440\u0438\u043c\u0435\u0440\u043d\u043e\u0435 \u0432\u0440\u0435\u043c\u044f \u0434\u043b\u044f \u0447\u0442\u0435\u043d\u0438\u044f\" \/>\n\t<meta name=\"twitter:data1\" content=\"4 \u043c\u0438\u043d\u0443\u0442\u044b\" \/>\n<script type=\"application\/ld+json\" class=\"yoast-schema-graph\">{\"@context\":\"https:\/\/schema.org\",\"@graph\":[{\"@type\":\"WebPage\",\"@id\":\"https:\/\/www.parexstudy.it\/privacy-policy\/\",\"url\":\"https:\/\/www.parexstudy.it\/privacy-policy\/\",\"name\":\"Privacy Policy - Parexstudy\",\"isPartOf\":{\"@id\":\"https:\/\/www.parexstudy.it\/#website\"},\"datePublished\":\"2023-07-03T21:09:50+00:00\",\"dateModified\":\"2023-11-09T15:48:08+00:00\",\"breadcrumb\":{\"@id\":\"https:\/\/www.parexstudy.it\/privacy-policy\/#breadcrumb\"},\"inLanguage\":\"ru-RU\",\"potentialAction\":[{\"@type\":\"ReadAction\",\"target\":[\"https:\/\/www.parexstudy.it\/privacy-policy\/\"]}]},{\"@type\":\"BreadcrumbList\",\"@id\":\"https:\/\/www.parexstudy.it\/privacy-policy\/#breadcrumb\",\"itemListElement\":[{\"@type\":\"ListItem\",\"position\":1,\"name\":\"Home\",\"item\":\"https:\/\/www.parexstudy.it\/\"},{\"@type\":\"ListItem\",\"position\":2,\"name\":\"Privacy Policy\"}]},{\"@type\":\"WebSite\",\"@id\":\"https:\/\/www.parexstudy.it\/#website\",\"url\":\"https:\/\/www.parexstudy.it\/\",\"name\":\"Parexstudy\",\"description\":\"Study, discover, love\",\"potentialAction\":[{\"@type\":\"SearchAction\",\"target\":{\"@type\":\"EntryPoint\",\"urlTemplate\":\"https:\/\/www.parexstudy.it\/?s={search_term_string}\"},\"query-input\":{\"@type\":\"PropertyValueSpecification\",\"valueRequired\":true,\"valueName\":\"search_term_string\"}}],\"inLanguage\":\"ru-RU\"}]}<\/script>\n<!-- \/ Yoast SEO plugin. -->","yoast_head_json":{"title":"\u041f\u043e\u043b\u0438\u0442\u0438\u043a\u0430 \u043a\u043e\u043d\u0444\u0438\u0434\u0435\u043d\u0446\u0438\u0430\u043b\u044c\u043d\u043e\u0441\u0442\u0438 - Parexstudy","robots":{"index":"index","follow":"follow","max-snippet":"max-snippet:-1","max-image-preview":"max-image-preview:large","max-video-preview":"max-video-preview:-1"},"canonical":"https:\/\/www.parexstudy.it\/ru\/\u043f\u043e\u043b\u0438\u0442\u0438\u043a\u0430-\u043a\u043e\u043d\u0444\u0438\u0434\u0435\u043d\u0446\u0438\u0430\u043b\u044c\u043d\u043e\u0441\u0442\u0438\/","og_locale":"ru_RU","og_type":"article","og_title":"Privacy Policy - Parexstudy","og_description":"ParexstudyPrivacy PolicyLa presente informativa \u00e8 resa, nel rispetto degli artt. 13 e 14 del Regolamento UE 679\/2016\u00a0(di seguito \u201cRegolamento\u201d), agli utilizzatori (di seguito: \u201cUtenti\u201d oppure \u201cUtente\u201d) del sito in versione desktop e mobile e applicazioni www.parexstudy.it , (di seguito: \u201cSito e App\u201d) di propriet\u00e0 di Parex s.r.l., Titolare del Trattamento dei dati personali (di seguito: [&hellip;]","og_url":"https:\/\/www.parexstudy.it\/ru\/\u043f\u043e\u043b\u0438\u0442\u0438\u043a\u0430-\u043a\u043e\u043d\u0444\u0438\u0434\u0435\u043d\u0446\u0438\u0430\u043b\u044c\u043d\u043e\u0441\u0442\u0438\/","og_site_name":"Parexstudy","article_modified_time":"2023-11-09T15:48:08+00:00","twitter_card":"summary_large_image","twitter_misc":{"\u041f\u0440\u0438\u043c\u0435\u0440\u043d\u043e\u0435 \u0432\u0440\u0435\u043c\u044f \u0434\u043b\u044f \u0447\u0442\u0435\u043d\u0438\u044f":"4 \u043c\u0438\u043d\u0443\u0442\u044b"},"schema":{"@context":"https:\/\/schema.org","@graph":[{"@type":"WebPage","@id":"https:\/\/www.parexstudy.it\/privacy-policy\/","url":"https:\/\/www.parexstudy.it\/privacy-policy\/","name":"\u041f\u043e\u043b\u0438\u0442\u0438\u043a\u0430 \u043a\u043e\u043d\u0444\u0438\u0434\u0435\u043d\u0446\u0438\u0430\u043b\u044c\u043d\u043e\u0441\u0442\u0438 - Parexstudy","isPartOf":{"@id":"https:\/\/www.parexstudy.it\/#website"},"datePublished":"2023-07-03T21:09:50+00:00","dateModified":"2023-11-09T15:48:08+00:00","breadcrumb":{"@id":"https:\/\/www.parexstudy.it\/privacy-policy\/#breadcrumb"},"inLanguage":"ru-RU","potentialAction":[{"@type":"ReadAction","target":["https:\/\/www.parexstudy.it\/privacy-policy\/"]}]},{"@type":"BreadcrumbList","@id":"https:\/\/www.parexstudy.it\/privacy-policy\/#breadcrumb","itemListElement":[{"@type":"ListItem","position":1,"name":"Home","item":"https:\/\/www.parexstudy.it\/"},{"@type":"ListItem","position":2,"name":"Privacy Policy"}]},{"@type":"WebSite","@id":"https:\/\/www.parexstudy.it\/#website","url":"https:\/\/www.parexstudy.it\/","name":"Parexstudy","description":"\u041f\u043e\u0441\u0442\u0443\u043f\u043b\u0435\u043d\u0438\u0435 \u0432 \u0443\u043d\u0438\u0432\u0435\u0440\u0441\u0438\u0442\u0435\u0442\u044b \u0418\u0442\u0430\u043b\u0438\u0438","potentialAction":[{"@type":"SearchAction","target":{"@type":"EntryPoint","urlTemplate":"https:\/\/www.parexstudy.it\/?s={search_term_string}"},"query-input":{"@type":"PropertyValueSpecification","valueRequired":true,"valueName":"search_term_string"}}],"inLanguage":"ru-RU"}]}},"_links":{"self":[{"href":"https:\/\/www.parexstudy.it\/ru\/wp-json\/wp\/v2\/pages\/20899","targetHints":{"allow":["GET"]}}],"collection":[{"href":"https:\/\/www.parexstudy.it\/ru\/wp-json\/wp\/v2\/pages"}],"about":[{"href":"https:\/\/www.parexstudy.it\/ru\/wp-json\/wp\/v2\/types\/page"}],"author":[{"embeddable":true,"href":"https:\/\/www.parexstudy.it\/ru\/wp-json\/wp\/v2\/users\/1"}],"replies":[{"embeddable":true,"href":"https:\/\/www.parexstudy.it\/ru\/wp-json\/wp\/v2\/comments?post=20899"}],"version-history":[{"count":9,"href":"https:\/\/www.parexstudy.it\/ru\/wp-json\/wp\/v2\/pages\/20899\/revisions"}],"predecessor-version":[{"id":20978,"href":"https:\/\/www.parexstudy.it\/ru\/wp-json\/wp\/v2\/pages\/20899\/revisions\/20978"}],"wp:attachment":[{"href":"https:\/\/www.parexstudy.it\/ru\/wp-json\/wp\/v2\/media?parent=20899"}],"curies":[{"name":"wp","href":"https:\/\/api.w.org\/{rel}","templated":true}]}}