{"id":19908,"date":"2023-04-03T01:37:31","date_gmt":"2023-04-02T23:37:31","guid":{"rendered":"https:\/\/www.parexstudy.it\/?page_id=19908"},"modified":"2024-03-06T15:37:55","modified_gmt":"2024-03-06T14:37:55","slug":"sss","status":"publish","type":"page","link":"https:\/\/www.parexstudy.it\/tr\/i%cc%87talyada-egi%cc%87ti%cc%87m\/sss\/","title":{"rendered":"SSS"},"content":{"rendered":"<p>[et_pb_section fb_built=&#8221;1&#8243; fullwidth=&#8221;on&#8221; _builder_version=&#8221;4.23.1&#8243; _module_preset=&#8221;default&#8221; background_color=&#8221;#9ed1e8&#8243; background_image=&#8221;https:\/\/www.parexstudy.it\/wp-content\/uploads\/2023\/05\/bg_def.png&#8221; background_position=&#8221;bottom_right&#8221; locked=&#8221;off&#8221; global_colors_info=&#8221;{}&#8221;][et_pb_fullwidth_header title=&#8221;F.A.Q.&#8221; content_max_width=&#8221;80%&#8221; _builder_version=&#8221;4.21.0&#8243; _module_preset=&#8221;default&#8221; title_font=&#8221;Nunito Sans|900|||||||&#8221; title_text_color=&#8221;#000000&#8243; title_font_size=&#8221;65px&#8221; content_font=&#8221;Nunito Sans|900|||||||&#8221; content_text_color=&#8221;#000000&#8243; content_font_size=&#8221;39px&#8221; background_enable_color=&#8221;off&#8221; background_image=&#8221;https:\/\/www.parexstudy.it\/wp-content\/uploads\/2023\/05\/mondo.png&#8221; background_size=&#8221;contain&#8221; background_position=&#8221;bottom_right&#8221; custom_button_one=&#8221;on&#8221; button_one_text_size=&#8221;14px&#8221; button_one_text_color=&#8221;#FFFFFF&#8221; button_one_bg_color=&#8221;#62baea&#8221; button_one_border_width=&#8221;0px&#8221; button_one_border_color=&#8221;RGBA(255,255,255,0)&#8221; button_one_border_radius=&#8221;0px&#8221; button_one_font=&#8221;Nunito Sans|900||on|||||&#8221; button_one_custom_padding=&#8221;16px|32px|16px|32px|false|false&#8221; custom_button_two=&#8221;on&#8221; button_two_text_size=&#8221;14px&#8221; button_two_text_color=&#8221;#FFFFFF&#8221; button_two_bg_color=&#8221;#62baea&#8221; button_two_border_width=&#8221;0px&#8221; button_two_border_color=&#8221;RGBA(255,255,255,0)&#8221; button_two_border_radius=&#8221;0px&#8221; button_two_font=&#8221;Nunito Sans|900||on|||||&#8221; button_two_custom_padding=&#8221;16px|32px|16px|32px|false|false&#8221; width=&#8221;95%&#8221; module_alignment=&#8221;center&#8221; custom_padding=&#8221;85px||85px||true|&#8221; hover_enabled=&#8221;0&#8243; title_text_align_tablet=&#8221;left&#8221; title_text_align_phone=&#8221;left&#8221; title_text_align_last_edited=&#8221;on|tablet&#8221; title_font_size_tablet=&#8221;55px&#8221; title_font_size_phone=&#8221;45px&#8221; title_font_size_last_edited=&#8221;on|tablet&#8221; button_two_text_size_tablet=&#8221;14px&#8221; button_two_text_size_phone=&#8221;14px&#8221; button_two_text_size_last_edited=&#8221;on|desktop&#8221; global_colors_info=&#8221;{}&#8221; sticky_enabled=&#8221;0&#8243;][\/et_pb_fullwidth_header][\/et_pb_section][et_pb_section fb_built=&#8221;1&#8243; admin_label=&#8221;FAQ&#8221; _builder_version=&#8221;4.23.1&#8243; _module_preset=&#8221;default&#8221; background_image=&#8221;https:\/\/www.parexstudy.it\/wp-content\/uploads\/2023\/04\/bg_black.png&#8221; background_size=&#8221;contain&#8221; background_position=&#8221;bottom_right&#8221; background_horizontal_offset=&#8221;14%&#8221; collapsed=&#8221;off&#8221; global_colors_info=&#8221;{}&#8221;][et_pb_row column_structure=&#8221;1_4,3_4&#8243; _builder_version=&#8221;4.21.0&#8243; _module_preset=&#8221;default&#8221; global_colors_info=&#8221;{}&#8221;][et_pb_column type=&#8221;1_4&#8243; _builder_version=&#8221;4.18.0&#8243; _module_preset=&#8221;default&#8221; global_colors_info=&#8221;{}&#8221;][et_pb_text _builder_version=&#8221;4.23.1&#8243; _module_preset=&#8221;e6504a1b-67eb-4b3d-b023-bcab277610b6&#8243; header_4_font=&#8221;Nunito Sans|900||on|||||&#8221; header_4_text_color=&#8221;gcid-6d7bd22a-fb70-4813-a84e-455e41a87331&#8243; header_4_font_size=&#8221;14px&#8221; header_4_letter_spacing=&#8221;0.1em&#8221; header_4_line_height=&#8221;1.2em&#8221; custom_margin=&#8221;||0px||false|false&#8221; hover_enabled=&#8221;0&#8243; global_colors_info=&#8221;{%22gcid-6d7bd22a-fb70-4813-a84e-455e41a87331%22:%91%22header_4_text_color%22%93}&#8221; sticky_enabled=&#8221;0&#8243;]<\/p>\n<h4>PAREX\u00c7al\u0131\u015fmas\u0131<\/h4>\n<p>[\/et_pb_text][et_pb_text _builder_version=&#8221;4.21.0&#8243; _module_preset=&#8221;b327cbe4-b1d5-4b66-ad37-40c8f2f061ba&#8221; header_2_font=&#8221;Nunito Sans|900|||||||&#8221; header_2_font_size=&#8221;43px&#8221; header_2_line_height=&#8221;1.2em&#8221; header_2_font_size_tablet=&#8221;32px&#8221; header_2_font_size_phone=&#8221;20px&#8221; header_2_font_size_last_edited=&#8221;on|desktop&#8221; global_colors_info=&#8221;{}&#8221;]<\/p>\n<h2>S\u0131k\u00e7a Sorulan Sorular<\/h2>\n<p>[\/et_pb_text][et_pb_divider divider_weight=&#8221;4px&#8221; _builder_version=&#8221;4.20.0&#8243; _module_preset=&#8221;default&#8221; width=&#8221;100px&#8221; locked=&#8221;off&#8221; global_colors_info=&#8221;{}&#8221;][\/et_pb_divider][\/et_pb_column][et_pb_column type=&#8221;3_4&#8243; _builder_version=&#8221;4.19.0&#8243; _module_preset=&#8221;default&#8221; background_color=&#8221;#FFFFFF&#8221; custom_padding=&#8221;60px|60px|60px|60px|true|true&#8221; custom_padding_tablet=&#8221;30px|30px|30px|30px|true|true&#8221; custom_padding_phone=&#8221;20px|20px|20px|20px|true|true&#8221; custom_padding_last_edited=&#8221;on|tablet&#8221; box_shadow_style=&#8221;preset1&#8243; box_shadow_horizontal=&#8221;8px&#8221; box_shadow_vertical=&#8221;14px&#8221; box_shadow_blur=&#8221;80px&#8221; box_shadow_color=&#8221;rgba(24,4,58,0.1)&#8221; global_colors_info=&#8221;{%22gcid-acbd5969-9d5f-4bea-a694-e0e16adbbd29%22:%91%22button_text_color%22%93,%22gcid-4d171f29-f5cf-4a1b-99b0-2dc43983beb9%22:%91%22border_color_all%22,%22border_color_all%22%93,%22gcid-e850ad88-05af-4ed0-bc88-7082de258f33%22:%91%22button_bg_color%22%93}&#8221;][et_pb_accordion open_toggle_background_color=&#8221;RGBA(255,255,255,0)&#8221; closed_toggle_background_color=&#8221;RGBA(255,255,255,0)&#8221; icon_color=&#8221;RGBA(255,255,255,0)&#8221; _builder_version=&#8221;4.21.0&#8243; _module_preset=&#8221;4a37e80b-86b7-44a7-857c-958e53f19517&#8243; toggle_text_color=&#8221;#62baea&#8221; toggle_font=&#8221;Nunito Sans|900|||||||&#8221; toggle_font_size=&#8221;18px&#8221; toggle_line_height=&#8221;1.2em&#8221; body_font=&#8221;PT Sans||||||||&#8221; body_text_color=&#8221;#292466&#8243; body_line_height=&#8221;1.4em&#8221; toggle_font_size_tablet=&#8221;16px&#8221; toggle_font_size_phone=&#8221;15px&#8221; toggle_font_size_last_edited=&#8221;on|desktop&#8221; border_width_all=&#8221;0px&#8221; border_color_all=&#8221;gcid-4d171f29-f5cf-4a1b-99b0-2dc43983beb9&#8243; border_width_bottom=&#8221;1px&#8221; locked=&#8221;off&#8221; global_colors_info=&#8221;{%22gcid-4d171f29-f5cf-4a1b-99b0-2dc43983beb9%22:%91%22border_color_all%22%93}&#8221;][et_pb_accordion_item title=&#8221;+ Why should I work with you if I can apply to the universities by myself?&#8221; open=&#8221;on&#8221; _builder_version=&#8221;4.21.0&#8243; _module_preset=&#8221;default&#8221; custom_padding=&#8221;|0px||0px|false|true&#8221; hover_enabled=&#8221;0&#8243; global_colors_info=&#8221;{}&#8221; sticky_enabled=&#8221;0&#8243;]<\/p>\n<p>Asl\u0131nda, t\u00fcm \u00f6\u011frenciler kendi ba\u015flar\u0131na ba\u015fvurabilirler. Ancak, y\u00fczlerce \u00f6\u011frenci stresten, zaman ve para kayb\u0131ndan ka\u00e7\u0131narak bizim yard\u0131m\u0131m\u0131zla \u0130talyan \u00fcniversitelerine girmi\u015ftir. Her \u00f6\u011frencinin ge\u00e7mi\u015fine uygun programlar\u0131n nas\u0131l se\u00e7ilece\u011fini ve m\u00fckemmel belge paketinin nas\u0131l haz\u0131rlanaca\u011f\u0131n\u0131 \u00e7ok iyi biliyoruz. Farkl\u0131 \u00fcniversitelere kabul edilmenin \u00f6zelliklerini anl\u0131yoruz: komisyonun nelere dikkat etti\u011fini, kendinizi nas\u0131l do\u011fru bir \u015fekilde sunaca\u011f\u0131n\u0131z\u0131, lisans derecesi i\u00e7in bir motivasyon mektubunda ne yazman\u0131n daha iyi oldu\u011funu, y\u00fcksek lisans derecesi i\u00e7in ne oldu\u011funu vb. En son e\u011fitim ve vize gereksinimleri haberleri hakk\u0131nda kendimizi s\u00fcrekli g\u00fcncelliyoruz. Profesyonel kaynaklara eri\u015fim olmadan bu bilgileri ba\u011f\u0131ms\u0131z olarak toplamak \u00e7ok daha zordur.<\/p>\n<p>[\/et_pb_accordion_item][et_pb_accordion_item title=&#8221;+ Can you guarantee that I will enter a university?&#8221; _builder_version=&#8221;4.21.0&#8243; _module_preset=&#8221;default&#8221; custom_padding=&#8221;|0px||0px|false|true&#8221; global_colors_info=&#8221;{}&#8221; open=&#8221;off&#8221;]<\/p>\n<p>\u00d6\u011frencilerimizin 95%'den fazlas\u0131 \u00fcniversitelere giriyor. Herhangi bir programdan ret al\u0131rsak, belgeleri geli\u015ftiriyoruz, motivasyon mektubunda veya CV'de baz\u0131 eksik bilgileri ekliyoruz ve ba\u015fka bir \u00fcniversiteye ba\u015fvuru yap\u0131yoruz.<\/p>\n<p>\u00d6\u011frenciler gerekli belgelerin tamam\u0131na ve yeterli \u0130ngilizceye sahipse, kabul edilmemeleri neredeyse imkans\u0131zd\u0131r.<\/p>\n<p>[\/et_pb_accordion_item][et_pb_accordion_item title=&#8221;+ Once I have applied, how long does it take to find out if I have been accepted?&#8221; _builder_version=&#8221;4.21.0&#8243; _module_preset=&#8221;default&#8221; custom_padding=&#8221;|0px||0px|false|true&#8221; global_colors_info=&#8221;{}&#8221; open=&#8221;off&#8221;]<\/p>\n<p>Bu her zaman \u00fcniversiteye ba\u011fl\u0131d\u0131r. Bunu etkileyemeyiz, ancak \u00e7ok uzun s\u00fcre yan\u0131t gelmezse, kurumla ileti\u015fime ge\u00e7er ve gecikmenin nedenlerini sorar\u0131z. Ancak, genellikle t\u00fcm \u00f6\u011frenciler birka\u00e7 hafta i\u00e7inde yan\u0131t al\u0131rlar.<\/p>\n<p>[\/et_pb_accordion_item][et_pb_accordion_item title=&#8221;+ How can you help me to save my money for studying?&#8221; _builder_version=&#8221;4.21.0&#8243; _module_preset=&#8221;default&#8221; custom_padding=&#8221;|0px||0px|false|true&#8221; global_colors_info=&#8221;{}&#8221; open=&#8221;off&#8221;]<\/p>\n<p>E\u011fitimin herkes i\u00e7in m\u00fcmk\u00fcn oldu\u011funca eri\u015filebilir olmas\u0131n\u0131 istiyoruz, bu nedenle \u00f6\u011frencilerin okul harc\u0131ndan tasarruf etmelerine yard\u0131mc\u0131 oluyoruz. \u00d6\u011frencilere burs ile en iyi se\u00e7imler konusunda tavsiyelerde bulunuyor ve en uygun fiyatl\u0131 programlar\u0131 \u00f6nerebiliyoruz.<\/p>\n<p>[\/et_pb_accordion_item][et_pb_accordion_item title=&#8221;+ What if I receive a rejection from a university?&#8221; _builder_version=&#8221;4.21.0&#8243; _module_preset=&#8221;default&#8221; custom_padding=&#8221;|0px||0px|false|true&#8221; global_colors_info=&#8221;{}&#8221; open=&#8221;off&#8221;]<\/p>\n<p>\u00d6\u011frencilerimize her zaman daha fazla se\u00e7enek \u00f6neriyoruz ve \u00e7oklu ba\u015fvurulara devam ediyoruz. Bazen ret cevab\u0131 almak normaldir, ancak bu kesinlikle yap\u0131labilecek bir \u015fey olmad\u0131\u011f\u0131 anlam\u0131na gelmez. Her \u00f6\u011frenci i\u00e7in bir \u00e7\u00f6z\u00fcm buluyoruz.<\/p>\n<p>[\/et_pb_accordion_item][et_pb_accordion_item title=&#8221;+ Why should I trust you?&#8221; _builder_version=&#8221;4.21.0&#8243; _module_preset=&#8221;default&#8221; custom_padding=&#8221;|0px||0px|false|true&#8221; global_colors_info=&#8221;{}&#8221; open=&#8221;off&#8221;]<\/p>\n<p>\u0130\u015fe ba\u015flamadan \u00f6nce sizinle her bir taraf\u0131n hak ve y\u00fck\u00fcml\u00fcl\u00fcklerini belirleyen bir anla\u015fma yapar\u0131z. \u0130\u015fimize her zaman d\u00fcr\u00fcst ve sorumlu bir \u015fekilde yakla\u015f\u0131yoruz. Web sitemizde, yard\u0131m\u0131m\u0131zla \u00fcniversitelere kaydolmu\u015f \u00f6\u011frencilerin yorumlar\u0131n\u0131 da bulabilirsiniz.<\/p>\n<p>[\/et_pb_accordion_item][et_pb_accordion_item title=&#8221;+ Can I choose the university?&#8221; _builder_version=&#8221;4.21.0&#8243; _module_preset=&#8221;default&#8221; custom_padding=&#8221;|0px||0px|false|true&#8221; global_colors_info=&#8221;{}&#8221; open=&#8221;off&#8221;]<\/p>\n<p>Elbette, bize t\u00fcm tercihlerinizi s\u00f6yleyebilirsiniz ve belirli bir \u00fcniversiteye kaydolman\u0131n m\u00fcmk\u00fcn olup olmad\u0131\u011f\u0131na birlikte karar verece\u011fiz. \u00d6rne\u011fin, baz\u0131 \u00fcniversiteler \u00e7ok y\u00fcksek bir not ortalamas\u0131 ister ve bunlara orta bir puanla girmek imkans\u0131zd\u0131r. Dolay\u0131s\u0131yla cevap \"evet \"tir, ancak bu baz\u0131 \u00f6nemli arg\u00fcmanlara ba\u011fl\u0131d\u0131r.<\/p>\n<p>[\/et_pb_accordion_item][et_pb_accordion_item title=&#8221;+ What should I do if my school diploma (or Bachelor&#8217;s degree) score is not high?&#8221; _builder_version=&#8221;4.21.0&#8243; _module_preset=&#8221;default&#8221; custom_padding=&#8221;|0px||0px|false|true&#8221; global_colors_info=&#8221;{}&#8221; open=&#8221;off&#8221;]<\/p>\n<p>\u00d6ncelikle, bu konuda endi\u015felenmemelisiniz. Pek \u00e7ok \u00fcniversite diploman\u0131z\u0131n puan\u0131n\u0131 \u00f6nemsemiyor. En \u00f6nemli \u015fey diploman\u0131z\u0131n ve di\u011fer gerekli t\u00fcm belgelerin olmas\u0131d\u0131r. Bir\u00e7ok kabul komitesi \u00fcyesi, puandan ziyade ikna edici ve ilham verici motivasyon mektubunuza ve \u00f6zge\u00e7mi\u015finizde belirtilen deneyime bakar.<\/p>\n<p>[\/et_pb_accordion_item][et_pb_accordion_item title=&#8221;+ What if my English is not perfect?&#8221; _builder_version=&#8221;4.21.0&#8243; _module_preset=&#8221;default&#8221; custom_padding=&#8221;|0px||0px|false|true&#8221; global_colors_info=&#8221;{}&#8221; open=&#8221;off&#8221;]<\/p>\n<p>T\u00fcm programlar\u0131n 85%'sinden fazlas\u0131 B2 d\u00fczeyinde \u0130ngilizce gerektirmektedir, bu nedenle dili anadili olarak bilmeniz gerekmez. \u0130ngilizce seviyesinin \u00e7ok y\u00fcksek, en az\u0131ndan C1 olmas\u0131 gereken birka\u00e7 ders - insani \u00e7al\u0131\u015fmalarda - vard\u0131r.<\/p>\n<p>[\/et_pb_accordion_item][et_pb_accordion_item title=&#8221;+ Is it a problem if I do not speak Italian?&#8221; _builder_version=&#8221;4.21.0&#8243; _module_preset=&#8221;default&#8221; custom_padding=&#8221;|0px||0px|false|true&#8221; global_colors_info=&#8221;{}&#8221; open=&#8221;off&#8221;]<\/p>\n<p>\u0130ngilizce e\u011fitiminiz i\u00e7in sorun de\u011fil. Dahas\u0131, genel olarak \u00fcniversite hayat\u0131n\u0131z i\u00e7in de sorun yok. Ancak, \u0130talyanca bilmeden \u0130talya'da \u00fcniversite d\u0131\u015f\u0131nda ya\u015famak bazen zor olabilir. Roma veya Milano gibi b\u00fcy\u00fck \u015fehirlerde bir\u00e7ok insan \u0130ngilizce bilir ve bunun yerine, az say\u0131da turistin bulundu\u011fu kasabalarda \u0130talyanca konu\u015fmamak zaten daha karma\u015f\u0131kt\u0131r. Ancak, ya\u015fad\u0131\u011f\u0131n\u0131z \u00fclkenin dilini \u00f6\u011frenmenin gerekli oldu\u011funa ger\u00e7ekten inan\u0131yoruz. Bu nedenle, t\u00fcm \u00f6\u011frencilerimize her zaman herhangi bir \u00fcniversitede bulabilece\u011finiz \u0130talyanca kurslar\u0131na kat\u0131lmalar\u0131n\u0131 tavsiye ediyoruz. \u00c7o\u011fu zaman bu kurslar \u00fccretsizdir.<\/p>\n<p>[\/et_pb_accordion_item][et_pb_accordion_item title=&#8221;+ Can I change the sphere of my previous education and study a different subject?&#8221; _builder_version=&#8221;4.21.0&#8243; _module_preset=&#8221;default&#8221; custom_padding=&#8221;|0px||0px|false|true&#8221; global_colors_info=&#8221;{}&#8221; open=&#8221;off&#8221;]<\/p>\n<p>Bu durum \u00fcniversiteye g\u00f6re de\u011fi\u015fir, zira hepsi \u00f6\u011frencilerin belirli bir alanda ge\u00e7mi\u015fe sahip olmalar\u0131n\u0131 veya \u00f6nceki e\u011fitimlerine zorla devam etmelerini gerektirmez.<\/p>\n<p>[\/et_pb_accordion_item][et_pb_accordion_item title=&#8221;+ What if, once in Italy, I still need help?&#8221; _builder_version=&#8221;4.21.0&#8243; _module_preset=&#8221;default&#8221; custom_padding=&#8221;|0px||0px|false|true&#8221; global_colors_info=&#8221;{}&#8221; open=&#8221;off&#8221;]<\/p>\n<p>Yine de yard\u0131m\u0131m\u0131za ihtiyac\u0131n\u0131z olursa, size e-posta yoluyla yard\u0131mc\u0131 olmaya her zaman haz\u0131r\u0131z. Bununla birlikte, t\u00fcm \u00fcniversitelerde uluslararas\u0131 \u00f6\u011frenciler i\u00e7in her t\u00fcrl\u00fc sorun veya \u015f\u00fcpheye yard\u0131mc\u0131 olan \u00f6zel ofisler bulunmaktad\u0131r. \u0130lk haftalar veya aylar boyunca yabanc\u0131 bir \u00fclkede kalman\u0131n ne kadar zor olabilece\u011finin fark\u0131nda oldu\u011fumuz i\u00e7in l\u00fctfen destek i\u00e7in bu ofislerle ileti\u015fime ge\u00e7mekten \u00e7ekinmeyin. Ancak, bu deneyimin hi\u00e7 \u015f\u00fcphesiz buna de\u011fece\u011finden emin olabilirsiniz.<\/p>\n<p>[\/et_pb_accordion_item][\/et_pb_accordion][\/et_pb_column][\/et_pb_row][\/et_pb_section]<\/p>","protected":false},"excerpt":{"rendered":"<p>PAREXStudyFrequently AskedIndeed, all the students can apply by themselves. However, hundreds of students entered Italian universities with our assistance avoiding stress and losing time and money. We know precisely how to choose the programs that fit any student&#8217;s background and prepare the perfect package of documents. We understand the peculiarities of being admitted at different [&hellip;]<\/p>","protected":false},"author":1,"featured_media":0,"parent":19932,"menu_order":0,"comment_status":"closed","ping_status":"closed","template":"","meta":{"_et_pb_use_builder":"on","_et_pb_old_content":"","_et_gb_content_width":"","footnotes":""},"class_list":["post-19908","page","type-page","status-publish","hentry"],"yoast_head":"<!-- This site is optimized with the Yoast SEO plugin v25.9 - https:\/\/yoast.com\/wordpress\/plugins\/seo\/ -->\n<title>FAQ - Parexstudy | Study in Italy FAQ<\/title>\n<meta name=\"description\" content=\"Indeed, all the students can apply by themselves. However, hundreds of students entered Italian universities...\" \/>\n<meta name=\"robots\" content=\"index, follow, max-snippet:-1, max-image-preview:large, max-video-preview:-1\" \/>\n<link rel=\"canonical\" href=\"https:\/\/www.parexstudy.it\/tr\/i\u0307talyada-egi\u0307ti\u0307m\/sss\/\" \/>\n<meta property=\"og:locale\" content=\"tr_TR\" \/>\n<meta property=\"og:type\" content=\"article\" \/>\n<meta property=\"og:title\" content=\"FAQ - Parexstudy | Study in Italy FAQ\" \/>\n<meta property=\"og:description\" content=\"Indeed, all the students can apply by themselves. However, hundreds of students entered Italian universities...\" \/>\n<meta property=\"og:url\" content=\"https:\/\/www.parexstudy.it\/tr\/i\u0307talyada-egi\u0307ti\u0307m\/sss\/\" \/>\n<meta property=\"og:site_name\" content=\"Parexstudy\" \/>\n<meta property=\"article:modified_time\" content=\"2024-03-06T14:37:55+00:00\" \/>\n<meta name=\"twitter:card\" content=\"summary_large_image\" \/>\n<meta name=\"twitter:label1\" content=\"Tahmini okuma s\u00fcresi\" \/>\n\t<meta name=\"twitter:data1\" content=\"4 dakika\" \/>\n<script type=\"application\/ld+json\" class=\"yoast-schema-graph\">{\"@context\":\"https:\/\/schema.org\",\"@graph\":[{\"@type\":\"WebPage\",\"@id\":\"https:\/\/www.parexstudy.it\/ru\/%d0%be%d0%b1%d1%83%d1%87%d0%b5%d0%bd%d0%b8%d0%b5-%d0%b2-%d0%b8%d1%82%d0%b0%d0%bb%d0%b8%d0%b8\/%d0%b2%d0%be%d0%bf%d1%80%d0%be%d1%81\/\",\"url\":\"https:\/\/www.parexstudy.it\/ru\/%d0%be%d0%b1%d1%83%d1%87%d0%b5%d0%bd%d0%b8%d0%b5-%d0%b2-%d0%b8%d1%82%d0%b0%d0%bb%d0%b8%d0%b8\/%d0%b2%d0%be%d0%bf%d1%80%d0%be%d1%81\/\",\"name\":\"FAQ - Parexstudy | Study in Italy FAQ\",\"isPartOf\":{\"@id\":\"https:\/\/www.parexstudy.it\/#website\"},\"datePublished\":\"2023-04-02T23:37:31+00:00\",\"dateModified\":\"2024-03-06T14:37:55+00:00\",\"description\":\"Indeed, all the students can apply by themselves. However, hundreds of students entered Italian universities...\",\"breadcrumb\":{\"@id\":\"https:\/\/www.parexstudy.it\/ru\/%d0%be%d0%b1%d1%83%d1%87%d0%b5%d0%bd%d0%b8%d0%b5-%d0%b2-%d0%b8%d1%82%d0%b0%d0%bb%d0%b8%d0%b8\/%d0%b2%d0%be%d0%bf%d1%80%d0%be%d1%81\/#breadcrumb\"},\"inLanguage\":\"tr\",\"potentialAction\":[{\"@type\":\"ReadAction\",\"target\":[\"https:\/\/www.parexstudy.it\/ru\/%d0%be%d0%b1%d1%83%d1%87%d0%b5%d0%bd%d0%b8%d0%b5-%d0%b2-%d0%b8%d1%82%d0%b0%d0%bb%d0%b8%d0%b8\/%d0%b2%d0%be%d0%bf%d1%80%d0%be%d1%81\/\"]}]},{\"@type\":\"BreadcrumbList\",\"@id\":\"https:\/\/www.parexstudy.it\/ru\/%d0%be%d0%b1%d1%83%d1%87%d0%b5%d0%bd%d0%b8%d0%b5-%d0%b2-%d0%b8%d1%82%d0%b0%d0%bb%d0%b8%d0%b8\/%d0%b2%d0%be%d0%bf%d1%80%d0%be%d1%81\/#breadcrumb\",\"itemListElement\":[{\"@type\":\"ListItem\",\"position\":1,\"name\":\"Home\",\"item\":\"https:\/\/www.parexstudy.it\/\"},{\"@type\":\"ListItem\",\"position\":2,\"name\":\"Home ITALY\",\"item\":\"https:\/\/www.parexstudy.it\/\"},{\"@type\":\"ListItem\",\"position\":3,\"name\":\"FAQ\"}]},{\"@type\":\"WebSite\",\"@id\":\"https:\/\/www.parexstudy.it\/#website\",\"url\":\"https:\/\/www.parexstudy.it\/\",\"name\":\"Parexstudy\",\"description\":\"Study, discover, love\",\"potentialAction\":[{\"@type\":\"SearchAction\",\"target\":{\"@type\":\"EntryPoint\",\"urlTemplate\":\"https:\/\/www.parexstudy.it\/?s={search_term_string}\"},\"query-input\":{\"@type\":\"PropertyValueSpecification\",\"valueRequired\":true,\"valueName\":\"search_term_string\"}}],\"inLanguage\":\"tr\"}]}<\/script>\n<!-- \/ Yoast SEO plugin. -->","yoast_head_json":{"title":"SSS - Parexstudy | \u0130talya'da E\u011fitim SSS","description":"Asl\u0131nda, t\u00fcm \u00f6\u011frenciler kendi ba\u015flar\u0131na ba\u015fvurabilirler. Ancak, y\u00fczlerce \u00f6\u011frenci \u0130talyan \u00fcniversitelerine girdi...","robots":{"index":"index","follow":"follow","max-snippet":"max-snippet:-1","max-image-preview":"max-image-preview:large","max-video-preview":"max-video-preview:-1"},"canonical":"https:\/\/www.parexstudy.it\/tr\/i\u0307talyada-egi\u0307ti\u0307m\/sss\/","og_locale":"tr_TR","og_type":"article","og_title":"FAQ - Parexstudy | Study in Italy FAQ","og_description":"Indeed, all the students can apply by themselves. However, hundreds of students entered Italian universities...","og_url":"https:\/\/www.parexstudy.it\/tr\/i\u0307talyada-egi\u0307ti\u0307m\/sss\/","og_site_name":"Parexstudy","article_modified_time":"2024-03-06T14:37:55+00:00","twitter_card":"summary_large_image","twitter_misc":{"Tahmini okuma s\u00fcresi":"4 dakika"},"schema":{"@context":"https:\/\/schema.org","@graph":[{"@type":"WebPage","@id":"https:\/\/www.parexstudy.it\/ru\/%d0%be%d0%b1%d1%83%d1%87%d0%b5%d0%bd%d0%b8%d0%b5-%d0%b2-%d0%b8%d1%82%d0%b0%d0%bb%d0%b8%d0%b8\/%d0%b2%d0%be%d0%bf%d1%80%d0%be%d1%81\/","url":"https:\/\/www.parexstudy.it\/ru\/%d0%be%d0%b1%d1%83%d1%87%d0%b5%d0%bd%d0%b8%d0%b5-%d0%b2-%d0%b8%d1%82%d0%b0%d0%bb%d0%b8%d0%b8\/%d0%b2%d0%be%d0%bf%d1%80%d0%be%d1%81\/","name":"SSS - Parexstudy | \u0130talya'da E\u011fitim SSS","isPartOf":{"@id":"https:\/\/www.parexstudy.it\/#website"},"datePublished":"2023-04-02T23:37:31+00:00","dateModified":"2024-03-06T14:37:55+00:00","description":"Asl\u0131nda, t\u00fcm \u00f6\u011frenciler kendi ba\u015flar\u0131na ba\u015fvurabilirler. Ancak, y\u00fczlerce \u00f6\u011frenci \u0130talyan \u00fcniversitelerine girdi...","breadcrumb":{"@id":"https:\/\/www.parexstudy.it\/ru\/%d0%be%d0%b1%d1%83%d1%87%d0%b5%d0%bd%d0%b8%d0%b5-%d0%b2-%d0%b8%d1%82%d0%b0%d0%bb%d0%b8%d0%b8\/%d0%b2%d0%be%d0%bf%d1%80%d0%be%d1%81\/#breadcrumb"},"inLanguage":"tr","potentialAction":[{"@type":"ReadAction","target":["https:\/\/www.parexstudy.it\/ru\/%d0%be%d0%b1%d1%83%d1%87%d0%b5%d0%bd%d0%b8%d0%b5-%d0%b2-%d0%b8%d1%82%d0%b0%d0%bb%d0%b8%d0%b8\/%d0%b2%d0%be%d0%bf%d1%80%d0%be%d1%81\/"]}]},{"@type":"BreadcrumbList","@id":"https:\/\/www.parexstudy.it\/ru\/%d0%be%d0%b1%d1%83%d1%87%d0%b5%d0%bd%d0%b8%d0%b5-%d0%b2-%d0%b8%d1%82%d0%b0%d0%bb%d0%b8%d0%b8\/%d0%b2%d0%be%d0%bf%d1%80%d0%be%d1%81\/#breadcrumb","itemListElement":[{"@type":"ListItem","position":1,"name":"Home","item":"https:\/\/www.parexstudy.it\/"},{"@type":"ListItem","position":2,"name":"Home ITALY","item":"https:\/\/www.parexstudy.it\/"},{"@type":"ListItem","position":3,"name":"FAQ"}]},{"@type":"WebSite","@id":"https:\/\/www.parexstudy.it\/#website","url":"https:\/\/www.parexstudy.it\/","name":"Parexstudy","description":"\u00d6\u011fren, Ke\u015ffet, Sev","potentialAction":[{"@type":"SearchAction","target":{"@type":"EntryPoint","urlTemplate":"https:\/\/www.parexstudy.it\/?s={search_term_string}"},"query-input":{"@type":"PropertyValueSpecification","valueRequired":true,"valueName":"search_term_string"}}],"inLanguage":"tr"}]}},"_links":{"self":[{"href":"https:\/\/www.parexstudy.it\/tr\/wp-json\/wp\/v2\/pages\/19908","targetHints":{"allow":["GET"]}}],"collection":[{"href":"https:\/\/www.parexstudy.it\/tr\/wp-json\/wp\/v2\/pages"}],"about":[{"href":"https:\/\/www.parexstudy.it\/tr\/wp-json\/wp\/v2\/types\/page"}],"author":[{"embeddable":true,"href":"https:\/\/www.parexstudy.it\/tr\/wp-json\/wp\/v2\/users\/1"}],"replies":[{"embeddable":true,"href":"https:\/\/www.parexstudy.it\/tr\/wp-json\/wp\/v2\/comments?post=19908"}],"version-history":[{"count":12,"href":"https:\/\/www.parexstudy.it\/tr\/wp-json\/wp\/v2\/pages\/19908\/revisions"}],"predecessor-version":[{"id":23990,"href":"https:\/\/www.parexstudy.it\/tr\/wp-json\/wp\/v2\/pages\/19908\/revisions\/23990"}],"up":[{"embeddable":true,"href":"https:\/\/www.parexstudy.it\/tr\/wp-json\/wp\/v2\/pages\/19932"}],"wp:attachment":[{"href":"https:\/\/www.parexstudy.it\/tr\/wp-json\/wp\/v2\/media?parent=19908"}],"curies":[{"name":"wp","href":"https:\/\/api.w.org\/{rel}","templated":true}]}}