{"id":20359,"date":"2023-05-26T21:33:02","date_gmt":"2023-05-26T19:33:02","guid":{"rendered":"https:\/\/www.parexstudy.it\/?page_id=20359"},"modified":"2024-03-06T15:32:30","modified_gmt":"2024-03-06T14:32:30","slug":"i%cc%87talyan-egi%cc%87ti%cc%87m-si%cc%87stemi%cc%87","status":"publish","type":"page","link":"https:\/\/www.parexstudy.it\/tr\/i%cc%87talyada-egi%cc%87ti%cc%87m\/i%cc%87talyan-egi%cc%87ti%cc%87m-si%cc%87stemi%cc%87\/","title":{"rendered":"\u0130talyan E\u011fitim Sistemi"},"content":{"rendered":"<p>[et_pb_section fb_built=&#8221;1&#8243; fullwidth=&#8221;on&#8221; _builder_version=&#8221;4.21.0&#8243; _module_preset=&#8221;default&#8221; background_color=&#8221;#9ed1e8&#8243; background_image=&#8221;https:\/\/www.parexstudy.it\/wp-content\/uploads\/2023\/05\/bg_def.png&#8221; background_position=&#8221;bottom_right&#8221; locked=&#8221;off&#8221; global_colors_info=&#8221;{}&#8221;][et_pb_fullwidth_header title=&#8221;Italian Education&#8221; content_max_width=&#8221;80%&#8221; _builder_version=&#8221;4.21.0&#8243; _module_preset=&#8221;default&#8221; title_font=&#8221;Nunito Sans|900|||||||&#8221; title_text_color=&#8221;#000000&#8243; title_font_size=&#8221;65px&#8221; content_font=&#8221;Nunito Sans|900|||||||&#8221; content_text_color=&#8221;#000000&#8243; content_font_size=&#8221;39px&#8221; background_enable_color=&#8221;off&#8221; background_image=&#8221;https:\/\/www.parexstudy.it\/wp-content\/uploads\/2023\/05\/ill.png&#8221; background_size=&#8221;contain&#8221; background_position=&#8221;bottom_right&#8221; custom_button_one=&#8221;on&#8221; button_one_text_size=&#8221;14px&#8221; button_one_text_color=&#8221;#FFFFFF&#8221; button_one_bg_color=&#8221;#62baea&#8221; button_one_border_width=&#8221;0px&#8221; button_one_border_color=&#8221;RGBA(255,255,255,0)&#8221; button_one_border_radius=&#8221;0px&#8221; button_one_font=&#8221;Nunito Sans|900||on|||||&#8221; button_one_custom_padding=&#8221;16px|32px|16px|32px|false|false&#8221; custom_button_two=&#8221;on&#8221; button_two_text_size=&#8221;14px&#8221; button_two_text_color=&#8221;#FFFFFF&#8221; button_two_bg_color=&#8221;#62baea&#8221; button_two_border_width=&#8221;0px&#8221; button_two_border_color=&#8221;RGBA(255,255,255,0)&#8221; button_two_border_radius=&#8221;0px&#8221; button_two_font=&#8221;Nunito Sans|900||on|||||&#8221; button_two_custom_padding=&#8221;16px|32px|16px|32px|false|false&#8221; width=&#8221;95%&#8221; module_alignment=&#8221;center&#8221; custom_padding=&#8221;85px||85px||true|&#8221; title_text_align_tablet=&#8221;left&#8221; title_text_align_phone=&#8221;left&#8221; title_text_align_last_edited=&#8221;on|tablet&#8221; title_font_size_tablet=&#8221;55px&#8221; title_font_size_phone=&#8221;45px&#8221; title_font_size_last_edited=&#8221;on|tablet&#8221; button_two_text_size_tablet=&#8221;14px&#8221; button_two_text_size_phone=&#8221;14px&#8221; button_two_text_size_last_edited=&#8221;on|desktop&#8221; global_colors_info=&#8221;{}&#8221;]<\/p>\n<p>Sistemi<\/p>\n<p>[\/et_pb_fullwidth_header][\/et_pb_section][et_pb_section fb_built=&#8221;1&#8243; admin_label=&#8221;Features&#8221; _builder_version=&#8221;4.21.0&#8243; _module_preset=&#8221;default&#8221; background_image=&#8221;https:\/\/www.parexstudy.it\/wp-content\/uploads\/2023\/04\/bg_black.png&#8221; background_size=&#8221;contain&#8221; background_position=&#8221;bottom_right&#8221; background_horizontal_offset=&#8221;18%&#8221; custom_margin=&#8221;||||false|false&#8221; locked=&#8221;off&#8221; collapsed=&#8221;off&#8221; global_colors_info=&#8221;{}&#8221;][et_pb_row column_structure=&#8221;1_2,1_2&#8243; _builder_version=&#8221;4.21.0&#8243; _module_preset=&#8221;default&#8221; global_colors_info=&#8221;{}&#8221;][et_pb_column type=&#8221;1_2&#8243; _builder_version=&#8221;4.21.0&#8243; _module_preset=&#8221;default&#8221; custom_padding_tablet=&#8221;||30px||false|false&#8221; custom_padding_phone=&#8221;||30px||false|false&#8221; custom_padding_last_edited=&#8221;on|tablet&#8221; global_colors_info=&#8221;{}&#8221;][et_pb_text _builder_version=&#8221;4.21.0&#8243; _module_preset=&#8221;1f09816e-184e-4ce5-a4cf-b39c52c423ca&#8221; text_font=&#8221;PT Sans||||||||&#8221; text_font_size=&#8221;16px&#8221; text_line_height=&#8221;1.4em&#8221; header_3_font=&#8221;Nunito Sans|900|||||||&#8221; header_3_text_color=&#8221;#62baea&#8221; custom_margin=&#8221;||||false|false&#8221; custom_margin_tablet=&#8221;|||0px|false|false&#8221; custom_margin_phone=&#8221;|||0px|false|false&#8221; custom_margin_last_edited=&#8221;on|tablet&#8221; hover_enabled=&#8221;0&#8243; text_font_size_tablet=&#8221;15px&#8221; text_font_size_phone=&#8221;14px&#8221; text_font_size_last_edited=&#8221;on|phone&#8221; header_font_size_tablet=&#8221;55px&#8221; header_font_size_last_edited=&#8221;off|desktop&#8221; global_colors_info=&#8221;{}&#8221; sticky_enabled=&#8221;0&#8243;]<\/p>\n<p>\u0130talya'da e\u011fitim almay\u0131 d\u00fc\u015f\u00fcn\u00fcrsen, \u00fclkenin e\u011fitim sistemi hakk\u0131nda faydal\u0131 bilgiler burada bulabilirsin. \u0130talya'da hem kamu hem de \u00f6zel kurumlar bulunmakta olup, e\u011fitim herkes i\u00e7in \u00fccretsiz olabilir.<\/p>\n<p>12 y\u0131ll\u0131k okuduktan sonra, genellikle 3 y\u0131l s\u00fcren Lisans Derecesi (Laurea Triennale) alarak \u00fcniversite e\u011fitimine devam etmek m\u00fcmk\u00fcnd\u00fcr. <strong>Ard\u0131ndan 2 y\u0131l s\u00fcren Y\u00fcksek Lisans Derecesi (Laurea Magistrale)<\/strong> al\u0131nabilir <strong>.<\/strong> Bilim ya da akademik kariyerle ilgilenen \u00f6\u011frenciler, s\u00fcresi 3-4 y\u0131l olan <strong>Doktora programlar\u0131na (Dottorato di Ricerca)<\/strong> devam edebilirler. Ayr\u0131ca, 5 y\u0131l s\u00fcren <strong>Tek D\u00f6ng\u00fcl\u00fc Lisans Programlar\u0131<\/strong> <strong>(Laurea a Ciclo Unico) <\/strong>ve en az bir y\u0131l s\u00fcren <strong>Profesyonel Y\u00fcksek Lisans (Professional Master) <\/strong>programlar\u0131 da mevcuttur.<\/p>\n<p>[\/et_pb_text][\/et_pb_column][et_pb_column type=&#8221;1_2&#8243; _builder_version=&#8221;4.18.0&#8243; _module_preset=&#8221;default&#8221; global_colors_info=&#8221;{}&#8221;][et_pb_text _builder_version=&#8221;4.21.0&#8243; _module_preset=&#8221;1f09816e-184e-4ce5-a4cf-b39c52c423ca&#8221; text_font=&#8221;PT Sans||||||||&#8221; text_font_size=&#8221;16px&#8221; text_line_height=&#8221;1.4em&#8221; header_3_font=&#8221;Nunito Sans|900|||||||&#8221; header_3_text_color=&#8221;#62baea&#8221; custom_margin=&#8221;||||false|false&#8221; custom_margin_tablet=&#8221;|||0px|false|false&#8221; custom_margin_phone=&#8221;|||0px|false|false&#8221; custom_margin_last_edited=&#8221;on|tablet&#8221; text_font_size_tablet=&#8221;15px&#8221; text_font_size_phone=&#8221;14px&#8221; text_font_size_last_edited=&#8221;on|phone&#8221; header_font_size_tablet=&#8221;55px&#8221; header_font_size_last_edited=&#8221;off|desktop&#8221; global_colors_info=&#8221;{}&#8221;]<\/p>\n<p>Ba\u015flang\u0131\u00e7ta bursun verilmesi aile gelirine, ikinci y\u0131ldan itibaren ise \u00f6\u011frencinin ba\u015far\u0131 notlar\u0131na ba\u011fl\u0131d\u0131r.<\/p>\n<p>Ancak, \u00f6\u011frenim \u00fccretleri \u00fcniversiteden \u00fcniversiteye de\u011fi\u015fir (\u00f6rne\u011fin, \u00fclkenin g\u00fcneyinde e\u011fitim almak kuzeyine g\u00f6re \u00e7ok daha ucuzdur). Ancak, di\u011fer Avrupa \u00fclkeleriyle kar\u015f\u0131la\u015ft\u0131r\u0131ld\u0131\u011f\u0131nda \u0130talya'da e\u011fitim nispeten ucuz say\u0131l\u0131r<\/p>\n<p>Ayr\u0131ca, t\u00fcm \u00f6\u011frenciler yar\u0131 zamanl\u0131 (g\u00fcnde 4 saatlik) bir i\u015fte \u00e7al\u0131\u015farak gerekli masraflar\u0131n bir k\u0131sm\u0131n\u0131 kar\u015f\u0131layabilirler.<\/p>\n<p>[\/et_pb_text][\/et_pb_column][\/et_pb_row][et_pb_row use_custom_gutter=&#8221;on&#8221; gutter_width=&#8221;1&#8243; make_equal=&#8221;on&#8221; _builder_version=&#8221;4.21.0&#8243; _module_preset=&#8221;default&#8221; custom_padding=&#8221;||||false|false&#8221; global_colors_info=&#8221;{}&#8221;][et_pb_column type=&#8221;4_4&#8243; _builder_version=&#8221;4.18.0&#8243; _module_preset=&#8221;default&#8221; background_color=&#8221;#FFFFFF&#8221; custom_padding=&#8221;60px|60px|60px|60px|true|true&#8221; custom_padding_tablet=&#8221;30px|30px|30px|30px|true|true&#8221; custom_padding_phone=&#8221;20px|20px|20px|20px|true|true&#8221; custom_padding_last_edited=&#8221;on|phone&#8221; box_shadow_style=&#8221;preset1&#8243; box_shadow_horizontal=&#8221;8px&#8221; box_shadow_vertical=&#8221;14px&#8221; box_shadow_blur=&#8221;80px&#8221; box_shadow_color=&#8221;rgba(24,4,58,0.1)&#8221; global_colors_info=&#8221;{%22gcid-acbd5969-9d5f-4bea-a694-e0e16adbbd29%22:%91%22button_text_color%22%93,%22gcid-4d171f29-f5cf-4a1b-99b0-2dc43983beb9%22:%91%22border_color_all%22,%22border_color_all%22%93,%22gcid-e850ad88-05af-4ed0-bc88-7082de258f33%22:%91%22button_bg_color%22%93}&#8221;][et_pb_text _builder_version=&#8221;4.21.0&#8243; _module_preset=&#8221;b327cbe4-b1d5-4b66-ad37-40c8f2f061ba&#8221; header_2_font=&#8221;Nunito Sans|900|||||||&#8221; header_2_font_size=&#8221;48px&#8221; header_2_line_height=&#8221;1.2em&#8221; custom_margin=&#8221;||10px||false|false&#8221; header_2_font_size_tablet=&#8221;32px&#8221; header_2_font_size_phone=&#8221;20px&#8221; header_2_font_size_last_edited=&#8221;on|desktop&#8221; global_colors_info=&#8221;{}&#8221;]<\/p>\n<h2>Notlar ve Krediler<\/h2>\n<p>[\/et_pb_text][et_pb_divider divider_weight=&#8221;4px&#8221; _builder_version=&#8221;4.20.0&#8243; _module_preset=&#8221;default&#8221; width=&#8221;100px&#8221; locked=&#8221;off&#8221; global_colors_info=&#8221;{}&#8221;][\/et_pb_divider][et_pb_text _builder_version=&#8221;4.21.0&#8243; _module_preset=&#8221;1f09816e-184e-4ce5-a4cf-b39c52c423ca&#8221; text_font=&#8221;PT Sans||||||||&#8221; text_font_size=&#8221;16px&#8221; text_line_height=&#8221;1.4em&#8221; custom_margin=&#8221;24px|||60px|false|false&#8221; custom_margin_tablet=&#8221;|||0px|false|false&#8221; custom_margin_phone=&#8221;|||0px|false|false&#8221; custom_margin_last_edited=&#8221;on|tablet&#8221; text_font_size_tablet=&#8221;15px&#8221; text_font_size_phone=&#8221;14px&#8221; text_font_size_last_edited=&#8221;on|phone&#8221; header_font_size_tablet=&#8221;55px&#8221; header_font_size_last_edited=&#8221;off|desktop&#8221; global_colors_info=&#8221;{}&#8221;]<\/p>\n<p>\u0130talyanca not sistemi 0 ile 30 aras\u0131nda de\u011fi\u015fir; s\u0131navlar\u0131 ge\u00e7mek i\u00e7in en d\u00fc\u015f\u00fck not 18\u2019dir. En y\u00fcksek not ise \u201c30 e lode\u201d olup, \u00f6\u011frencinin m\u00fckemmel bir haz\u0131rl\u0131k g\u00f6sterdi\u011fi anlam\u0131na gelir. \u00d6\u011frenciler ayr\u0131ca t\u00fcm lisans program\u0131 i\u00e7in bir bitirme notu da al\u0131rlar. Bu not sistemi 110 \u00fczerinden de\u011ferlendirilir; ge\u00e7me notu en az 66\/110\u2019dur. En y\u00fcksek not ise \u201c110 e lode\u201d olup, \u201cOnur Diplomas\u0131'na e\u015fde\u011ferdir.<\/p>\n<p>Her dersin, Avrupa Kredi Transfer Sistemi (AKTS) taraf\u0131ndan belirlenen bir \"a\u011f\u0131rl\u0131\u011f\u0131\" vard\u0131r. Ba\u015far\u0131l\u0131 bir \u015fekilde mezun olabilmek i\u00e7in \u00f6\u011frencilerin Lisans (Laurea Triennale\/Bachelor\u2019s Degree) program\u0131 i\u00e7in 180 kredi, Y\u00fcksek Lisans (Larea Magistrale\/Master\u2019s Degree) i\u00e7in 120 kredi, Birle\u015fik Y\u00fcksek Lisans (Laurea Magistrale a Ciclo Unico\/Single Cycle Degree) i\u00e7in 360 kredi ve Profesyonel Y\u00fcksek Lisans (Professional Master) i\u00e7in en az 60 kredi tamamlamas\u0131 gerekmektedir.<\/p>\n<p>\u0130talya, Avrupa\u2019n\u0131n ve d\u00fcnyan\u0131n en eski \u00fcniversitelerine sahiptir: Bologna \u00dcniversitesi (1088), Padova \u00dcniversitesi (1222), Napoli Federico II \u00dcniversitesi (1224) ve Siena \u00dcniversitesi (1240). \u00dclkenin y\u00fcksek e\u011fitim standartlar\u0131 her zaman derin ve nitelikli bir e\u011fitimin \u00f6rne\u011fi olmu\u015ftur.<\/p>\n<p>[\/et_pb_text][\/et_pb_column][\/et_pb_row][\/et_pb_section]<\/p>","protected":false},"excerpt":{"rendered":"<p>SystemIf you decided to study in Italy, here you can find some useful information about country\u2019s educational system. In Italy there are both public and private institutions and education can be free for anyone. After 12 years of school, it is possible to continue studying at the university getting a Bachelor\u2019s Degree (Laurea Triennale) which [&hellip;]<\/p>","protected":false},"author":1,"featured_media":0,"parent":19932,"menu_order":0,"comment_status":"closed","ping_status":"closed","template":"","meta":{"_et_pb_use_builder":"on","_et_pb_old_content":"","_et_gb_content_width":"","footnotes":""},"class_list":["post-20359","page","type-page","status-publish","hentry"],"yoast_head":"<!-- This site is optimized with the Yoast SEO plugin v25.9 - https:\/\/yoast.com\/wordpress\/plugins\/seo\/ -->\n<title>Italian Education System - Parexstudy | Education in Italy | education in italien<\/title>\n<meta name=\"description\" content=\"If you decided to study in Italy, here you can find some useful information about country\u2019s educational system.\" \/>\n<meta name=\"robots\" content=\"index, follow, max-snippet:-1, max-image-preview:large, max-video-preview:-1\" \/>\n<link rel=\"canonical\" href=\"https:\/\/www.parexstudy.it\/tr\/i\u0307talyada-egi\u0307ti\u0307m\/i\u0307talyan-egi\u0307ti\u0307m-si\u0307stemi\u0307\/\" \/>\n<meta property=\"og:locale\" content=\"tr_TR\" \/>\n<meta property=\"og:type\" content=\"article\" \/>\n<meta property=\"og:title\" content=\"Italian Education System - Parexstudy | Education in Italy | education in italien\" \/>\n<meta property=\"og:description\" content=\"If you decided to study in Italy, here you can find some useful information about country\u2019s educational system.\" \/>\n<meta property=\"og:url\" content=\"https:\/\/www.parexstudy.it\/tr\/i\u0307talyada-egi\u0307ti\u0307m\/i\u0307talyan-egi\u0307ti\u0307m-si\u0307stemi\u0307\/\" \/>\n<meta property=\"og:site_name\" content=\"Parexstudy\" \/>\n<meta property=\"article:modified_time\" content=\"2024-03-06T14:32:30+00:00\" \/>\n<meta name=\"twitter:card\" content=\"summary_large_image\" \/>\n<meta name=\"twitter:label1\" content=\"Tahmini okuma s\u00fcresi\" \/>\n\t<meta name=\"twitter:data1\" content=\"2 dakika\" \/>\n<script type=\"application\/ld+json\" class=\"yoast-schema-graph\">{\"@context\":\"https:\/\/schema.org\",\"@graph\":[{\"@type\":\"WebPage\",\"@id\":\"https:\/\/www.parexstudy.it\/study-in-italy\/italian-education-system\/\",\"url\":\"https:\/\/www.parexstudy.it\/study-in-italy\/italian-education-system\/\",\"name\":\"Italian Education System - Parexstudy | Education in Italy | education in italien\",\"isPartOf\":{\"@id\":\"https:\/\/www.parexstudy.it\/#website\"},\"datePublished\":\"2023-05-26T19:33:02+00:00\",\"dateModified\":\"2024-03-06T14:32:30+00:00\",\"description\":\"If you decided to study in Italy, here you can find some useful information about country\u2019s educational system.\",\"breadcrumb\":{\"@id\":\"https:\/\/www.parexstudy.it\/study-in-italy\/italian-education-system\/#breadcrumb\"},\"inLanguage\":\"tr\",\"potentialAction\":[{\"@type\":\"ReadAction\",\"target\":[\"https:\/\/www.parexstudy.it\/study-in-italy\/italian-education-system\/\"]}]},{\"@type\":\"BreadcrumbList\",\"@id\":\"https:\/\/www.parexstudy.it\/study-in-italy\/italian-education-system\/#breadcrumb\",\"itemListElement\":[{\"@type\":\"ListItem\",\"position\":1,\"name\":\"Home\",\"item\":\"https:\/\/www.parexstudy.it\/\"},{\"@type\":\"ListItem\",\"position\":2,\"name\":\"Home ITALY\",\"item\":\"https:\/\/www.parexstudy.it\/\"},{\"@type\":\"ListItem\",\"position\":3,\"name\":\"Italian Education System\"}]},{\"@type\":\"WebSite\",\"@id\":\"https:\/\/www.parexstudy.it\/#website\",\"url\":\"https:\/\/www.parexstudy.it\/\",\"name\":\"Parexstudy\",\"description\":\"Study, discover, love\",\"potentialAction\":[{\"@type\":\"SearchAction\",\"target\":{\"@type\":\"EntryPoint\",\"urlTemplate\":\"https:\/\/www.parexstudy.it\/?s={search_term_string}\"},\"query-input\":{\"@type\":\"PropertyValueSpecification\",\"valueRequired\":true,\"valueName\":\"search_term_string\"}}],\"inLanguage\":\"tr\"}]}<\/script>\n<!-- \/ Yoast SEO plugin. -->","yoast_head_json":{"title":"\u0130talyan E\u011fitim Sistemi - Parexstudy | \u0130talya'da E\u011fitim | education in italien","description":"\u0130talya'da e\u011fitim almaya karar verdiyseniz, burada \u00fclkenin e\u011fitim sistemi hakk\u0131nda baz\u0131 yararl\u0131 bilgiler bulabilirsiniz.","robots":{"index":"index","follow":"follow","max-snippet":"max-snippet:-1","max-image-preview":"max-image-preview:large","max-video-preview":"max-video-preview:-1"},"canonical":"https:\/\/www.parexstudy.it\/tr\/i\u0307talyada-egi\u0307ti\u0307m\/i\u0307talyan-egi\u0307ti\u0307m-si\u0307stemi\u0307\/","og_locale":"tr_TR","og_type":"article","og_title":"Italian Education System - Parexstudy | Education in Italy | education in italien","og_description":"If you decided to study in Italy, here you can find some useful information about country\u2019s educational system.","og_url":"https:\/\/www.parexstudy.it\/tr\/i\u0307talyada-egi\u0307ti\u0307m\/i\u0307talyan-egi\u0307ti\u0307m-si\u0307stemi\u0307\/","og_site_name":"Parexstudy","article_modified_time":"2024-03-06T14:32:30+00:00","twitter_card":"summary_large_image","twitter_misc":{"Tahmini okuma s\u00fcresi":"2 dakika"},"schema":{"@context":"https:\/\/schema.org","@graph":[{"@type":"WebPage","@id":"https:\/\/www.parexstudy.it\/study-in-italy\/italian-education-system\/","url":"https:\/\/www.parexstudy.it\/study-in-italy\/italian-education-system\/","name":"\u0130talyan E\u011fitim Sistemi - Parexstudy | \u0130talya'da E\u011fitim | education in italien","isPartOf":{"@id":"https:\/\/www.parexstudy.it\/#website"},"datePublished":"2023-05-26T19:33:02+00:00","dateModified":"2024-03-06T14:32:30+00:00","description":"\u0130talya'da e\u011fitim almaya karar verdiyseniz, burada \u00fclkenin e\u011fitim sistemi hakk\u0131nda baz\u0131 yararl\u0131 bilgiler bulabilirsiniz.","breadcrumb":{"@id":"https:\/\/www.parexstudy.it\/study-in-italy\/italian-education-system\/#breadcrumb"},"inLanguage":"tr","potentialAction":[{"@type":"ReadAction","target":["https:\/\/www.parexstudy.it\/study-in-italy\/italian-education-system\/"]}]},{"@type":"BreadcrumbList","@id":"https:\/\/www.parexstudy.it\/study-in-italy\/italian-education-system\/#breadcrumb","itemListElement":[{"@type":"ListItem","position":1,"name":"Home","item":"https:\/\/www.parexstudy.it\/"},{"@type":"ListItem","position":2,"name":"Home ITALY","item":"https:\/\/www.parexstudy.it\/"},{"@type":"ListItem","position":3,"name":"Italian Education System"}]},{"@type":"WebSite","@id":"https:\/\/www.parexstudy.it\/#website","url":"https:\/\/www.parexstudy.it\/","name":"Parexstudy","description":"\u00d6\u011fren, Ke\u015ffet, Sev","potentialAction":[{"@type":"SearchAction","target":{"@type":"EntryPoint","urlTemplate":"https:\/\/www.parexstudy.it\/?s={search_term_string}"},"query-input":{"@type":"PropertyValueSpecification","valueRequired":true,"valueName":"search_term_string"}}],"inLanguage":"tr"}]}},"_links":{"self":[{"href":"https:\/\/www.parexstudy.it\/tr\/wp-json\/wp\/v2\/pages\/20359","targetHints":{"allow":["GET"]}}],"collection":[{"href":"https:\/\/www.parexstudy.it\/tr\/wp-json\/wp\/v2\/pages"}],"about":[{"href":"https:\/\/www.parexstudy.it\/tr\/wp-json\/wp\/v2\/types\/page"}],"author":[{"embeddable":true,"href":"https:\/\/www.parexstudy.it\/tr\/wp-json\/wp\/v2\/users\/1"}],"replies":[{"embeddable":true,"href":"https:\/\/www.parexstudy.it\/tr\/wp-json\/wp\/v2\/comments?post=20359"}],"version-history":[{"count":13,"href":"https:\/\/www.parexstudy.it\/tr\/wp-json\/wp\/v2\/pages\/20359\/revisions"}],"predecessor-version":[{"id":23988,"href":"https:\/\/www.parexstudy.it\/tr\/wp-json\/wp\/v2\/pages\/20359\/revisions\/23988"}],"up":[{"embeddable":true,"href":"https:\/\/www.parexstudy.it\/tr\/wp-json\/wp\/v2\/pages\/19932"}],"wp:attachment":[{"href":"https:\/\/www.parexstudy.it\/tr\/wp-json\/wp\/v2\/media?parent=20359"}],"curies":[{"name":"wp","href":"https:\/\/api.w.org\/{rel}","templated":true}]}}