{"id":20386,"date":"2023-05-26T22:13:01","date_gmt":"2023-05-26T20:13:01","guid":{"rendered":"https:\/\/www.parexstudy.it\/?page_id=20386"},"modified":"2024-02-19T14:06:08","modified_gmt":"2024-02-19T13:06:08","slug":"kabul-testleri-bt","status":"publish","type":"page","link":"https:\/\/www.parexstudy.it\/tr\/i%cc%87talyada-egi%cc%87ti%cc%87m\/kabul-testleri-bt\/","title":{"rendered":"Kabul Testleri"},"content":{"rendered":"<p>[et_pb_section fb_built=&#8221;1&#8243; fullwidth=&#8221;on&#8221; _builder_version=&#8221;4.21.0&#8243; _module_preset=&#8221;default&#8221; background_color=&#8221;#9ed1e8&#8243; background_image=&#8221;https:\/\/www.parexstudy.it\/wp-content\/uploads\/2023\/05\/bg_def.png&#8221; background_position=&#8221;bottom_right&#8221; locked=&#8221;off&#8221; global_colors_info=&#8221;{}&#8221;][et_pb_fullwidth_header title=&#8221;Admission Tests&#8221; content_max_width=&#8221;80%&#8221; _builder_version=&#8221;4.21.0&#8243; _module_preset=&#8221;default&#8221; title_font=&#8221;Nunito Sans|900|||||||&#8221; title_text_color=&#8221;#000000&#8243; title_font_size=&#8221;65px&#8221; content_font=&#8221;Nunito Sans|900|||||||&#8221; content_text_color=&#8221;#000000&#8243; content_font_size=&#8221;39px&#8221; background_enable_color=&#8221;off&#8221; background_image=&#8221;https:\/\/www.parexstudy.it\/wp-content\/uploads\/2023\/05\/ill.png&#8221; background_size=&#8221;contain&#8221; background_position=&#8221;bottom_right&#8221; custom_button_one=&#8221;on&#8221; button_one_text_size=&#8221;14px&#8221; button_one_text_color=&#8221;#FFFFFF&#8221; button_one_bg_color=&#8221;#62baea&#8221; button_one_border_width=&#8221;0px&#8221; button_one_border_color=&#8221;RGBA(255,255,255,0)&#8221; button_one_border_radius=&#8221;0px&#8221; button_one_font=&#8221;Nunito Sans|900||on|||||&#8221; button_one_custom_padding=&#8221;16px|32px|16px|32px|false|false&#8221; custom_button_two=&#8221;on&#8221; button_two_text_size=&#8221;14px&#8221; button_two_text_color=&#8221;#FFFFFF&#8221; button_two_bg_color=&#8221;#62baea&#8221; button_two_border_width=&#8221;0px&#8221; button_two_border_color=&#8221;RGBA(255,255,255,0)&#8221; button_two_border_radius=&#8221;0px&#8221; button_two_font=&#8221;Nunito Sans|900||on|||||&#8221; button_two_custom_padding=&#8221;16px|32px|16px|32px|false|false&#8221; width=&#8221;95%&#8221; module_alignment=&#8221;center&#8221; custom_padding=&#8221;85px||85px||true|&#8221; title_text_align_tablet=&#8221;left&#8221; title_text_align_phone=&#8221;left&#8221; title_text_align_last_edited=&#8221;on|tablet&#8221; title_font_size_tablet=&#8221;55px&#8221; title_font_size_phone=&#8221;45px&#8221; title_font_size_last_edited=&#8221;on|tablet&#8221; button_two_text_size_tablet=&#8221;14px&#8221; button_two_text_size_phone=&#8221;14px&#8221; button_two_text_size_last_edited=&#8221;on|desktop&#8221; global_colors_info=&#8221;{}&#8221;][\/et_pb_fullwidth_header][\/et_pb_section][et_pb_section fb_built=&#8221;1&#8243; admin_label=&#8221;Features&#8221; _builder_version=&#8221;4.21.0&#8243; _module_preset=&#8221;default&#8221; background_image=&#8221;https:\/\/www.parexstudy.it\/wp-content\/uploads\/2023\/04\/bg_black.png&#8221; background_size=&#8221;contain&#8221; background_position=&#8221;bottom_right&#8221; background_horizontal_offset=&#8221;18%&#8221; custom_margin=&#8221;||||false|false&#8221; locked=&#8221;off&#8221; collapsed=&#8221;off&#8221; global_colors_info=&#8221;{}&#8221;][et_pb_row column_structure=&#8221;1_3,2_3&#8243; _builder_version=&#8221;4.21.0&#8243; _module_preset=&#8221;default&#8221; global_colors_info=&#8221;{}&#8221;][et_pb_column type=&#8221;1_3&#8243; _builder_version=&#8221;4.21.0&#8243; _module_preset=&#8221;default&#8221; custom_padding_tablet=&#8221;||30px||false|false&#8221; custom_padding_phone=&#8221;||30px||false|false&#8221; custom_padding_last_edited=&#8221;on|tablet&#8221; global_colors_info=&#8221;{}&#8221;][et_pb_text _builder_version=&#8221;4.23.1&#8243; _module_preset=&#8221;1f09816e-184e-4ce5-a4cf-b39c52c423ca&#8221; text_font=&#8221;PT Sans||||||||&#8221; text_font_size=&#8221;16px&#8221; text_line_height=&#8221;1.4em&#8221; header_3_font=&#8221;Nunito Sans|900|||||||&#8221; header_3_text_color=&#8221;#62baea&#8221; custom_margin=&#8221;||||false|false&#8221; custom_margin_tablet=&#8221;|||0px|false|false&#8221; custom_margin_phone=&#8221;|||0px|false|false&#8221; custom_margin_last_edited=&#8221;on|tablet&#8221; hover_enabled=&#8221;0&#8243; text_font_size_tablet=&#8221;15px&#8221; text_font_size_phone=&#8221;14px&#8221; text_font_size_last_edited=&#8221;on|phone&#8221; header_font_size_tablet=&#8221;55px&#8221; header_font_size_last_edited=&#8221;off|desktop&#8221; global_colors_info=&#8221;{}&#8221; sticky_enabled=&#8221;0&#8243;]<\/p>\n<p><span style=\"font-weight: 400;\">\u0130talya'da iki t\u00fcr kurs vard\u0131r - kabul s\u0131nav\u0131 olmayan a\u00e7\u0131k kurslar (bu, \u00f6\u011frencilerin \u00fcniversitelere kabul\u00fcn\u00fcn yaln\u0131zca \u00f6nceki \u00e7al\u0131\u015fmalar\u0131n\u0131n sonu\u00e7lar\u0131na, \u00f6zge\u00e7mi\u015flerine, motivasyonlar\u0131na ve tavsiye mektuplar\u0131na dayand\u0131\u011f\u0131 anlam\u0131na gelir) ve programlanm\u0131\u015f say\u0131da \u00f6\u011frencisi olan kapal\u0131 kurslar.<\/span><\/p>\n<p><span style=\"font-weight: 400;\">\u0130kinci durumda ise \u00fcniversitelere kabul edilmek i\u00e7in s\u0131nav\u0131 ge\u00e7mek gerekmektedir.<\/span><\/p>\n<p>.<\/p>\n<p>[\/et_pb_text][\/et_pb_column][et_pb_column type=&#8221;2_3&#8243; _builder_version=&#8221;4.18.0&#8243; _module_preset=&#8221;default&#8221; global_colors_info=&#8221;{}&#8221;][et_pb_text _builder_version=&#8221;4.23.1&#8243; _module_preset=&#8221;1f09816e-184e-4ce5-a4cf-b39c52c423ca&#8221; text_font=&#8221;PT Sans||||||||&#8221; text_font_size=&#8221;16px&#8221; text_line_height=&#8221;1.4em&#8221; header_3_font=&#8221;Nunito Sans|900|||||||&#8221; header_3_text_color=&#8221;#62baea&#8221; background_color=&#8221;#FFFFFF&#8221; custom_margin=&#8221;||||false|false&#8221; custom_margin_tablet=&#8221;|||0px|false|false&#8221; custom_margin_phone=&#8221;|||0px|false|false&#8221; custom_margin_last_edited=&#8221;on|tablet&#8221; custom_padding=&#8221;30px|30px|30px|30px|true|true&#8221; text_font_size_tablet=&#8221;15px&#8221; text_font_size_phone=&#8221;14px&#8221; text_font_size_last_edited=&#8221;on|phone&#8221; header_font_size_tablet=&#8221;55px&#8221; header_font_size_last_edited=&#8221;off|desktop&#8221; box_shadow_style=&#8221;preset1&#8243; box_shadow_horizontal=&#8221;8px&#8221; box_shadow_vertical=&#8221;14px&#8221; box_shadow_blur=&#8221;80px&#8221; box_shadow_color=&#8221;rgba(24,4,58,0.1)&#8221; global_colors_info=&#8221;{%22gcid-acbd5969-9d5f-4bea-a694-e0e16adbbd29%22:%91%22button_text_color%22%93,%22gcid-4d171f29-f5cf-4a1b-99b0-2dc43983beb9%22:%91%22border_color_all%22,%22border_color_all%22%93,%22gcid-e850ad88-05af-4ed0-bc88-7082de258f33%22:%91%22button_bg_color%22%93}&#8221;]<\/p>\n<h2><strong>S\u0131nav t\u00fcrleri \u015funlard\u0131r:<\/strong><strong><\/strong><\/h2>\n<p><\/p>\n<ul>\n<li style=\"font-weight: 400;\" aria-level=\"1\"><b>Dahili giri\u015f testi <\/b><span style=\"font-weight: 400;\">belirli bir \u00fcniversitenin ve\/veya fak\u00fcltenin<\/span><\/li>\n<li style=\"font-weight: 400;\" aria-level=\"1\"><b>IMAT<\/b><span style=\"font-weight: 400;\"> T\u0131p ve Cerrahi b\u00f6l\u00fcmlerine ba\u015fvuran lisans \u00f6\u011frencileri i\u00e7in (Uluslararas\u0131 T\u0131bbi Kabul Testi)<\/span><\/li>\n<li style=\"font-weight: 400;\" aria-level=\"1\"><b>TOLC<\/b><span style=\"font-weight: 400;\"> Eczac\u0131l\u0131k (TOLC-F); Kimya, Fizik, Matematik ve Enformatik (TOLC-S); Ekonomi (TOLC-E), Biyoloji (TOLC-B); T\u0131p ve Cerrahi veya Di\u015f Hekimli\u011fi ve Di\u015f Protezleri (TOLC-MED) ve di\u011fer dersler i\u00e7in (Test OnLine CISIA)<\/span><\/li>\n<li style=\"font-weight: 400;\" aria-level=\"1\"><b>KEMERL\u0130 TEST<\/b><span style=\"font-weight: 400;\"> Mimarl\u0131k ve \u0130n\u015faat M\u00fchendisli\u011fi lisans dersleri i\u00e7in hem Birinci hem de \u0130kinci a\u015fama programlar\u0131 i\u00e7in.<\/span><\/li>\n<li style=\"font-weight: 400;\" aria-level=\"1\"><b>Dil Yeterlilik Testleri.<\/b><span style=\"font-weight: 400;\"> Bir\u00e7ok program, \u00f6zellikle \u0130talyanca e\u011fitim verenler, ana dili \u0130talyanca olmayanlar i\u00e7in \u0130talyanca dil testi (CILS veya CELI) gibi dil yeterlilik testleri gerektirebilir. \u0130ngilizce e\u011fitim veren baz\u0131 programlar IELTS veya TOEFL gibi \u0130ngilizce dil yeterlilik s\u0131navlar\u0131 isteyebilir.<\/span><\/li>\n<li style=\"font-weight: 400;\" aria-level=\"1\"><b>Hukuk Fak\u00fcltesi Kabul S\u0131nav\u0131 (LSAT). <\/b><span style=\"font-weight: 400;\">Baz\u0131 hukuk fak\u00fclteleri, \u00f6zellikle de uluslararas\u0131 veya \u0130ngilizce e\u011fitim veren hukuk fak\u00fclteleri, programlar\u0131na kabul i\u00e7in LSAT s\u0131nav\u0131na girmeyi \u015fart ko\u015fabilir.<\/span><\/li>\n<li style=\"font-weight: 400;\" aria-level=\"1\"><b>Sanat ve Tasar\u0131m Portfolyosu G\u00f6nderimi.<\/b><span style=\"font-weight: 400;\"> Sanat ve tasar\u0131m programlar\u0131 i\u00e7in \u00fcniversiteler, ba\u015fvuru sahibinin sanatsal veya tasar\u0131m \u00e7al\u0131\u015fmalar\u0131n\u0131 sergileyen bir portf\u00f6y sunulmas\u0131n\u0131 isteyebilir.<\/span><\/li>\n<li style=\"font-weight: 400;\" aria-level=\"1\"><b>M\u00fchendislik Kabul Testleri.<\/b><span style=\"font-weight: 400;\"> Baz\u0131 m\u00fchendislik programlar\u0131, ba\u015fvuru sahibinin matematik ve fizik alan\u0131ndaki yeterlili\u011fini de\u011ferlendirmek i\u00e7in konuya \u00f6zel kabul testleri uygulayabilir.<\/span><\/li>\n<\/ul>\n<p>[\/et_pb_text][\/et_pb_column][\/et_pb_row][et_pb_row use_custom_gutter=&#8221;on&#8221; gutter_width=&#8221;1&#8243; make_equal=&#8221;on&#8221; _builder_version=&#8221;4.21.0&#8243; _module_preset=&#8221;default&#8221; custom_padding=&#8221;||||false|false&#8221; global_colors_info=&#8221;{}&#8221;][et_pb_column type=&#8221;4_4&#8243; _builder_version=&#8221;4.18.0&#8243; _module_preset=&#8221;default&#8221; background_color=&#8221;#FFFFFF&#8221; custom_padding=&#8221;60px|60px|60px|60px|true|true&#8221; custom_padding_tablet=&#8221;30px|30px|30px|30px|true|true&#8221; custom_padding_phone=&#8221;20px|20px|20px|20px|true|true&#8221; custom_padding_last_edited=&#8221;on|phone&#8221; box_shadow_style=&#8221;preset1&#8243; box_shadow_horizontal=&#8221;8px&#8221; box_shadow_vertical=&#8221;14px&#8221; box_shadow_blur=&#8221;80px&#8221; box_shadow_color=&#8221;rgba(24,4,58,0.1)&#8221; global_colors_info=&#8221;{%22gcid-acbd5969-9d5f-4bea-a694-e0e16adbbd29%22:%91%22button_text_color%22%93,%22gcid-4d171f29-f5cf-4a1b-99b0-2dc43983beb9%22:%91%22border_color_all%22,%22border_color_all%22%93,%22gcid-e850ad88-05af-4ed0-bc88-7082de258f33%22:%91%22button_bg_color%22%93}&#8221;][et_pb_text _builder_version=&#8221;4.21.0&#8243; _module_preset=&#8221;b327cbe4-b1d5-4b66-ad37-40c8f2f061ba&#8221; header_2_font=&#8221;Nunito Sans|900|||||||&#8221; header_2_font_size=&#8221;48px&#8221; header_2_line_height=&#8221;1.2em&#8221; custom_margin=&#8221;||10px||false|false&#8221; header_2_font_size_tablet=&#8221;32px&#8221; header_2_font_size_phone=&#8221;20px&#8221; header_2_font_size_last_edited=&#8221;on|desktop&#8221; global_colors_info=&#8221;{}&#8221;]<\/p>\n<h2>\u0130talya'n\u0131n En \u0130yi \u00dcniversitesi<\/h2>\n<h3><strong>(QS D\u00fcnya \u00dcniversite S\u0131ralamas\u0131 2023)<\/strong><\/h3>\n<p>[\/et_pb_text][et_pb_divider divider_weight=&#8221;4px&#8221; _builder_version=&#8221;4.20.0&#8243; _module_preset=&#8221;default&#8221; width=&#8221;100px&#8221; locked=&#8221;off&#8221; global_colors_info=&#8221;{}&#8221;][\/et_pb_divider][et_pb_text _builder_version=&#8221;4.21.0&#8243; _module_preset=&#8221;1f09816e-184e-4ce5-a4cf-b39c52c423ca&#8221; text_font=&#8221;PT Sans||||||||&#8221; text_font_size=&#8221;16px&#8221; text_line_height=&#8221;1.4em&#8221; ul_font=&#8221;||||||||&#8221; ul_text_color=&#8221;#000000&#8243; ol_font=&#8221;||||||||&#8221; ol_text_color=&#8221;#000000&#8243; custom_margin=&#8221;24px|||60px|false|false&#8221; custom_margin_tablet=&#8221;|||0px|false|false&#8221; custom_margin_phone=&#8221;|||0px|false|false&#8221; custom_margin_last_edited=&#8221;on|tablet&#8221; text_font_size_tablet=&#8221;15px&#8221; text_font_size_phone=&#8221;14px&#8221; text_font_size_last_edited=&#8221;on|phone&#8221; header_font_size_tablet=&#8221;55px&#8221; header_font_size_last_edited=&#8221;off|desktop&#8221; global_colors_info=&#8221;{}&#8221;]<\/p>\n<ul>\n<li>Milano Politeknik \u00dcniversitesi<\/li>\n<li>Bologna \u00dcniversitesi<\/li>\n<li>Sapienza \u00dcniversitesi (Roma)<\/li>\n<li>Padova \u00dcniversitesi<\/li>\n<li>Milano \u00dcniversitesi<\/li>\n<li>Torino Politeknik \u00dcniversitesi<\/li>\n<li>Pisa \u00dcniversitesi<\/li>\n<li>Napoli Federico II \u00dcniversitesi<\/li>\n<li>Trento \u00dcniversitesi<\/li>\n<li>Floransa \u00dcniversitesi<\/li>\n<\/ul>\n<p>[\/et_pb_text][\/et_pb_column][\/et_pb_row][\/et_pb_section]<\/p>","protected":false},"excerpt":{"rendered":"<p>In Italy there are two types of courses \u2013 open ones with no admission test (it means that the students\u2019 acceptance to the universities is based only on the results of their previous studies, CV, motivation and recommendation letters) and closed ones with a programmed number of students. In the second case it is necessary [&hellip;]<\/p>","protected":false},"author":1,"featured_media":0,"parent":19932,"menu_order":0,"comment_status":"closed","ping_status":"closed","template":"","meta":{"_et_pb_use_builder":"on","_et_pb_old_content":"","_et_gb_content_width":"","footnotes":""},"class_list":["post-20386","page","type-page","status-publish","hentry"],"yoast_head":"<!-- This site is optimized with the Yoast SEO plugin v25.9 - https:\/\/yoast.com\/wordpress\/plugins\/seo\/ -->\n<title>Admission Tests - Parexstudy | IMAT test in Italy | TOLC Test in Italy | Arched test<\/title>\n<meta name=\"description\" content=\"In Italy there are two types of courses \u2013 open ones with no admission test (it means that the students\u2019 acceptance to the universities\" \/>\n<meta name=\"robots\" content=\"index, follow, max-snippet:-1, max-image-preview:large, max-video-preview:-1\" \/>\n<link rel=\"canonical\" href=\"https:\/\/www.parexstudy.it\/tr\/i\u0307talyada-egi\u0307ti\u0307m\/kabul-testleri-bt\/\" \/>\n<meta property=\"og:locale\" content=\"tr_TR\" \/>\n<meta property=\"og:type\" content=\"article\" \/>\n<meta property=\"og:title\" content=\"Admission Tests - Parexstudy | IMAT test in Italy | TOLC Test in Italy | Arched test\" \/>\n<meta property=\"og:description\" content=\"In Italy there are two types of courses \u2013 open ones with no admission test (it means that the students\u2019 acceptance to the universities\" \/>\n<meta property=\"og:url\" content=\"https:\/\/www.parexstudy.it\/tr\/i\u0307talyada-egi\u0307ti\u0307m\/kabul-testleri-bt\/\" \/>\n<meta property=\"og:site_name\" content=\"Parexstudy\" \/>\n<meta property=\"article:modified_time\" content=\"2024-02-19T13:06:08+00:00\" \/>\n<meta name=\"twitter:card\" content=\"summary_large_image\" \/>\n<meta name=\"twitter:label1\" content=\"Tahmini okuma s\u00fcresi\" \/>\n\t<meta name=\"twitter:data1\" content=\"2 dakika\" \/>\n<script type=\"application\/ld+json\" class=\"yoast-schema-graph\">{\"@context\":\"https:\/\/schema.org\",\"@graph\":[{\"@type\":\"WebPage\",\"@id\":\"https:\/\/www.parexstudy.it\/ru\/%d0%be%d0%b1%d1%83%d1%87%d0%b5%d0%bd%d0%b8%d0%b5-%d0%b2-%d0%b8%d1%82%d0%b0%d0%bb%d0%b8%d0%b8\/%d0%b2%d1%81%d1%82%d1%83%d0%bf%d0%b8%d1%82%d0%b5%d0%bb%d1%8c%d0%bd%d1%8b%d0%b5-%d0%b8%d1%81%d0%bf%d1%8b%d1%82%d0%b0%d0%bd%d0%b8%d1%8f\/\",\"url\":\"https:\/\/www.parexstudy.it\/ru\/%d0%be%d0%b1%d1%83%d1%87%d0%b5%d0%bd%d0%b8%d0%b5-%d0%b2-%d0%b8%d1%82%d0%b0%d0%bb%d0%b8%d0%b8\/%d0%b2%d1%81%d1%82%d1%83%d0%bf%d0%b8%d1%82%d0%b5%d0%bb%d1%8c%d0%bd%d1%8b%d0%b5-%d0%b8%d1%81%d0%bf%d1%8b%d1%82%d0%b0%d0%bd%d0%b8%d1%8f\/\",\"name\":\"Admission Tests - Parexstudy | IMAT test in Italy | TOLC Test in Italy | Arched test\",\"isPartOf\":{\"@id\":\"https:\/\/www.parexstudy.it\/#website\"},\"datePublished\":\"2023-05-26T20:13:01+00:00\",\"dateModified\":\"2024-02-19T13:06:08+00:00\",\"description\":\"In Italy there are two types of courses \u2013 open ones with no admission test (it means that the students\u2019 acceptance to the universities\",\"breadcrumb\":{\"@id\":\"https:\/\/www.parexstudy.it\/ru\/%d0%be%d0%b1%d1%83%d1%87%d0%b5%d0%bd%d0%b8%d0%b5-%d0%b2-%d0%b8%d1%82%d0%b0%d0%bb%d0%b8%d0%b8\/%d0%b2%d1%81%d1%82%d1%83%d0%bf%d0%b8%d1%82%d0%b5%d0%bb%d1%8c%d0%bd%d1%8b%d0%b5-%d0%b8%d1%81%d0%bf%d1%8b%d1%82%d0%b0%d0%bd%d0%b8%d1%8f\/#breadcrumb\"},\"inLanguage\":\"tr\",\"potentialAction\":[{\"@type\":\"ReadAction\",\"target\":[\"https:\/\/www.parexstudy.it\/ru\/%d0%be%d0%b1%d1%83%d1%87%d0%b5%d0%bd%d0%b8%d0%b5-%d0%b2-%d0%b8%d1%82%d0%b0%d0%bb%d0%b8%d0%b8\/%d0%b2%d1%81%d1%82%d1%83%d0%bf%d0%b8%d1%82%d0%b5%d0%bb%d1%8c%d0%bd%d1%8b%d0%b5-%d0%b8%d1%81%d0%bf%d1%8b%d1%82%d0%b0%d0%bd%d0%b8%d1%8f\/\"]}]},{\"@type\":\"BreadcrumbList\",\"@id\":\"https:\/\/www.parexstudy.it\/ru\/%d0%be%d0%b1%d1%83%d1%87%d0%b5%d0%bd%d0%b8%d0%b5-%d0%b2-%d0%b8%d1%82%d0%b0%d0%bb%d0%b8%d0%b8\/%d0%b2%d1%81%d1%82%d1%83%d0%bf%d0%b8%d1%82%d0%b5%d0%bb%d1%8c%d0%bd%d1%8b%d0%b5-%d0%b8%d1%81%d0%bf%d1%8b%d1%82%d0%b0%d0%bd%d0%b8%d1%8f\/#breadcrumb\",\"itemListElement\":[{\"@type\":\"ListItem\",\"position\":1,\"name\":\"Home\",\"item\":\"https:\/\/www.parexstudy.it\/\"},{\"@type\":\"ListItem\",\"position\":2,\"name\":\"Home ITALY\",\"item\":\"https:\/\/www.parexstudy.it\/\"},{\"@type\":\"ListItem\",\"position\":3,\"name\":\"Admission Tests\"}]},{\"@type\":\"WebSite\",\"@id\":\"https:\/\/www.parexstudy.it\/#website\",\"url\":\"https:\/\/www.parexstudy.it\/\",\"name\":\"Parexstudy\",\"description\":\"Study, discover, love\",\"potentialAction\":[{\"@type\":\"SearchAction\",\"target\":{\"@type\":\"EntryPoint\",\"urlTemplate\":\"https:\/\/www.parexstudy.it\/?s={search_term_string}\"},\"query-input\":{\"@type\":\"PropertyValueSpecification\",\"valueRequired\":true,\"valueName\":\"search_term_string\"}}],\"inLanguage\":\"tr\"}]}<\/script>\n<!-- \/ Yoast SEO plugin. -->","yoast_head_json":{"title":"Kabul Testleri - Parexstudy | \u0130talya'da IMAT testi | \u0130talya'da TOLC Testi | Kemerli test","description":"\u0130talya'da iki t\u00fcr kurs vard\u0131r - kabul s\u0131nav\u0131 olmayan a\u00e7\u0131k kurslar (bu, \u00f6\u011frencilerin \u00fcniversitelere kabul edildi\u011fi anlam\u0131na gelir)","robots":{"index":"index","follow":"follow","max-snippet":"max-snippet:-1","max-image-preview":"max-image-preview:large","max-video-preview":"max-video-preview:-1"},"canonical":"https:\/\/www.parexstudy.it\/tr\/i\u0307talyada-egi\u0307ti\u0307m\/kabul-testleri-bt\/","og_locale":"tr_TR","og_type":"article","og_title":"Admission Tests - Parexstudy | IMAT test in Italy | TOLC Test in Italy | Arched test","og_description":"In Italy there are two types of courses \u2013 open ones with no admission test (it means that the students\u2019 acceptance to the universities","og_url":"https:\/\/www.parexstudy.it\/tr\/i\u0307talyada-egi\u0307ti\u0307m\/kabul-testleri-bt\/","og_site_name":"Parexstudy","article_modified_time":"2024-02-19T13:06:08+00:00","twitter_card":"summary_large_image","twitter_misc":{"Tahmini okuma s\u00fcresi":"2 dakika"},"schema":{"@context":"https:\/\/schema.org","@graph":[{"@type":"WebPage","@id":"https:\/\/www.parexstudy.it\/ru\/%d0%be%d0%b1%d1%83%d1%87%d0%b5%d0%bd%d0%b8%d0%b5-%d0%b2-%d0%b8%d1%82%d0%b0%d0%bb%d0%b8%d0%b8\/%d0%b2%d1%81%d1%82%d1%83%d0%bf%d0%b8%d1%82%d0%b5%d0%bb%d1%8c%d0%bd%d1%8b%d0%b5-%d0%b8%d1%81%d0%bf%d1%8b%d1%82%d0%b0%d0%bd%d0%b8%d1%8f\/","url":"https:\/\/www.parexstudy.it\/ru\/%d0%be%d0%b1%d1%83%d1%87%d0%b5%d0%bd%d0%b8%d0%b5-%d0%b2-%d0%b8%d1%82%d0%b0%d0%bb%d0%b8%d0%b8\/%d0%b2%d1%81%d1%82%d1%83%d0%bf%d0%b8%d1%82%d0%b5%d0%bb%d1%8c%d0%bd%d1%8b%d0%b5-%d0%b8%d1%81%d0%bf%d1%8b%d1%82%d0%b0%d0%bd%d0%b8%d1%8f\/","name":"Kabul Testleri - Parexstudy | \u0130talya'da IMAT testi | \u0130talya'da TOLC Testi | Kemerli test","isPartOf":{"@id":"https:\/\/www.parexstudy.it\/#website"},"datePublished":"2023-05-26T20:13:01+00:00","dateModified":"2024-02-19T13:06:08+00:00","description":"\u0130talya'da iki t\u00fcr kurs vard\u0131r - kabul s\u0131nav\u0131 olmayan a\u00e7\u0131k kurslar (bu, \u00f6\u011frencilerin \u00fcniversitelere kabul edildi\u011fi anlam\u0131na gelir)","breadcrumb":{"@id":"https:\/\/www.parexstudy.it\/ru\/%d0%be%d0%b1%d1%83%d1%87%d0%b5%d0%bd%d0%b8%d0%b5-%d0%b2-%d0%b8%d1%82%d0%b0%d0%bb%d0%b8%d0%b8\/%d0%b2%d1%81%d1%82%d1%83%d0%bf%d0%b8%d1%82%d0%b5%d0%bb%d1%8c%d0%bd%d1%8b%d0%b5-%d0%b8%d1%81%d0%bf%d1%8b%d1%82%d0%b0%d0%bd%d0%b8%d1%8f\/#breadcrumb"},"inLanguage":"tr","potentialAction":[{"@type":"ReadAction","target":["https:\/\/www.parexstudy.it\/ru\/%d0%be%d0%b1%d1%83%d1%87%d0%b5%d0%bd%d0%b8%d0%b5-%d0%b2-%d0%b8%d1%82%d0%b0%d0%bb%d0%b8%d0%b8\/%d0%b2%d1%81%d1%82%d1%83%d0%bf%d0%b8%d1%82%d0%b5%d0%bb%d1%8c%d0%bd%d1%8b%d0%b5-%d0%b8%d1%81%d0%bf%d1%8b%d1%82%d0%b0%d0%bd%d0%b8%d1%8f\/"]}]},{"@type":"BreadcrumbList","@id":"https:\/\/www.parexstudy.it\/ru\/%d0%be%d0%b1%d1%83%d1%87%d0%b5%d0%bd%d0%b8%d0%b5-%d0%b2-%d0%b8%d1%82%d0%b0%d0%bb%d0%b8%d0%b8\/%d0%b2%d1%81%d1%82%d1%83%d0%bf%d0%b8%d1%82%d0%b5%d0%bb%d1%8c%d0%bd%d1%8b%d0%b5-%d0%b8%d1%81%d0%bf%d1%8b%d1%82%d0%b0%d0%bd%d0%b8%d1%8f\/#breadcrumb","itemListElement":[{"@type":"ListItem","position":1,"name":"Home","item":"https:\/\/www.parexstudy.it\/"},{"@type":"ListItem","position":2,"name":"Home ITALY","item":"https:\/\/www.parexstudy.it\/"},{"@type":"ListItem","position":3,"name":"Admission Tests"}]},{"@type":"WebSite","@id":"https:\/\/www.parexstudy.it\/#website","url":"https:\/\/www.parexstudy.it\/","name":"Parexstudy","description":"\u00d6\u011fren, Ke\u015ffet, Sev","potentialAction":[{"@type":"SearchAction","target":{"@type":"EntryPoint","urlTemplate":"https:\/\/www.parexstudy.it\/?s={search_term_string}"},"query-input":{"@type":"PropertyValueSpecification","valueRequired":true,"valueName":"search_term_string"}}],"inLanguage":"tr"}]}},"_links":{"self":[{"href":"https:\/\/www.parexstudy.it\/tr\/wp-json\/wp\/v2\/pages\/20386","targetHints":{"allow":["GET"]}}],"collection":[{"href":"https:\/\/www.parexstudy.it\/tr\/wp-json\/wp\/v2\/pages"}],"about":[{"href":"https:\/\/www.parexstudy.it\/tr\/wp-json\/wp\/v2\/types\/page"}],"author":[{"embeddable":true,"href":"https:\/\/www.parexstudy.it\/tr\/wp-json\/wp\/v2\/users\/1"}],"replies":[{"embeddable":true,"href":"https:\/\/www.parexstudy.it\/tr\/wp-json\/wp\/v2\/comments?post=20386"}],"version-history":[{"count":8,"href":"https:\/\/www.parexstudy.it\/tr\/wp-json\/wp\/v2\/pages\/20386\/revisions"}],"predecessor-version":[{"id":23327,"href":"https:\/\/www.parexstudy.it\/tr\/wp-json\/wp\/v2\/pages\/20386\/revisions\/23327"}],"up":[{"embeddable":true,"href":"https:\/\/www.parexstudy.it\/tr\/wp-json\/wp\/v2\/pages\/19932"}],"wp:attachment":[{"href":"https:\/\/www.parexstudy.it\/tr\/wp-json\/wp\/v2\/media?parent=20386"}],"curies":[{"name":"wp","href":"https:\/\/api.w.org\/{rel}","templated":true}]}}