{"id":20899,"date":"2023-07-03T23:09:50","date_gmt":"2023-07-03T21:09:50","guid":{"rendered":"https:\/\/www.parexstudy.it\/?page_id=20899"},"modified":"2023-11-09T16:48:08","modified_gmt":"2023-11-09T15:48:08","slug":"gizlilik-politikasi","status":"publish","type":"page","link":"https:\/\/www.parexstudy.it\/tr\/gizlilik-politikasi\/","title":{"rendered":"Gizlilik Politikas\u0131"},"content":{"rendered":"<p>[et_pb_section fb_built=&#8221;1&#8243; admin_label=&#8221;Features&#8221; _builder_version=&#8221;4.20.0&#8243; _module_preset=&#8221;default&#8221; background_color=&#8221;#FFFFFF&#8221; custom_margin=&#8221;50px||50px||false|false&#8221; locked=&#8221;off&#8221; collapsed=&#8221;on&#8221; global_colors_info=&#8221;{}&#8221;][et_pb_row _builder_version=&#8221;4.18.0&#8243; _module_preset=&#8221;default&#8221; global_colors_info=&#8221;{}&#8221;][et_pb_column type=&#8221;4_4&#8243; _builder_version=&#8221;4.18.0&#8243; _module_preset=&#8221;default&#8221; custom_padding_tablet=&#8221;||30px||false|false&#8221; custom_padding_phone=&#8221;||30px||false|false&#8221; custom_padding_last_edited=&#8221;on|tablet&#8221; global_colors_info=&#8221;{}&#8221;][et_pb_text _builder_version=&#8221;4.23.1&#8243; _module_preset=&#8221;e6504a1b-67eb-4b3d-b023-bcab277610b6&#8243; header_4_font=&#8221;Nunito Sans|900||on|||||&#8221; header_4_text_color=&#8221;gcid-6d7bd22a-fb70-4813-a84e-455e41a87331&#8243; header_4_font_size=&#8221;14px&#8221; header_4_letter_spacing=&#8221;0.1em&#8221; header_4_line_height=&#8221;1.2em&#8221; custom_margin=&#8221;||0px||false|false&#8221; hover_enabled=&#8221;0&#8243; global_colors_info=&#8221;{%22gcid-6d7bd22a-fb70-4813-a84e-455e41a87331%22:%91%22header_4_text_color%22%93}&#8221; sticky_enabled=&#8221;0&#8243;]<\/p>\n<h4>Parexstudy<\/h4>\n<p>[\/et_pb_text][et_pb_text _builder_version=&#8221;4.21.0&#8243; _module_preset=&#8221;b327cbe4-b1d5-4b66-ad37-40c8f2f061ba&#8221; header_2_font=&#8221;Nunito Sans|900|||||||&#8221; header_2_font_size=&#8221;48px&#8221; header_2_line_height=&#8221;1.2em&#8221; header_2_font_size_tablet=&#8221;32px&#8221; header_2_font_size_phone=&#8221;20px&#8221; header_2_font_size_last_edited=&#8221;on|desktop&#8221; global_colors_info=&#8221;{}&#8221;]<\/p>\n<h2>Gizlilik Politikas\u0131<\/h2>\n<p>[\/et_pb_text][et_pb_divider divider_weight=&#8221;4px&#8221; _builder_version=&#8221;4.20.0&#8243; _module_preset=&#8221;default&#8221; width=&#8221;100px&#8221; locked=&#8221;off&#8221; global_colors_info=&#8221;{}&#8221;][\/et_pb_divider][et_pb_text _builder_version=&#8221;4.23.1&#8243; _module_preset=&#8221;1f09816e-184e-4ce5-a4cf-b39c52c423ca&#8221; text_font=&#8221;PT Sans||||||||&#8221; text_font_size=&#8221;16px&#8221; text_line_height=&#8221;1.4em&#8221; header_3_font=&#8221;Nunito Sans|900|||||||&#8221; header_3_text_color=&#8221;#62baea&#8221; custom_margin=&#8221;|||60px|false|false&#8221; custom_margin_tablet=&#8221;|||0px|false|false&#8221; custom_margin_phone=&#8221;|||0px|false|false&#8221; custom_margin_last_edited=&#8221;on|tablet&#8221; hover_enabled=&#8221;0&#8243; text_font_size_tablet=&#8221;15px&#8221; text_font_size_phone=&#8221;14px&#8221; text_font_size_last_edited=&#8221;on|phone&#8221; header_font_size_tablet=&#8221;55px&#8221; header_font_size_last_edited=&#8221;off|desktop&#8221; global_colors_info=&#8221;{}&#8221; sticky_enabled=&#8221;0&#8243;]<\/p>\n<p><strong style=\"font-size: 16px;\">La presente informativa \u00e8 resa, nel rispetto degli artt. 13 e 14 del Regolamento UE 679\/2016<\/strong><span style=\"font-size: 16px;\">\u00a0<\/span><span style=\"font-size: 16px;\">(di seguito \"Regolamento\"), agli utilizzatori (di seguito: \"Utenti\" oppure \"Utente\") del sito in versione desktop e mobile e applicazioni<\/span><span style=\"font-size: 16px;\"> <a href=\"http:\/\/www.parexstudy.it\/tr\/\">www.parexstudy.it<\/a> <\/span><span style=\"font-size: 16px;\">(devam\u0131nda: \"Sito e App\") Parex s.r.l. m\u00fclkiyetindedir, Titolare del Trattamento dei dati personali (di seguito: \"Titolare\") ed ha lo scopo di descrivere le modalit\u00e0 di gestione di Sito e App coniferimento al trattamento dei dati personali, nonch\u00e9 di consentire agli Utenti di Sito e App di conoscere le finalit\u00e0 e le modalit\u00e0 di trattamento dei dati personali da parte del Titolare in caseo di loro conferimento.<\/span><\/p>\n<p>Genel s\u00f6zle\u015fme ko\u015fullar\u0131nda belirtildi\u011fi gibi, Titolare taraf\u0131ndan sunulan hizmetler 18 ya\u015f\u0131ndan b\u00fcy\u00fck ki\u015filere sunulur. Titolare'\u0131n 18 ya\u015f\u0131ndan k\u00fc\u00e7\u00fcklerin verilerinin ge\u00e7erli bir genitori r\u0131zas\u0131 veya yasal bir vasisi olmadan i\u015flendi\u011fini \u00f6\u011frenmesi durumunda, teklif edilen hizmetin ger\u00e7ekle\u015ftirilmesini tek tarafl\u0131 olarak durdurma ve edinilen verileri iptal etme hakk\u0131 do\u011far.<\/p>\n<div>\n<article id=\"m_-133345591103999340node-77\">I termini che non vengono definiti nella presente Informativa sulla protezione dei dati personali hanno lo stesso significato descritto nelle<span> genel s\u00f6zle\u015fme \u015fartlari.<\/span><\/p>\n<p>&nbsp;<\/p>\n<p>&nbsp;<\/p>\n<p>&nbsp;<\/p>\n<p>&nbsp;<\/p>\n<p>&nbsp;<\/p>\n<p>I Dati verranno trattati con mezzi informatici per le finalit\u00e0 indicated sopra, eventuallymente potrebbero essere trattati per consentirle di esprimere un feedback sulla qualit\u00e0 del servizio offerto or sulla sua esperienza di navigazione del sito. Formda belirtilen veriler gerekli oldu\u011fu takdirde kullan\u0131lacakt\u0131r. Kay\u0131t formuna istinaden, Le vengono richiesti due consensi (ai sensi degli<span>\u00a0<\/span><strong>md. 13 ve 14 del Regolamento UE 679\/2016<\/strong>), detti consensi sono da considerarsi del tutto facoltativi, ma sono la condizione essenziale affinch\u00e9 Parex srl. o le li nihai societ\u00e0 partner possano inviarle, anche tramite e-mail, newsletter commerciali e\/o offerte commerciali. Riceverle'i derecelendirmek i\u00e7in serbest\u00e7e kayd\u0131r\u0131n; her an ricezione'yi kesebilece\u011finizi unutmay\u0131n, her invio'da verilen apposita indicazione'ye t\u0131klay\u0131n.<\/p>\n<p>Anche in assenza di un Suo espresso consenso, ai sensi dell'articolo<span>\u00a0<\/span><strong>madde. 13 ve 14 del Regolamento UE 679\/2016<\/strong><span>\u00a0<\/span>i suoi Dati saranno comunicati all'Agenzia per fornirle un pronto riscontro. Ayr\u0131ca, daha \u00f6nce de belirtildi\u011fi gibi, Dati'leriniz, Titolare'nin orta\u011f\u0131 olan bir toplulukla, bu t\u00fcr bir ileti\u015fimi kabul etti\u011fi takdirde ileti\u015fim kuracakt\u0131r. Hi\u00e7bir durumda kendi verileriniz farkl\u0131 olmayacakt\u0131r. In relazione al trattamento dei predetti Dati ai sensi dell'<span>\u00a0<\/span><strong>madde. 13 ve 14 del Regolamento UE 679\/2016<\/strong>Lei ha il diritto di ottenere, senza ritardo a cura del titolare del trattamento or del Responsabile:<\/p>\n<p>1. ilgili ki\u015fisel verilerin varl\u0131\u011f\u0131n\u0131n kabul edilmesi ve bu verilerin ve bunlar\u0131n k\u00f6kenlerinin anla\u015f\u0131l\u0131r bir \u015fekilde iletilmesi, ayr\u0131ca i\u015flemin dayand\u0131\u011f\u0131 mant\u0131\u011f\u0131n a\u00e7\u0131klanmas\u0131;<br \/>2. la cancelazione, trasformazione in form anonima or il blocco dei datati trattati in violazione di legge, compresi quelli di non \u00e8 necessaria la conservation in relazione agli scopi i quali i dati sono stati raccolti or successivamente trattati;<br \/>3. l'aggiornamento, la rettificazione ovvero, qualora Vi abbia interesse, l'integrazione dei dati.<\/p>\n<p>\u0130lgilenen, t\u00fcm\u00fcyle veya k\u0131smen, ilgili ki\u015fisel verilerin izlenmesi i\u00e7in yasal nedenlerle, ayr\u0131ca yar\u0131\u015fman\u0131n belirtilen kapsam\u0131 ile ilgili olarak f\u0131rsatlara sahiptir. Titolare del trattamento dei dati personali raccolti \u00e8 Parex S.r.l., in persona del legale rappresentante pro tempore, con sede in Milano, Via Aosta 4A. Trattamento sorumlusu \u00e8 il Responsabile dei sistem informativi pro tempore, domiciliato per la carica presso la sede della societ\u00e0.<\/p>\n<\/article>\n<\/div>\n<p>[\/et_pb_text][\/et_pb_column][\/et_pb_row][\/et_pb_section]<\/p>","protected":false},"excerpt":{"rendered":"<p>ParexstudyPrivacy PolicyLa presente informativa \u00e8 resa, nel rispetto degli artt. 13 e 14 del Regolamento UE 679\/2016\u00a0(di seguito \u201cRegolamento\u201d), agli utilizzatori (di seguito: \u201cUtenti\u201d oppure \u201cUtente\u201d) del sito in versione desktop e mobile e applicazioni www.parexstudy.it , (di seguito: \u201cSito e App\u201d) di propriet\u00e0 di Parex s.r.l., Titolare del Trattamento dei dati personali (di seguito: [&hellip;]<\/p>","protected":false},"author":1,"featured_media":0,"parent":0,"menu_order":0,"comment_status":"closed","ping_status":"closed","template":"","meta":{"_et_pb_use_builder":"on","_et_pb_old_content":"","_et_gb_content_width":"","footnotes":""},"class_list":["post-20899","page","type-page","status-publish","hentry"],"yoast_head":"<!-- This site is optimized with the Yoast SEO plugin v25.9 - https:\/\/yoast.com\/wordpress\/plugins\/seo\/ -->\n<title>Privacy Policy - Parexstudy<\/title>\n<meta name=\"robots\" content=\"index, follow, max-snippet:-1, max-image-preview:large, max-video-preview:-1\" \/>\n<link rel=\"canonical\" href=\"https:\/\/www.parexstudy.it\/tr\/gizlilik-politikasi\/\" \/>\n<meta property=\"og:locale\" content=\"tr_TR\" \/>\n<meta property=\"og:type\" content=\"article\" \/>\n<meta property=\"og:title\" content=\"Privacy Policy - Parexstudy\" \/>\n<meta property=\"og:description\" content=\"ParexstudyPrivacy PolicyLa presente informativa \u00e8 resa, nel rispetto degli artt. 13 e 14 del Regolamento UE 679\/2016\u00a0(di seguito \u201cRegolamento\u201d), agli utilizzatori (di seguito: \u201cUtenti\u201d oppure \u201cUtente\u201d) del sito in versione desktop e mobile e applicazioni www.parexstudy.it , (di seguito: \u201cSito e App\u201d) di propriet\u00e0 di Parex s.r.l., Titolare del Trattamento dei dati personali (di seguito: [&hellip;]\" \/>\n<meta property=\"og:url\" content=\"https:\/\/www.parexstudy.it\/tr\/gizlilik-politikasi\/\" \/>\n<meta property=\"og:site_name\" content=\"Parexstudy\" \/>\n<meta property=\"article:modified_time\" content=\"2023-11-09T15:48:08+00:00\" \/>\n<meta name=\"twitter:card\" content=\"summary_large_image\" \/>\n<meta name=\"twitter:label1\" content=\"Tahmini okuma s\u00fcresi\" \/>\n\t<meta name=\"twitter:data1\" content=\"4 dakika\" \/>\n<script type=\"application\/ld+json\" class=\"yoast-schema-graph\">{\"@context\":\"https:\/\/schema.org\",\"@graph\":[{\"@type\":\"WebPage\",\"@id\":\"https:\/\/www.parexstudy.it\/privacy-policy\/\",\"url\":\"https:\/\/www.parexstudy.it\/privacy-policy\/\",\"name\":\"Privacy Policy - Parexstudy\",\"isPartOf\":{\"@id\":\"https:\/\/www.parexstudy.it\/#website\"},\"datePublished\":\"2023-07-03T21:09:50+00:00\",\"dateModified\":\"2023-11-09T15:48:08+00:00\",\"breadcrumb\":{\"@id\":\"https:\/\/www.parexstudy.it\/privacy-policy\/#breadcrumb\"},\"inLanguage\":\"tr\",\"potentialAction\":[{\"@type\":\"ReadAction\",\"target\":[\"https:\/\/www.parexstudy.it\/privacy-policy\/\"]}]},{\"@type\":\"BreadcrumbList\",\"@id\":\"https:\/\/www.parexstudy.it\/privacy-policy\/#breadcrumb\",\"itemListElement\":[{\"@type\":\"ListItem\",\"position\":1,\"name\":\"Home\",\"item\":\"https:\/\/www.parexstudy.it\/\"},{\"@type\":\"ListItem\",\"position\":2,\"name\":\"Privacy Policy\"}]},{\"@type\":\"WebSite\",\"@id\":\"https:\/\/www.parexstudy.it\/#website\",\"url\":\"https:\/\/www.parexstudy.it\/\",\"name\":\"Parexstudy\",\"description\":\"Study, discover, love\",\"potentialAction\":[{\"@type\":\"SearchAction\",\"target\":{\"@type\":\"EntryPoint\",\"urlTemplate\":\"https:\/\/www.parexstudy.it\/?s={search_term_string}\"},\"query-input\":{\"@type\":\"PropertyValueSpecification\",\"valueRequired\":true,\"valueName\":\"search_term_string\"}}],\"inLanguage\":\"tr\"}]}<\/script>\n<!-- \/ Yoast SEO plugin. -->","yoast_head_json":{"title":"Gizlilik Politikas\u0131 - Parexstudy","robots":{"index":"index","follow":"follow","max-snippet":"max-snippet:-1","max-image-preview":"max-image-preview:large","max-video-preview":"max-video-preview:-1"},"canonical":"https:\/\/www.parexstudy.it\/tr\/gizlilik-politikasi\/","og_locale":"tr_TR","og_type":"article","og_title":"Privacy Policy - Parexstudy","og_description":"ParexstudyPrivacy PolicyLa presente informativa \u00e8 resa, nel rispetto degli artt. 13 e 14 del Regolamento UE 679\/2016\u00a0(di seguito \u201cRegolamento\u201d), agli utilizzatori (di seguito: \u201cUtenti\u201d oppure \u201cUtente\u201d) del sito in versione desktop e mobile e applicazioni www.parexstudy.it , (di seguito: \u201cSito e App\u201d) di propriet\u00e0 di Parex s.r.l., Titolare del Trattamento dei dati personali (di seguito: [&hellip;]","og_url":"https:\/\/www.parexstudy.it\/tr\/gizlilik-politikasi\/","og_site_name":"Parexstudy","article_modified_time":"2023-11-09T15:48:08+00:00","twitter_card":"summary_large_image","twitter_misc":{"Tahmini okuma s\u00fcresi":"4 dakika"},"schema":{"@context":"https:\/\/schema.org","@graph":[{"@type":"WebPage","@id":"https:\/\/www.parexstudy.it\/privacy-policy\/","url":"https:\/\/www.parexstudy.it\/privacy-policy\/","name":"Gizlilik Politikas\u0131 - Parexstudy","isPartOf":{"@id":"https:\/\/www.parexstudy.it\/#website"},"datePublished":"2023-07-03T21:09:50+00:00","dateModified":"2023-11-09T15:48:08+00:00","breadcrumb":{"@id":"https:\/\/www.parexstudy.it\/privacy-policy\/#breadcrumb"},"inLanguage":"tr","potentialAction":[{"@type":"ReadAction","target":["https:\/\/www.parexstudy.it\/privacy-policy\/"]}]},{"@type":"BreadcrumbList","@id":"https:\/\/www.parexstudy.it\/privacy-policy\/#breadcrumb","itemListElement":[{"@type":"ListItem","position":1,"name":"Home","item":"https:\/\/www.parexstudy.it\/"},{"@type":"ListItem","position":2,"name":"Privacy Policy"}]},{"@type":"WebSite","@id":"https:\/\/www.parexstudy.it\/#website","url":"https:\/\/www.parexstudy.it\/","name":"Parexstudy","description":"\u00d6\u011fren, Ke\u015ffet, Sev","potentialAction":[{"@type":"SearchAction","target":{"@type":"EntryPoint","urlTemplate":"https:\/\/www.parexstudy.it\/?s={search_term_string}"},"query-input":{"@type":"PropertyValueSpecification","valueRequired":true,"valueName":"search_term_string"}}],"inLanguage":"tr"}]}},"_links":{"self":[{"href":"https:\/\/www.parexstudy.it\/tr\/wp-json\/wp\/v2\/pages\/20899","targetHints":{"allow":["GET"]}}],"collection":[{"href":"https:\/\/www.parexstudy.it\/tr\/wp-json\/wp\/v2\/pages"}],"about":[{"href":"https:\/\/www.parexstudy.it\/tr\/wp-json\/wp\/v2\/types\/page"}],"author":[{"embeddable":true,"href":"https:\/\/www.parexstudy.it\/tr\/wp-json\/wp\/v2\/users\/1"}],"replies":[{"embeddable":true,"href":"https:\/\/www.parexstudy.it\/tr\/wp-json\/wp\/v2\/comments?post=20899"}],"version-history":[{"count":9,"href":"https:\/\/www.parexstudy.it\/tr\/wp-json\/wp\/v2\/pages\/20899\/revisions"}],"predecessor-version":[{"id":20978,"href":"https:\/\/www.parexstudy.it\/tr\/wp-json\/wp\/v2\/pages\/20899\/revisions\/20978"}],"wp:attachment":[{"href":"https:\/\/www.parexstudy.it\/tr\/wp-json\/wp\/v2\/media?parent=20899"}],"curies":[{"name":"wp","href":"https:\/\/api.w.org\/{rel}","templated":true}]}}