{"id":20902,"date":"2023-07-03T23:11:59","date_gmt":"2023-07-03T21:11:59","guid":{"rendered":"https:\/\/www.parexstudy.it\/?page_id=20902"},"modified":"2023-11-09T16:07:23","modified_gmt":"2023-11-09T15:07:23","slug":"cerez-poli%cc%87ti%cc%87kasi","status":"publish","type":"page","link":"https:\/\/www.parexstudy.it\/tr\/cerez-poli%cc%87ti%cc%87kasi\/","title":{"rendered":"\u00c7erez Politikas\u0131"},"content":{"rendered":"<p>[et_pb_section fb_built=&#8221;1&#8243; admin_label=&#8221;Features&#8221; _builder_version=&#8221;4.20.0&#8243; _module_preset=&#8221;default&#8221; background_color=&#8221;#FFFFFF&#8221; custom_margin=&#8221;50px||50px||false|false&#8221; locked=&#8221;off&#8221; collapsed=&#8221;off&#8221; global_colors_info=&#8221;{}&#8221;][et_pb_row _builder_version=&#8221;4.18.0&#8243; _module_preset=&#8221;default&#8221; global_colors_info=&#8221;{}&#8221;][et_pb_column type=&#8221;4_4&#8243; _builder_version=&#8221;4.18.0&#8243; _module_preset=&#8221;default&#8221; custom_padding_tablet=&#8221;||30px||false|false&#8221; custom_padding_phone=&#8221;||30px||false|false&#8221; custom_padding_last_edited=&#8221;on|tablet&#8221; global_colors_info=&#8221;{}&#8221;][et_pb_text _builder_version=&#8221;4.23.1&#8243; _module_preset=&#8221;e6504a1b-67eb-4b3d-b023-bcab277610b6&#8243; header_4_font=&#8221;Nunito Sans|900||on|||||&#8221; header_4_text_color=&#8221;gcid-6d7bd22a-fb70-4813-a84e-455e41a87331&#8243; header_4_font_size=&#8221;14px&#8221; header_4_letter_spacing=&#8221;0.1em&#8221; header_4_line_height=&#8221;1.2em&#8221; custom_margin=&#8221;||0px||false|false&#8221; hover_enabled=&#8221;0&#8243; global_colors_info=&#8221;{%22gcid-6d7bd22a-fb70-4813-a84e-455e41a87331%22:%91%22header_4_text_color%22%93}&#8221; admin_label=&#8221;Testo&#8221; sticky_enabled=&#8221;0&#8243;]<\/p>\n<h4>Parexstudy<\/h4>\n<p>[\/et_pb_text][et_pb_text _builder_version=&#8221;4.23.1&#8243; _module_preset=&#8221;b327cbe4-b1d5-4b66-ad37-40c8f2f061ba&#8221; header_2_font=&#8221;Nunito Sans|900|||||||&#8221; header_2_font_size=&#8221;48px&#8221; header_2_line_height=&#8221;1.2em&#8221; hover_enabled=&#8221;0&#8243; header_2_font_size_tablet=&#8221;32px&#8221; header_2_font_size_phone=&#8221;20px&#8221; header_2_font_size_last_edited=&#8221;on|desktop&#8221; global_colors_info=&#8221;{}&#8221; admin_label=&#8221;Testo&#8221; sticky_enabled=&#8221;0&#8243;]<\/p>\n<h2>\u00c7erez Politikas\u0131<\/h2>\n<p>[\/et_pb_text][et_pb_divider divider_weight=&#8221;4px&#8221; _builder_version=&#8221;4.20.0&#8243; _module_preset=&#8221;default&#8221; width=&#8221;100px&#8221; locked=&#8221;off&#8221; global_colors_info=&#8221;{}&#8221;][\/et_pb_divider][et_pb_text _builder_version=&#8221;4.23.1&#8243; _module_preset=&#8221;1f09816e-184e-4ce5-a4cf-b39c52c423ca&#8221; text_font=&#8221;PT Sans||||||||&#8221; text_font_size=&#8221;16px&#8221; text_line_height=&#8221;1.4em&#8221; header_3_font=&#8221;Nunito Sans|900|||||||&#8221; header_3_text_color=&#8221;#62baea&#8221; custom_margin=&#8221;|||60px|false|false&#8221; custom_margin_tablet=&#8221;|||0px|false|false&#8221; custom_margin_phone=&#8221;|||0px|false|false&#8221; custom_margin_last_edited=&#8221;on|tablet&#8221; hover_enabled=&#8221;0&#8243; text_font_size_tablet=&#8221;15px&#8221; text_font_size_phone=&#8221;14px&#8221; text_font_size_last_edited=&#8221;on|phone&#8221; header_font_size_tablet=&#8221;55px&#8221; header_font_size_last_edited=&#8221;off|desktop&#8221; global_colors_info=&#8221;{}&#8221; admin_label=&#8221;Testo&#8221; sticky_enabled=&#8221;0&#8243;]<\/p>\n<h3>Politica dei cookie di questo site in ottemperanza alla direttiva del Garante della Privacy.<\/h3>\n<p>Il Garante della Privacy ha recepito una direttiva europea che impone agli amministratori delle amministratori delle pagine web di mostrare ai visitatori un banner che li info di quale sia lo politica dei cookie del sito che stanno consultando e di subordinare la sua accettazione al proseguimento della navigazione. Bu ba\u011flamda, daha fazla bilgiye ihtiyac\u0131n\u0131z varsa veya bu sitenin gizlilik politikas\u0131na ili\u015fkin sorular\u0131n\u0131z varsa, bize e-posta yoluyla a\u015fa\u011f\u0131daki adresten ula\u015fman\u0131z\u0131 \u00f6neririz\u00a0<a href=\"mailto:info@parexstudy.it\" target=\"_blank\" rel=\"noopener\">info@parexstudy.it<\/a><\/p>\n<p>Bu sayfada, a\u015fa\u011f\u0131daki y\u00f6ntemler a\u00e7\u0131klanmaktad\u0131r\u00a0<strong>ki\u0307\u015fi\u0307sel bi\u0307lgi\u0307ler<\/strong>\u00a0vengono ricevute e raccolte e come sono utilizzate da\u00a0<a href=\"https:\/\/www.parexstudy.it\/tr\/\" target=\"_blank\" rel=\"noopener\" data-saferedirecturl=\"https:\/\/www.google.com\/url?q=https:\/\/www.parexstudy.it&amp;source=gmail&amp;ust=1688504508502000&amp;usg=AOvVaw0KWo5Xfqeb5KlMZpsTFfWw\">www.<wbr \/>parexstudy.it<\/a>. A questo scopo si usano i cookie vale a dire dei file testuali per agevolare la navigazione dell'utente.<\/p>\n<h3>\u00a0<\/h3>\n<h3>\u00a0<\/h3>\n<h3>\u00a0<\/h3>\n<h3>I cookie che utilizziamo sono i seguenti:<\/h3>\n<div>\n<div>\n<article id=\"m_-133345591103999340node-77\">\n<div>\n<ul>\n<li><strong>\u00c7erezler di sessione:<\/strong>\u00a0I cookies di sessione sono memorizzati temporaneamente and hanno una validit\u00e0 limitata nel tempo, pertanto non registrano in modo permanente nessuna informazione sull'hard disk del computer dell'Utente. Bu \u00e7erezler, her bir kullan\u0131c\u0131n\u0131n oturumunun ba\u015flang\u0131c\u0131na ili\u015fkin bilgileri kaydetmeye izin verir.<\/li>\n<li><strong>Cookie analitici\/di performance:<\/strong>\u00a0Web sitemize eri\u015fen ziyaret\u00e7i say\u0131s\u0131n\u0131 ve ziyaret\u00e7ilerin nas\u0131l gezindi\u011fini ve kulland\u0131\u011f\u0131n\u0131 g\u00f6rmemizi sa\u011flar. Bu, web sitemizin i\u015fleyi\u015fini iyile\u015ftirmeye yard\u0131mc\u0131 olur (\u00f6rne\u011fin, kullan\u0131c\u0131lar\u0131n arad\u0131klar\u0131 bilgileri daha kolay bulmalar\u0131n\u0131 sa\u011flar). Bu \u00e7erezler, kullan\u0131c\u0131n\u0131n kimli\u011fini belirleyebilecek herhangi bir bilgi toplamaz. Tutte le informazioni raccolte sono anonime e vengono utilizzate only per aiutarci a migliorare il funzionamento del nostro site web.<\/li>\n<li><strong>Cookie tecnici:<\/strong>\u00a0I cookie tecnici hanno l' unico scopo di garantire la trasmissione della communication tra l'utente e il site sulla rete Internet, nella misura strettamente necessaria ad assicurare la miglior qualit\u00e0 possibile del nostro servizio.<\/li>\n<li><strong>Cookies di soggetti terzi:<\/strong>\u00a0 Site ayr\u0131ca, sunulan hizmetleri y\u00f6netmeyi ve iyile\u015ftirmeyi kabul eden \u00fc\u00e7\u00fcnc\u00fc taraflar\u0131n \u00e7erezlerini de y\u00fckleyebilir. Nello specifico utilizziamo il servizio di Google denominato Google Analytics per la raccolta di informazioni e datati in form anonima e aggregata; maggiori informazioni e informativa Privacy a questo link:\u00a0<a href=\"http:\/\/www.google.it\/analytics\/learn\/privacy.html\" target=\"_blank\" rel=\"noopener\" data-saferedirecturl=\"https:\/\/www.google.com\/url?q=http:\/\/www.google.it\/analytics\/learn\/privacy.html&amp;source=gmail&amp;ust=1688504508502000&amp;usg=AOvVaw22u1dmOg0WCFl894qhEX6x\">www.google.it\/analytics\/<wbr \/>learn\/privacy.html<\/a><\/li>\n<\/ul>\n<p>Daha ayr\u0131nt\u0131l\u0131 bilgi i\u00e7in\u00a0<strong>opzioni di disabilitazione dei cookie<\/strong>\u00a0ecco\u00a0<strong>l'elenco dei link per la configurazione dei browser<\/strong>.<\/p>\n<ol>\n<li>Ulteriori informazioni sulla disabilitazione dei cookie su\u00a0<a href=\"https:\/\/support.mozilla.org\/it\/kb\/Attivare%20e%20disattivare%20i%20cookie\" target=\"_blank\" rel=\"nofollow noopener noreferrer\" data-saferedirecturl=\"https:\/\/www.google.com\/url?q=https:\/\/support.mozilla.org\/it\/kb\/Attivare%2520e%2520disattivare%2520i%2520cookie&amp;source=gmail&amp;ust=1688504508502000&amp;usg=AOvVaw35NwEB7sKVOTo2ccaelbhw\"><strong>Firefox<\/strong>\u00a0<\/a><\/li>\n<li>Ulteriori informazioni sulla disabilitazione dei cookie su\u00a0<a href=\"http:\/\/www.google.com\/policies\/technologies\/managing\/\" target=\"_blank\" rel=\"nofollow noopener noreferrer\" data-saferedirecturl=\"https:\/\/www.google.com\/url?q=http:\/\/www.google.com\/policies\/technologies\/managing\/&amp;source=gmail&amp;ust=1688504508502000&amp;usg=AOvVaw1YFZvk0ORE1E-fBIr8N55n\"><strong>Krom<\/strong><\/a><\/li>\n<li>Ulteriori informazioni sulla disabilitazione dei cookie su\u00a0<a href=\"http:\/\/windows.microsoft.com\/it-it\/internet-explorer\/delete-manage-cookies#ie=ie-11\" target=\"_blank\" rel=\"nofollow noopener noreferrer\" data-saferedirecturl=\"https:\/\/www.google.com\/url?q=http:\/\/windows.microsoft.com\/it-it\/internet-explorer\/delete-manage-cookies%23ie%3Die-11&amp;source=gmail&amp;ust=1688504508502000&amp;usg=AOvVaw2RZx-hW70KAjGIgMmClH_Z\"><strong>Internet Explorer<\/strong><\/a><\/li>\n<li>Ulteriori informazioni sulla disabilitazione dei cookie su\u00a0<a href=\"http:\/\/support.apple.com\/kb\/HT1677?viewlocale=it_IT&amp;locale=it_IT\" target=\"_blank\" rel=\"nofollow noopener noreferrer\" data-saferedirecturl=\"https:\/\/www.google.com\/url?q=http:\/\/support.apple.com\/kb\/HT1677?viewlocale%3Dit_IT%26locale%3Dit_IT&amp;source=gmail&amp;ust=1688504508502000&amp;usg=AOvVaw2wCun3CJikjWVqAEUGTxUH\"><strong>Safari\u00a0<\/strong><\/a><\/li>\n<li>Ulteriori informazioni sulla disabilitazione dei cookie su <strong><a href=\"http:\/\/help.opera.com\/Mac\/12.10\/it\/cookies.html\" target=\"_blank\" rel=\"nofollow noopener noreferrer\" data-saferedirecturl=\"https:\/\/www.google.com\/url?q=http:\/\/help.opera.com\/Mac\/12.10\/it\/cookies.html&amp;source=gmail&amp;ust=1688504508502000&amp;usg=AOvVaw1BoRg4rXSq0U1Sbd1fLK6u\">Opera<\/a><\/strong><\/li>\n<\/ol>\n<\/div>\n<\/article>\n<\/div>\n<\/div>\n<p>[\/et_pb_text][\/et_pb_column][\/et_pb_row][\/et_pb_section]<\/p>","protected":false},"excerpt":{"rendered":"<p>ParexstudyCookie PolicyPolitica dei cookie di questo sito in ottemperanza alla direttiva del Garante della Privacy. Il Garante della Privacy ha recepito una direttiva europea che impone agli amministratori delle pagine web di mostrare ai visitatori un banner che li informa di quale sia lo politica dei cookie del sito che stanno consultando e di subordinare [&hellip;]<\/p>","protected":false},"author":1,"featured_media":0,"parent":0,"menu_order":0,"comment_status":"closed","ping_status":"closed","template":"","meta":{"_et_pb_use_builder":"on","_et_pb_old_content":"","_et_gb_content_width":"","footnotes":""},"class_list":["post-20902","page","type-page","status-publish","hentry"],"yoast_head":"<!-- This site is optimized with the Yoast SEO plugin v25.9 - https:\/\/yoast.com\/wordpress\/plugins\/seo\/ -->\n<title>Cookie Policy - Parexstudy<\/title>\n<meta name=\"robots\" content=\"index, follow, max-snippet:-1, max-image-preview:large, max-video-preview:-1\" \/>\n<link rel=\"canonical\" href=\"https:\/\/www.parexstudy.it\/tr\/cerez-poli\u0307ti\u0307kasi\/\" \/>\n<meta property=\"og:locale\" content=\"tr_TR\" \/>\n<meta property=\"og:type\" content=\"article\" \/>\n<meta property=\"og:title\" content=\"Cookie Policy - Parexstudy\" \/>\n<meta property=\"og:description\" content=\"ParexstudyCookie PolicyPolitica dei cookie di questo sito in ottemperanza alla direttiva del Garante della Privacy. Il Garante della Privacy ha recepito una direttiva europea che impone agli amministratori delle pagine web di mostrare ai visitatori un banner che li informa di quale sia lo politica dei cookie del sito che stanno consultando e di subordinare [&hellip;]\" \/>\n<meta property=\"og:url\" content=\"https:\/\/www.parexstudy.it\/tr\/cerez-poli\u0307ti\u0307kasi\/\" \/>\n<meta property=\"og:site_name\" content=\"Parexstudy\" \/>\n<meta property=\"article:modified_time\" content=\"2023-11-09T15:07:23+00:00\" \/>\n<meta name=\"twitter:card\" content=\"summary_large_image\" \/>\n<meta name=\"twitter:label1\" content=\"Tahmini okuma s\u00fcresi\" \/>\n\t<meta name=\"twitter:data1\" content=\"4 dakika\" \/>\n<script type=\"application\/ld+json\" class=\"yoast-schema-graph\">{\"@context\":\"https:\/\/schema.org\",\"@graph\":[{\"@type\":\"WebPage\",\"@id\":\"https:\/\/www.parexstudy.it\/cookie-policy\/\",\"url\":\"https:\/\/www.parexstudy.it\/cookie-policy\/\",\"name\":\"Cookie Policy - Parexstudy\",\"isPartOf\":{\"@id\":\"https:\/\/www.parexstudy.it\/#website\"},\"datePublished\":\"2023-07-03T21:11:59+00:00\",\"dateModified\":\"2023-11-09T15:07:23+00:00\",\"breadcrumb\":{\"@id\":\"https:\/\/www.parexstudy.it\/cookie-policy\/#breadcrumb\"},\"inLanguage\":\"tr\",\"potentialAction\":[{\"@type\":\"ReadAction\",\"target\":[\"https:\/\/www.parexstudy.it\/cookie-policy\/\"]}]},{\"@type\":\"BreadcrumbList\",\"@id\":\"https:\/\/www.parexstudy.it\/cookie-policy\/#breadcrumb\",\"itemListElement\":[{\"@type\":\"ListItem\",\"position\":1,\"name\":\"Home\",\"item\":\"https:\/\/www.parexstudy.it\/\"},{\"@type\":\"ListItem\",\"position\":2,\"name\":\"Cookie Policy\"}]},{\"@type\":\"WebSite\",\"@id\":\"https:\/\/www.parexstudy.it\/#website\",\"url\":\"https:\/\/www.parexstudy.it\/\",\"name\":\"Parexstudy\",\"description\":\"Study, discover, love\",\"potentialAction\":[{\"@type\":\"SearchAction\",\"target\":{\"@type\":\"EntryPoint\",\"urlTemplate\":\"https:\/\/www.parexstudy.it\/?s={search_term_string}\"},\"query-input\":{\"@type\":\"PropertyValueSpecification\",\"valueRequired\":true,\"valueName\":\"search_term_string\"}}],\"inLanguage\":\"tr\"}]}<\/script>\n<!-- \/ Yoast SEO plugin. -->","yoast_head_json":{"title":"\u00c7erez Politikas\u0131 - Parexstudy","robots":{"index":"index","follow":"follow","max-snippet":"max-snippet:-1","max-image-preview":"max-image-preview:large","max-video-preview":"max-video-preview:-1"},"canonical":"https:\/\/www.parexstudy.it\/tr\/cerez-poli\u0307ti\u0307kasi\/","og_locale":"tr_TR","og_type":"article","og_title":"Cookie Policy - Parexstudy","og_description":"ParexstudyCookie PolicyPolitica dei cookie di questo sito in ottemperanza alla direttiva del Garante della Privacy. Il Garante della Privacy ha recepito una direttiva europea che impone agli amministratori delle pagine web di mostrare ai visitatori un banner che li informa di quale sia lo politica dei cookie del sito che stanno consultando e di subordinare [&hellip;]","og_url":"https:\/\/www.parexstudy.it\/tr\/cerez-poli\u0307ti\u0307kasi\/","og_site_name":"Parexstudy","article_modified_time":"2023-11-09T15:07:23+00:00","twitter_card":"summary_large_image","twitter_misc":{"Tahmini okuma s\u00fcresi":"4 dakika"},"schema":{"@context":"https:\/\/schema.org","@graph":[{"@type":"WebPage","@id":"https:\/\/www.parexstudy.it\/cookie-policy\/","url":"https:\/\/www.parexstudy.it\/cookie-policy\/","name":"\u00c7erez Politikas\u0131 - Parexstudy","isPartOf":{"@id":"https:\/\/www.parexstudy.it\/#website"},"datePublished":"2023-07-03T21:11:59+00:00","dateModified":"2023-11-09T15:07:23+00:00","breadcrumb":{"@id":"https:\/\/www.parexstudy.it\/cookie-policy\/#breadcrumb"},"inLanguage":"tr","potentialAction":[{"@type":"ReadAction","target":["https:\/\/www.parexstudy.it\/cookie-policy\/"]}]},{"@type":"BreadcrumbList","@id":"https:\/\/www.parexstudy.it\/cookie-policy\/#breadcrumb","itemListElement":[{"@type":"ListItem","position":1,"name":"Home","item":"https:\/\/www.parexstudy.it\/"},{"@type":"ListItem","position":2,"name":"Cookie Policy"}]},{"@type":"WebSite","@id":"https:\/\/www.parexstudy.it\/#website","url":"https:\/\/www.parexstudy.it\/","name":"Parexstudy","description":"\u00d6\u011fren, Ke\u015ffet, Sev","potentialAction":[{"@type":"SearchAction","target":{"@type":"EntryPoint","urlTemplate":"https:\/\/www.parexstudy.it\/?s={search_term_string}"},"query-input":{"@type":"PropertyValueSpecification","valueRequired":true,"valueName":"search_term_string"}}],"inLanguage":"tr"}]}},"_links":{"self":[{"href":"https:\/\/www.parexstudy.it\/tr\/wp-json\/wp\/v2\/pages\/20902","targetHints":{"allow":["GET"]}}],"collection":[{"href":"https:\/\/www.parexstudy.it\/tr\/wp-json\/wp\/v2\/pages"}],"about":[{"href":"https:\/\/www.parexstudy.it\/tr\/wp-json\/wp\/v2\/types\/page"}],"author":[{"embeddable":true,"href":"https:\/\/www.parexstudy.it\/tr\/wp-json\/wp\/v2\/users\/1"}],"replies":[{"embeddable":true,"href":"https:\/\/www.parexstudy.it\/tr\/wp-json\/wp\/v2\/comments?post=20902"}],"version-history":[{"count":5,"href":"https:\/\/www.parexstudy.it\/tr\/wp-json\/wp\/v2\/pages\/20902\/revisions"}],"predecessor-version":[{"id":20968,"href":"https:\/\/www.parexstudy.it\/tr\/wp-json\/wp\/v2\/pages\/20902\/revisions\/20968"}],"wp:attachment":[{"href":"https:\/\/www.parexstudy.it\/tr\/wp-json\/wp\/v2\/media?parent=20902"}],"curies":[{"name":"wp","href":"https:\/\/api.w.org\/{rel}","templated":true}]}}