{"id":22783,"date":"2024-01-15T14:29:28","date_gmt":"2024-01-15T13:29:28","guid":{"rendered":"https:\/\/www.parexstudy.it\/?page_id=22783"},"modified":"2025-01-22T15:04:00","modified_gmt":"2025-01-22T14:04:00","slug":"i%cc%87talyan-di%cc%87l-okulu","status":"publish","type":"page","link":"https:\/\/www.parexstudy.it\/tr\/i%cc%87talyada-egi%cc%87ti%cc%87m\/i%cc%87talyan-di%cc%87l-okulu\/","title":{"rendered":"i\u0307talyan di\u0307l okulu"},"content":{"rendered":"<p>[et_pb_section fb_built=&#8221;1&#8243; fullwidth=&#8221;on&#8221; _builder_version=&#8221;4.23.1&#8243; _module_preset=&#8221;default&#8221; background_enable_color=&#8221;off&#8221; background_image=&#8221;https:\/\/www.parexstudy.it\/wp-content\/uploads\/2024\/01\/shutterstock_2240052575-scaled.jpg&#8221; locked=&#8221;off&#8221; global_colors_info=&#8221;{}&#8221;][et_pb_fullwidth_header title=&#8221;Italian Language School&#8221; text_orientation=&#8221;center&#8221; background_overlay_color=&#8221;rgba(0,0,0,0.26)&#8221; _builder_version=&#8221;4.23.1&#8243; _module_preset=&#8221;default&#8221; title_font=&#8221;Nunito Sans|900|||||||&#8221; title_text_align=&#8221;center&#8221; title_text_color=&#8221;#FFFFFF&#8221; title_font_size=&#8221;65px&#8221; content_font=&#8221;Nunito Sans|900|||||||&#8221; content_text_color=&#8221;#000000&#8243; content_font_size=&#8221;39px&#8221; background_enable_color=&#8221;off&#8221; background_enable_image=&#8221;off&#8221; background_size=&#8221;contain&#8221; background_position=&#8221;bottom_right&#8221; custom_button_one=&#8221;on&#8221; button_one_text_size=&#8221;14px&#8221; button_one_text_color=&#8221;#FFFFFF&#8221; button_one_bg_color=&#8221;#62baea&#8221; button_one_border_width=&#8221;0px&#8221; button_one_border_color=&#8221;RGBA(255,255,255,0)&#8221; button_one_border_radius=&#8221;0px&#8221; button_one_font=&#8221;Nunito Sans|900||on|||||&#8221; button_one_custom_padding=&#8221;16px|32px|16px|32px|false|false&#8221; custom_button_two=&#8221;on&#8221; button_two_text_size=&#8221;14px&#8221; button_two_text_color=&#8221;#FFFFFF&#8221; button_two_bg_color=&#8221;#62baea&#8221; button_two_border_width=&#8221;0px&#8221; button_two_border_color=&#8221;RGBA(255,255,255,0)&#8221; button_two_border_radius=&#8221;0px&#8221; button_two_font=&#8221;Nunito Sans|900||on|||||&#8221; button_two_custom_padding=&#8221;16px|32px|16px|32px|false|false&#8221; width=&#8221;100%&#8221; module_alignment=&#8221;center&#8221; custom_padding=&#8221;85px||85px||true|false&#8221; title_text_align_tablet=&#8221;left&#8221; title_text_align_phone=&#8221;left&#8221; title_text_align_last_edited=&#8221;on|desktop&#8221; title_font_size_tablet=&#8221;55px&#8221; title_font_size_phone=&#8221;45px&#8221; title_font_size_last_edited=&#8221;on|tablet&#8221; button_two_text_size_tablet=&#8221;14px&#8221; button_two_text_size_phone=&#8221;14px&#8221; button_two_text_size_last_edited=&#8221;on|desktop&#8221; title_text_shadow_style=&#8221;preset1&#8243; global_colors_info=&#8221;{}&#8221;][\/et_pb_fullwidth_header][\/et_pb_section][et_pb_section fb_built=&#8221;1&#8243; _builder_version=&#8221;4.23.1&#8243; _module_preset=&#8221;default&#8221; background_color=&#8221;rgba(12,113,195,0.17)&#8221; background_image=&#8221;https:\/\/www.parexstudy.it\/wp-content\/uploads\/2023\/03\/bg.png&#8221; global_colors_info=&#8221;{}&#8221;][et_pb_row _builder_version=&#8221;4.23.1&#8243; _module_preset=&#8221;default&#8221; global_colors_info=&#8221;{}&#8221;][et_pb_column type=&#8221;4_4&#8243; _builder_version=&#8221;4.23.1&#8243; _module_preset=&#8221;default&#8221; global_colors_info=&#8221;{}&#8221;][et_pb_shop type=&#8221;product_category&#8221; show_pagination=&#8221;on&#8221; include_categories=&#8221;148&#8243; columns_number=&#8221;3&#8243; orderby=&#8221;popularity&#8221; show_price=&#8221;off&#8221; show_rating=&#8221;off&#8221; show_sale_badge=&#8221;off&#8221; disabled_on=&#8221;off|off|off&#8221; _builder_version=&#8221;4.27.4&#8243; _module_preset=&#8221;default&#8221; title_font=&#8221;|800|||||||&#8221; title_font_size=&#8221;18px&#8221; background_color=&#8221;rgba(255,255,255,0.71)&#8221; background_enable_image=&#8221;off&#8221; custom_margin=&#8221;||||false|false&#8221; custom_padding=&#8221;25px|25px|25px|25px|false|false&#8221; link_option_url_new_window=&#8221;on&#8221; hover_enabled=&#8221;0&#8243; border_radii=&#8221;on|15px|15px|15px|15px&#8221; box_shadow_style=&#8221;preset1&#8243; box_shadow_color=&#8221;rgba(0,0,0,0.12)&#8221; global_colors_info=&#8221;{}&#8221; sticky_enabled=&#8221;0&#8243;][\/et_pb_shop][\/et_pb_column][\/et_pb_row][\/et_pb_section]<\/p>","protected":false},"excerpt":{"rendered":"","protected":false},"author":2,"featured_media":0,"parent":19932,"menu_order":0,"comment_status":"closed","ping_status":"closed","template":"","meta":{"_et_pb_use_builder":"on","_et_pb_old_content":"","_et_gb_content_width":"","footnotes":""},"class_list":["post-22783","page","type-page","status-publish","hentry"],"yoast_head":"<!-- This site is optimized with the Yoast SEO plugin v25.9 - https:\/\/yoast.com\/wordpress\/plugins\/seo\/ -->\n<title>italian language school | italian language course | italian language<\/title>\n<meta name=\"description\" content=\"The university\u2019s location offers students an immersive experience of Italian life and traditions. Italian language school\" \/>\n<meta name=\"robots\" content=\"index, follow, max-snippet:-1, max-image-preview:large, max-video-preview:-1\" \/>\n<link rel=\"canonical\" href=\"https:\/\/www.parexstudy.it\/tr\/i\u0307talyada-egi\u0307ti\u0307m\/i\u0307talyan-di\u0307l-okulu\/\" \/>\n<meta property=\"og:locale\" content=\"tr_TR\" \/>\n<meta property=\"og:type\" content=\"article\" \/>\n<meta property=\"og:title\" content=\"italian language school | italian language course | italian language\" \/>\n<meta property=\"og:description\" content=\"The university\u2019s location offers students an immersive experience of Italian life and traditions. Italian language school\" \/>\n<meta property=\"og:url\" content=\"https:\/\/www.parexstudy.it\/tr\/i\u0307talyada-egi\u0307ti\u0307m\/i\u0307talyan-di\u0307l-okulu\/\" \/>\n<meta property=\"og:site_name\" content=\"Parexstudy\" \/>\n<meta property=\"article:modified_time\" content=\"2025-01-22T14:04:00+00:00\" \/>\n<meta name=\"twitter:card\" content=\"summary_large_image\" \/>\n<meta name=\"twitter:label1\" content=\"Tahmini okuma s\u00fcresi\" \/>\n\t<meta name=\"twitter:data1\" content=\"2 dakika\" \/>\n<script type=\"application\/ld+json\" class=\"yoast-schema-graph\">{\"@context\":\"https:\/\/schema.org\",\"@graph\":[{\"@type\":\"WebPage\",\"@id\":\"https:\/\/www.parexstudy.it\/tr\/i%cc%87talyada-egi%cc%87ti%cc%87m\/i%cc%87talyan-di%cc%87l-okulu\/\",\"url\":\"https:\/\/www.parexstudy.it\/tr\/i%cc%87talyada-egi%cc%87ti%cc%87m\/i%cc%87talyan-di%cc%87l-okulu\/\",\"name\":\"italian language school | italian language course | italian language\",\"isPartOf\":{\"@id\":\"https:\/\/www.parexstudy.it\/#website\"},\"datePublished\":\"2024-01-15T13:29:28+00:00\",\"dateModified\":\"2025-01-22T14:04:00+00:00\",\"description\":\"The university\u2019s location offers students an immersive experience of Italian life and traditions. Italian language school\",\"breadcrumb\":{\"@id\":\"https:\/\/www.parexstudy.it\/tr\/i%cc%87talyada-egi%cc%87ti%cc%87m\/i%cc%87talyan-di%cc%87l-okulu\/#breadcrumb\"},\"inLanguage\":\"tr\",\"potentialAction\":[{\"@type\":\"ReadAction\",\"target\":[\"https:\/\/www.parexstudy.it\/tr\/i%cc%87talyada-egi%cc%87ti%cc%87m\/i%cc%87talyan-di%cc%87l-okulu\/\"]}]},{\"@type\":\"BreadcrumbList\",\"@id\":\"https:\/\/www.parexstudy.it\/tr\/i%cc%87talyada-egi%cc%87ti%cc%87m\/i%cc%87talyan-di%cc%87l-okulu\/#breadcrumb\",\"itemListElement\":[{\"@type\":\"ListItem\",\"position\":1,\"name\":\"Home\",\"item\":\"https:\/\/www.parexstudy.it\/\"},{\"@type\":\"ListItem\",\"position\":2,\"name\":\"Home ITALY\",\"item\":\"https:\/\/www.parexstudy.it\/\"},{\"@type\":\"ListItem\",\"position\":3,\"name\":\"italian language school\"}]},{\"@type\":\"WebSite\",\"@id\":\"https:\/\/www.parexstudy.it\/#website\",\"url\":\"https:\/\/www.parexstudy.it\/\",\"name\":\"Parexstudy\",\"description\":\"Study, discover, love\",\"potentialAction\":[{\"@type\":\"SearchAction\",\"target\":{\"@type\":\"EntryPoint\",\"urlTemplate\":\"https:\/\/www.parexstudy.it\/?s={search_term_string}\"},\"query-input\":{\"@type\":\"PropertyValueSpecification\",\"valueRequired\":true,\"valueName\":\"search_term_string\"}}],\"inLanguage\":\"tr\"}]}<\/script>\n<!-- \/ Yoast SEO plugin. -->","yoast_head_json":{"title":"italyanca dil okulu | italyanca dil kursu | italyanca dil","description":"\u00dcniversitenin konumu, \u00f6\u011frencilere \u0130talyan ya\u015fam\u0131 ve gelenekleri hakk\u0131nda s\u00fcr\u00fckleyici bir deneyim sunmaktad\u0131r. \u0130talyanca dil okulu","robots":{"index":"index","follow":"follow","max-snippet":"max-snippet:-1","max-image-preview":"max-image-preview:large","max-video-preview":"max-video-preview:-1"},"canonical":"https:\/\/www.parexstudy.it\/tr\/i\u0307talyada-egi\u0307ti\u0307m\/i\u0307talyan-di\u0307l-okulu\/","og_locale":"tr_TR","og_type":"article","og_title":"italian language school | italian language course | italian language","og_description":"The university\u2019s location offers students an immersive experience of Italian life and traditions. Italian language school","og_url":"https:\/\/www.parexstudy.it\/tr\/i\u0307talyada-egi\u0307ti\u0307m\/i\u0307talyan-di\u0307l-okulu\/","og_site_name":"Parexstudy","article_modified_time":"2025-01-22T14:04:00+00:00","twitter_card":"summary_large_image","twitter_misc":{"Tahmini okuma s\u00fcresi":"2 dakika"},"schema":{"@context":"https:\/\/schema.org","@graph":[{"@type":"WebPage","@id":"https:\/\/www.parexstudy.it\/tr\/i%cc%87talyada-egi%cc%87ti%cc%87m\/i%cc%87talyan-di%cc%87l-okulu\/","url":"https:\/\/www.parexstudy.it\/tr\/i%cc%87talyada-egi%cc%87ti%cc%87m\/i%cc%87talyan-di%cc%87l-okulu\/","name":"italyanca dil okulu | italyanca dil kursu | italyanca dil","isPartOf":{"@id":"https:\/\/www.parexstudy.it\/#website"},"datePublished":"2024-01-15T13:29:28+00:00","dateModified":"2025-01-22T14:04:00+00:00","description":"\u00dcniversitenin konumu, \u00f6\u011frencilere \u0130talyan ya\u015fam\u0131 ve gelenekleri hakk\u0131nda s\u00fcr\u00fckleyici bir deneyim sunmaktad\u0131r. \u0130talyanca dil okulu","breadcrumb":{"@id":"https:\/\/www.parexstudy.it\/tr\/i%cc%87talyada-egi%cc%87ti%cc%87m\/i%cc%87talyan-di%cc%87l-okulu\/#breadcrumb"},"inLanguage":"tr","potentialAction":[{"@type":"ReadAction","target":["https:\/\/www.parexstudy.it\/tr\/i%cc%87talyada-egi%cc%87ti%cc%87m\/i%cc%87talyan-di%cc%87l-okulu\/"]}]},{"@type":"BreadcrumbList","@id":"https:\/\/www.parexstudy.it\/tr\/i%cc%87talyada-egi%cc%87ti%cc%87m\/i%cc%87talyan-di%cc%87l-okulu\/#breadcrumb","itemListElement":[{"@type":"ListItem","position":1,"name":"Home","item":"https:\/\/www.parexstudy.it\/"},{"@type":"ListItem","position":2,"name":"Home ITALY","item":"https:\/\/www.parexstudy.it\/"},{"@type":"ListItem","position":3,"name":"italian language school"}]},{"@type":"WebSite","@id":"https:\/\/www.parexstudy.it\/#website","url":"https:\/\/www.parexstudy.it\/","name":"Parexstudy","description":"\u00d6\u011fren, Ke\u015ffet, Sev","potentialAction":[{"@type":"SearchAction","target":{"@type":"EntryPoint","urlTemplate":"https:\/\/www.parexstudy.it\/?s={search_term_string}"},"query-input":{"@type":"PropertyValueSpecification","valueRequired":true,"valueName":"search_term_string"}}],"inLanguage":"tr"}]}},"_links":{"self":[{"href":"https:\/\/www.parexstudy.it\/tr\/wp-json\/wp\/v2\/pages\/22783","targetHints":{"allow":["GET"]}}],"collection":[{"href":"https:\/\/www.parexstudy.it\/tr\/wp-json\/wp\/v2\/pages"}],"about":[{"href":"https:\/\/www.parexstudy.it\/tr\/wp-json\/wp\/v2\/types\/page"}],"author":[{"embeddable":true,"href":"https:\/\/www.parexstudy.it\/tr\/wp-json\/wp\/v2\/users\/2"}],"replies":[{"embeddable":true,"href":"https:\/\/www.parexstudy.it\/tr\/wp-json\/wp\/v2\/comments?post=22783"}],"version-history":[{"count":8,"href":"https:\/\/www.parexstudy.it\/tr\/wp-json\/wp\/v2\/pages\/22783\/revisions"}],"predecessor-version":[{"id":24687,"href":"https:\/\/www.parexstudy.it\/tr\/wp-json\/wp\/v2\/pages\/22783\/revisions\/24687"}],"up":[{"embeddable":true,"href":"https:\/\/www.parexstudy.it\/tr\/wp-json\/wp\/v2\/pages\/19932"}],"wp:attachment":[{"href":"https:\/\/www.parexstudy.it\/tr\/wp-json\/wp\/v2\/media?parent=22783"}],"curies":[{"name":"wp","href":"https:\/\/api.w.org\/{rel}","templated":true}]}}