{"id":25065,"date":"2025-04-02T21:57:08","date_gmt":"2025-04-02T19:57:08","guid":{"rendered":"https:\/\/www.parexstudy.it\/?page_id=25065"},"modified":"2025-04-07T10:51:37","modified_gmt":"2025-04-07T08:51:37","slug":"sartlar-ve-kosullar","status":"publish","type":"page","link":"https:\/\/www.parexstudy.it\/tr\/i%cc%87talyada-egi%cc%87ti%cc%87m\/sartlar-ve-kosullar\/","title":{"rendered":"\u015eartlar ve ko\u015fullar"},"content":{"rendered":"<p>[et_pb_section fb_built=&#8221;1&#8243; disabled_on=&#8221;on|on|off&#8221; _builder_version=&#8221;4.27.4&#8243; _module_preset=&#8221;default&#8221; custom_margin=&#8221;0px||0px||false|false&#8221; custom_padding=&#8221;0px||0px||false|false&#8221; box_shadow_style=&#8221;preset1&#8243; locked=&#8221;off&#8221; global_colors_info=&#8221;{}&#8221;][et_pb_row column_structure=&#8221;1_3,1_3,1_3&#8243; use_custom_gutter=&#8221;on&#8221; gutter_width=&#8221;1&#8243; _builder_version=&#8221;4.21.0&#8243; _module_preset=&#8221;default&#8221; z_index=&#8221;-500&#8243; width=&#8221;100%&#8221; max_width=&#8221;100%&#8221; custom_padding=&#8221;0px||0px|||&#8221; global_colors_info=&#8221;{}&#8221;][et_pb_column type=&#8221;1_3&#8243; _builder_version=&#8221;4.21.0&#8243; _module_preset=&#8221;default&#8221; background_color=&#8221;#3aaa35&#8243; global_colors_info=&#8221;{}&#8221;][et_pb_text _builder_version=&#8221;4.21.0&#8243; _module_preset=&#8221;default&#8221; height=&#8221;10px&#8221; sticky_position=&#8221;top&#8221; global_colors_info=&#8221;{}&#8221;][\/et_pb_text][\/et_pb_column][et_pb_column type=&#8221;1_3&#8243; _builder_version=&#8221;4.21.0&#8243; _module_preset=&#8221;default&#8221; background_color=&#8221;#FFFFFF&#8221; global_colors_info=&#8221;{}&#8221;][et_pb_text _builder_version=&#8221;4.21.0&#8243; _module_preset=&#8221;default&#8221; height=&#8221;10px&#8221; global_colors_info=&#8221;{}&#8221;][\/et_pb_text][\/et_pb_column][et_pb_column type=&#8221;1_3&#8243; _builder_version=&#8221;4.21.0&#8243; _module_preset=&#8221;default&#8221; background_color=&#8221;#e52a14&#8243; global_colors_info=&#8221;{}&#8221;][et_pb_text _builder_version=&#8221;4.21.0&#8243; _module_preset=&#8221;default&#8221; height=&#8221;10px&#8221; global_colors_info=&#8221;{}&#8221;][\/et_pb_text][\/et_pb_column][\/et_pb_row][\/et_pb_section][et_pb_section fb_built=&#8221;1&#8243; fullwidth=&#8221;on&#8221; _builder_version=&#8221;4.21.0&#8243; _module_preset=&#8221;default&#8221; background_color=&#8221;#9ed1e8&#8243; background_image=&#8221;https:\/\/www.parexstudy.it\/wp-content\/uploads\/2023\/05\/bg_def.png&#8221; background_position=&#8221;bottom_right&#8221; locked=&#8221;off&#8221; global_colors_info=&#8221;{}&#8221;][et_pb_fullwidth_header title=&#8221;Terms &#038; Conditions&#8221; content_max_width=&#8221;80%&#8221; _builder_version=&#8221;4.27.4&#8243; _module_preset=&#8221;default&#8221; title_font=&#8221;Nunito Sans|900|||||||&#8221; title_text_color=&#8221;#000000&#8243; title_font_size=&#8221;65px&#8221; content_font=&#8221;||||||||&#8221; content_text_color=&#8221;#000000&#8243; background_enable_color=&#8221;off&#8221; background_image=&#8221;https:\/\/www.parexstudy.it\/wp-content\/uploads\/2023\/05\/lingue.png&#8221; background_size=&#8221;contain&#8221; background_position=&#8221;bottom_right&#8221; custom_button_one=&#8221;on&#8221; button_one_text_size=&#8221;14px&#8221; button_one_text_color=&#8221;#FFFFFF&#8221; button_one_bg_color=&#8221;#62baea&#8221; button_one_border_width=&#8221;0px&#8221; button_one_border_color=&#8221;RGBA(255,255,255,0)&#8221; button_one_border_radius=&#8221;0px&#8221; button_one_font=&#8221;Nunito Sans|900||on|||||&#8221; button_one_custom_padding=&#8221;16px|32px|16px|32px|false|false&#8221; custom_button_two=&#8221;on&#8221; button_two_text_size=&#8221;14px&#8221; button_two_text_color=&#8221;#FFFFFF&#8221; button_two_bg_color=&#8221;#62baea&#8221; button_two_border_width=&#8221;0px&#8221; button_two_border_color=&#8221;RGBA(255,255,255,0)&#8221; button_two_border_radius=&#8221;0px&#8221; button_two_font=&#8221;Nunito Sans|900||on|||||&#8221; button_two_custom_padding=&#8221;16px|32px|16px|32px|false|false&#8221; width=&#8221;95%&#8221; module_alignment=&#8221;center&#8221; custom_padding=&#8221;85px||85px||true|&#8221; title_text_align_tablet=&#8221;left&#8221; title_text_align_phone=&#8221;left&#8221; title_text_align_last_edited=&#8221;on|tablet&#8221; title_font_size_tablet=&#8221;55px&#8221; title_font_size_phone=&#8221;45px&#8221; title_font_size_last_edited=&#8221;on|tablet&#8221; button_two_text_size_tablet=&#8221;14px&#8221; button_two_text_size_phone=&#8221;14px&#8221; button_two_text_size_last_edited=&#8221;on|desktop&#8221; global_colors_info=&#8221;{}&#8221;][\/et_pb_fullwidth_header][\/et_pb_section][et_pb_section fb_built=&#8221;1&#8243; admin_label=&#8221;Speaker&#8221; _builder_version=&#8221;4.19.0&#8243; _module_preset=&#8221;default&#8221; background_color=&#8221;rgba(142,142,142,0.05)&#8221; background_image=&#8221;https:\/\/www.parexstudy.it\/wp-content\/uploads\/2023\/04\/bg_black.png&#8221; parallax=&#8221;on&#8221; collapsed=&#8221;on&#8221; global_colors_info=&#8221;{}&#8221;][et_pb_row _builder_version=&#8221;4.27.4&#8243; _module_preset=&#8221;default&#8221; global_colors_info=&#8221;{}&#8221;][et_pb_column type=&#8221;4_4&#8243; _builder_version=&#8221;4.27.4&#8243; _module_preset=&#8221;default&#8221; global_colors_info=&#8221;{}&#8221;][et_pb_text _builder_version=&#8221;4.27.4&#8243; _module_preset=&#8221;default&#8221; global_colors_info=&#8221;{}&#8221;]<\/p>\n<h3><strong>S\u00f6zle\u015fme Maliyeti Detaylar\u0131:<\/strong><\/h3>\n<ul>\n<li>Vize ba\u015fvuru ve belge terc\u00fcme \u00fccretleri s\u00f6zle\u015fmeye dahil de\u011fildir ve \u00f6\u011frencilerin sorumlulu\u011fundad\u0131r<\/li>\n<li>\u0130l Bursu: \u00d6\u011frenci i\u00e7in burs ba\u015fvuru s\u00fcrecini y\u00f6netiyor ve ad\u0131mlar\u0131 takip ediyoruz, ancak bursun miktar\u0131 ve \u00f6denmesine ili\u015fkin karar ve sorumluluk \u00fcniversiteye aittir<\/li>\n<li>S\u0131nav, Kabul ve Burs paketinde \u00f6\u011frenci \u015fu hizmetleri al\u0131r: kabul, burs, s\u0131nav kayd\u0131. \u00d6\u011frenci kabul, burs, s\u0131nav kayd\u0131 almazsa: \u00f6n \u00f6demenin tamam\u0131 iade edilecektir<\/li>\n<li>Parex tam, y\u00fcksek lisans ve doktora paketinde \u00f6\u011frenci \u015fu hizmetleri al\u0131r: kabul, vize, burs kayd\u0131 ve \u0130talya'da dan\u0131\u015fmanl\u0131k. \u00d6\u011frenci kabul veya vize almazsa, \u00f6n \u00f6demenin tamam\u0131 iade edilecektir<\/li>\n<li>\u0130talya'daki hizmetler telefon ve dan\u0131\u015fmanl\u0131k yoluyla sa\u011flanmaktad\u0131r. Havaalan\u0131ndan var\u0131\u015f \u015fehrine transfer, ev kiralama, oturum kart\u0131, \u00fcniversite kayd\u0131, sigorta ve banka hesab\u0131 gibi s\u00fcrecin her ad\u0131m\u0131 i\u00e7in \u00f6\u011frenciye sesli veya g\u00f6rsel olarak rehberlik ediyoruz.<\/li>\n<li>\u00d6\u011frencinin talebi \u00fczerine, Parex uzmanlar\u0131 \u0130talya'da \u00f6\u011frenciye e\u015flik edebilir. Maliyet, g\u00fcn say\u0131s\u0131, saat ve hedef \u015fehre g\u00f6re hesaplan\u0131r<\/li>\n<\/ul>\n<p>[\/et_pb_text][et_pb_divider _builder_version=&#8221;4.27.4&#8243; _module_preset=&#8221;default&#8221; global_colors_info=&#8221;{}&#8221;][\/et_pb_divider][et_pb_text _builder_version=&#8221;4.27.4&#8243; _module_preset=&#8221;default&#8221; global_colors_info=&#8221;{}&#8221;]<\/p>\n<h3><strong>\u00d6deme Ad\u0131mlar\u0131:<\/strong><\/h3>\n<ul>\n<li><strong>Sadece Giri\u015f<\/strong><strong>:<\/strong> Kabul \u00fccreti iki taksitte tahsil edilir (s\u00f6zle\u015fmenin imzaland\u0131\u011f\u0131 g\u00fcn ve kabul\u00fcn al\u0131nd\u0131\u011f\u0131 g\u00fcn)<\/li>\n<li><strong>Vize, Burs ve \u0130talya Hizmetleri i\u00e7in<\/strong><strong>:<\/strong> \u00dccret iki taksitte tahsil edilir<\/li>\n<li><strong>Di\u011fer S\u00f6zle\u015fmeler<\/strong><strong>:<\/strong> Garantili ve Alt\u0131n Paketlerde s\u00f6zle\u015fme bedeli \u00fc\u00e7 taksitte tahsil edilir (s\u00f6zle\u015fmenin imzaland\u0131\u011f\u0131 g\u00fcn - el\u00e7ilik giri\u015f g\u00fcn\u00fc - vizenin al\u0131nd\u0131\u011f\u0131 g\u00fcn)<\/li>\n<\/ul>\n<p>[\/et_pb_text][et_pb_divider _builder_version=&#8221;4.27.4&#8243; _module_preset=&#8221;default&#8221; global_colors_info=&#8221;{}&#8221;][\/et_pb_divider][et_pb_text _builder_version=&#8221;4.27.4&#8243; _module_preset=&#8221;default&#8221; global_colors_info=&#8221;{}&#8221;]<\/p>\n<p>&nbsp;<\/p>\n<h3><strong>Banka ve \u00d6deme Y\u00f6ntemleri:<\/strong><\/h3>\n<ul>\n<li>Milano, \u0130talya'daki Parex hesab\u0131na banka havalesi<\/li>\n<li>Milano, \u0130talya'daki Parex ofisinde nakit \u00f6deme<\/li>\n<li>Milano, \u0130talya'daki Parex ofisinde Visa e Mastercard ile \u00f6deme<\/li>\n<li>\u0130stanbul, T\u00fcrkiye'deki Parex hesab\u0131na banka havalesi<\/li>\n<li>\u0130stanbul, T\u00fcrkiye'deki Parex ofisinde nakit \u00f6deme.<\/li>\n<\/ul>\n<p>[\/et_pb_text][et_pb_divider _builder_version=&#8221;4.27.4&#8243; _module_preset=&#8221;default&#8221; global_colors_info=&#8221;{}&#8221;][\/et_pb_divider][et_pb_text _builder_version=&#8221;4.27.4&#8243; _module_preset=&#8221;default&#8221; global_colors_info=&#8221;{}&#8221;]<\/p>\n<p>&nbsp;<\/p>\n<h3><strong>Parex ile Hizmet S\u00f6zle\u015fmesi:<\/strong><\/h3>\n<ul>\n<li>\u00c7evrimi\u00e7i: Milano'daki merkez ofis ile<\/li>\n<li>Y\u00fcz y\u00fcze: \u015eirketin Milano veya \u0130stanbul'daki ofislerinde veya \u0130ran'daki Parex temsilcileri arac\u0131l\u0131\u011f\u0131yla.<\/li>\n<\/ul>\n<div class=\"elementor-element elementor-element-b8f2f32 elementor-widget elementor-widget-text-editor\" data-id=\"b8f2f32\" data-element_type=\"widget\" data-widget_type=\"text-editor.default\">\n<div class=\"elementor-widget-container\">\n<p style=\"text-align: left;\">\n<\/div>\n<\/div>\n<p>[\/et_pb_text][et_pb_divider _builder_version=&#8221;4.27.4&#8243; _module_preset=&#8221;default&#8221; global_colors_info=&#8221;{}&#8221;][\/et_pb_divider][et_pb_text _builder_version=&#8221;4.27.4&#8243; _module_preset=&#8221;default&#8221; global_colors_info=&#8221;{}&#8221;]<\/p>\n<p>&nbsp;<\/p>\n<h3><strong>\u015eirket Detaylar\u0131:<\/strong><\/h3>\n<div class=\"elementor-element elementor-element-b8f2f32 elementor-widget elementor-widget-text-editor\" data-id=\"b8f2f32\" data-element_type=\"widget\" data-widget_type=\"text-editor.default\">\n<div class=\"elementor-widget-container\">\n<p style=\"text-align: left;\"><span style=\"color: #808080;\"><strong>\u0130talya Ofisi:<\/strong> Via Aosta 4A - 20155 - Milano | G<span class=\"HwtZe\" lang=\"en\"><span class=\"jCAhz ChMk0b\"><span class=\"ryNqvb\">Devlet Lisans\u0131 MI-2019401 | KDV Numaras\u0131 08345550969<\/span><\/span><\/span><\/span><\/p>\n<\/div>\n<\/div>\n<p>&nbsp;<\/p>\n<div class=\"elementor-element elementor-element-b8f2f32 elementor-widget elementor-widget-text-editor\" data-id=\"b8f2f32\" data-element_type=\"widget\" data-widget_type=\"text-editor.default\">\n<div class=\"elementor-widget-container\">\n<p style=\"text-align: left;\">\n<\/div>\n<\/div>\n<p>[\/et_pb_text][\/et_pb_column][\/et_pb_row][\/et_pb_section]<\/p>","protected":false},"excerpt":{"rendered":"<p>Contract Cost Details: The visa application and document translation fees are not included in the contract and are the responsibility of the students Provincial Scholarship: We manage the scholarship application process for the student and follow up the steps, but the decision and responsibility regarding the amount and payment of the scholarship remain with the [&hellip;]<\/p>","protected":false},"author":2,"featured_media":0,"parent":19932,"menu_order":0,"comment_status":"closed","ping_status":"closed","template":"","meta":{"_et_pb_use_builder":"on","_et_pb_old_content":"","_et_gb_content_width":"","footnotes":""},"class_list":["post-25065","page","type-page","status-publish","hentry"],"yoast_head":"<!-- This site is optimized with the Yoast SEO plugin v25.9 - https:\/\/yoast.com\/wordpress\/plugins\/seo\/ -->\n<title>Terms and conditions - Scolarship in italy | Admission in italy | study in italy<\/title>\n<meta name=\"description\" content=\"We discover the previous academic experience, the preferences, and if there are particular universities or programs that a student wishes\" \/>\n<meta name=\"robots\" content=\"index, follow, max-snippet:-1, max-image-preview:large, max-video-preview:-1\" \/>\n<link rel=\"canonical\" href=\"https:\/\/www.parexstudy.it\/tr\/i\u0307talyada-egi\u0307ti\u0307m\/sartlar-ve-kosullar\/\" \/>\n<meta property=\"og:locale\" content=\"tr_TR\" \/>\n<meta property=\"og:type\" content=\"article\" \/>\n<meta property=\"og:title\" content=\"Terms and conditions - Scolarship in italy | Admission in italy | study in italy\" \/>\n<meta property=\"og:description\" content=\"We discover the previous academic experience, the preferences, and if there are particular universities or programs that a student wishes\" \/>\n<meta property=\"og:url\" content=\"https:\/\/www.parexstudy.it\/tr\/i\u0307talyada-egi\u0307ti\u0307m\/sartlar-ve-kosullar\/\" \/>\n<meta property=\"og:site_name\" content=\"Parexstudy\" \/>\n<meta property=\"article:modified_time\" content=\"2025-04-07T08:51:37+00:00\" \/>\n<meta name=\"twitter:card\" content=\"summary_large_image\" \/>\n<meta name=\"twitter:label1\" content=\"Tahmini okuma s\u00fcresi\" \/>\n\t<meta name=\"twitter:data1\" content=\"4 dakika\" \/>\n<script type=\"application\/ld+json\" class=\"yoast-schema-graph\">{\"@context\":\"https:\/\/schema.org\",\"@graph\":[{\"@type\":\"WebPage\",\"@id\":\"https:\/\/www.parexstudy.it\/study-in-italy\/terms-and-conditions\/\",\"url\":\"https:\/\/www.parexstudy.it\/study-in-italy\/terms-and-conditions\/\",\"name\":\"Terms and conditions - Scolarship in italy | Admission in italy | study in italy\",\"isPartOf\":{\"@id\":\"https:\/\/www.parexstudy.it\/#website\"},\"datePublished\":\"2025-04-02T19:57:08+00:00\",\"dateModified\":\"2025-04-07T08:51:37+00:00\",\"description\":\"We discover the previous academic experience, the preferences, and if there are particular universities or programs that a student wishes\",\"breadcrumb\":{\"@id\":\"https:\/\/www.parexstudy.it\/study-in-italy\/terms-and-conditions\/#breadcrumb\"},\"inLanguage\":\"tr\",\"potentialAction\":[{\"@type\":\"ReadAction\",\"target\":[\"https:\/\/www.parexstudy.it\/study-in-italy\/terms-and-conditions\/\"]}]},{\"@type\":\"BreadcrumbList\",\"@id\":\"https:\/\/www.parexstudy.it\/study-in-italy\/terms-and-conditions\/#breadcrumb\",\"itemListElement\":[{\"@type\":\"ListItem\",\"position\":1,\"name\":\"Home\",\"item\":\"https:\/\/www.parexstudy.it\/\"},{\"@type\":\"ListItem\",\"position\":2,\"name\":\"Home ITALY\",\"item\":\"https:\/\/www.parexstudy.it\/\"},{\"@type\":\"ListItem\",\"position\":3,\"name\":\"Terms and conditions\"}]},{\"@type\":\"WebSite\",\"@id\":\"https:\/\/www.parexstudy.it\/#website\",\"url\":\"https:\/\/www.parexstudy.it\/\",\"name\":\"Parexstudy\",\"description\":\"Study, discover, love\",\"potentialAction\":[{\"@type\":\"SearchAction\",\"target\":{\"@type\":\"EntryPoint\",\"urlTemplate\":\"https:\/\/www.parexstudy.it\/?s={search_term_string}\"},\"query-input\":{\"@type\":\"PropertyValueSpecification\",\"valueRequired\":true,\"valueName\":\"search_term_string\"}}],\"inLanguage\":\"tr\"}]}<\/script>\n<!-- \/ Yoast SEO plugin. -->","yoast_head_json":{"title":"\u015eartlar ve ko\u015fullar - \u0130talya'da burs | \u0130talya'ya kabul | \u0130talya'da e\u011fitim","description":"\u00d6nceki akademik deneyimlerini, tercihlerini ve \u00f6\u011frencinin istedi\u011fi belirli \u00fcniversiteler veya programlar olup olmad\u0131\u011f\u0131n\u0131 ke\u015ffediyoruz.","robots":{"index":"index","follow":"follow","max-snippet":"max-snippet:-1","max-image-preview":"max-image-preview:large","max-video-preview":"max-video-preview:-1"},"canonical":"https:\/\/www.parexstudy.it\/tr\/i\u0307talyada-egi\u0307ti\u0307m\/sartlar-ve-kosullar\/","og_locale":"tr_TR","og_type":"article","og_title":"Terms and conditions - Scolarship in italy | Admission in italy | study in italy","og_description":"We discover the previous academic experience, the preferences, and if there are particular universities or programs that a student wishes","og_url":"https:\/\/www.parexstudy.it\/tr\/i\u0307talyada-egi\u0307ti\u0307m\/sartlar-ve-kosullar\/","og_site_name":"Parexstudy","article_modified_time":"2025-04-07T08:51:37+00:00","twitter_card":"summary_large_image","twitter_misc":{"Tahmini okuma s\u00fcresi":"4 dakika"},"schema":{"@context":"https:\/\/schema.org","@graph":[{"@type":"WebPage","@id":"https:\/\/www.parexstudy.it\/study-in-italy\/terms-and-conditions\/","url":"https:\/\/www.parexstudy.it\/study-in-italy\/terms-and-conditions\/","name":"\u015eartlar ve ko\u015fullar - \u0130talya'da burs | \u0130talya'ya kabul | \u0130talya'da e\u011fitim","isPartOf":{"@id":"https:\/\/www.parexstudy.it\/#website"},"datePublished":"2025-04-02T19:57:08+00:00","dateModified":"2025-04-07T08:51:37+00:00","description":"\u00d6nceki akademik deneyimlerini, tercihlerini ve \u00f6\u011frencinin istedi\u011fi belirli \u00fcniversiteler veya programlar olup olmad\u0131\u011f\u0131n\u0131 ke\u015ffediyoruz.","breadcrumb":{"@id":"https:\/\/www.parexstudy.it\/study-in-italy\/terms-and-conditions\/#breadcrumb"},"inLanguage":"tr","potentialAction":[{"@type":"ReadAction","target":["https:\/\/www.parexstudy.it\/study-in-italy\/terms-and-conditions\/"]}]},{"@type":"BreadcrumbList","@id":"https:\/\/www.parexstudy.it\/study-in-italy\/terms-and-conditions\/#breadcrumb","itemListElement":[{"@type":"ListItem","position":1,"name":"Home","item":"https:\/\/www.parexstudy.it\/"},{"@type":"ListItem","position":2,"name":"Home ITALY","item":"https:\/\/www.parexstudy.it\/"},{"@type":"ListItem","position":3,"name":"Terms and conditions"}]},{"@type":"WebSite","@id":"https:\/\/www.parexstudy.it\/#website","url":"https:\/\/www.parexstudy.it\/","name":"Parexstudy","description":"\u00d6\u011fren, Ke\u015ffet, Sev","potentialAction":[{"@type":"SearchAction","target":{"@type":"EntryPoint","urlTemplate":"https:\/\/www.parexstudy.it\/?s={search_term_string}"},"query-input":{"@type":"PropertyValueSpecification","valueRequired":true,"valueName":"search_term_string"}}],"inLanguage":"tr"}]}},"_links":{"self":[{"href":"https:\/\/www.parexstudy.it\/tr\/wp-json\/wp\/v2\/pages\/25065","targetHints":{"allow":["GET"]}}],"collection":[{"href":"https:\/\/www.parexstudy.it\/tr\/wp-json\/wp\/v2\/pages"}],"about":[{"href":"https:\/\/www.parexstudy.it\/tr\/wp-json\/wp\/v2\/types\/page"}],"author":[{"embeddable":true,"href":"https:\/\/www.parexstudy.it\/tr\/wp-json\/wp\/v2\/users\/2"}],"replies":[{"embeddable":true,"href":"https:\/\/www.parexstudy.it\/tr\/wp-json\/wp\/v2\/comments?post=25065"}],"version-history":[{"count":13,"href":"https:\/\/www.parexstudy.it\/tr\/wp-json\/wp\/v2\/pages\/25065\/revisions"}],"predecessor-version":[{"id":25122,"href":"https:\/\/www.parexstudy.it\/tr\/wp-json\/wp\/v2\/pages\/25065\/revisions\/25122"}],"up":[{"embeddable":true,"href":"https:\/\/www.parexstudy.it\/tr\/wp-json\/wp\/v2\/pages\/19932"}],"wp:attachment":[{"href":"https:\/\/www.parexstudy.it\/tr\/wp-json\/wp\/v2\/media?parent=25065"}],"curies":[{"name":"wp","href":"https:\/\/api.w.org\/{rel}","templated":true}]}}